{"id":8033,"date":"2021-03-12T13:23:46","date_gmt":"2021-03-12T11:23:46","guid":{"rendered":"https:\/\/hugas.lt\/?post_type=product&#038;p=8033"},"modified":"2025-11-06T13:25:58","modified_gmt":"2025-11-06T11:25:58","slug":"dvieju-lygiu-persirengimo-spintele","status":"publish","type":"product","link":"https:\/\/hugas.lt\/en\/product\/dvieju-lygiu-persirengimo-spintele\/","title":{"rendered":"Dviej\u0173 lygi\u0173 persirengimo spintel\u0117 1800x600x500 SO serija"},"content":{"rendered":"<h2>Dviej\u0173 lygi\u0173 persirengimo spintel\u0117 1800x600x500 SO serija<\/h2>\n<p>&nbsp;<\/p>\n<p>Metalin\u0117 persirengimo spintel\u0117 SO-300\/2-4 pagaminta i\u0161 storasienio 0,8mm lak\u0161tinio plieno ir nuda\u017eyta korozijai atsparia milteline emale, pilka spalva (RAL 7035). Tvirta ir patikima korpuso ir dureli\u0173 konstrukcija. Durel\u0117s suvirintos konstrukcijos ir papildomai sustiprintos standumo briaunomis. Unikalaus dizaino ventiliacin\u0117s angos dureli\u0173 vir\u0161uje ir apa\u010dioje. Sumontuoti guminiai amortizatoriai tyliam dureli\u0173 u\u017edarymui. Guminiai padeliai po spintos cokoliu. Centrinis u\u017eraktas (2 raktai). Kiekvienas spintel\u0117s skyrius turi lentyn\u0117l\u0119 ir skersin\u012f pakaboms.<\/p>\n<p>&nbsp;<\/p>\n<p><img decoding=\"async\" class=\"alignnone size-medium wp-image-8444 litespeed-loaded\" src=\"https:\/\/hugas.lt\/wp-content\/uploads\/2020\/07\/persirengimo-spintele-1-257x300.jpg\" sizes=\"(max-width: 257px) 100vw, 257px\" srcset=\"https:\/\/hugas.lt\/wp-content\/uploads\/2020\/07\/persirengimo-spintele-1-257x300.jpg 257w, https:\/\/hugas.lt\/wp-content\/uploads\/2020\/07\/persirengimo-spintele-1-877x1024.jpg 877w, https:\/\/hugas.lt\/wp-content\/uploads\/2020\/07\/persirengimo-spintele-1-768x897.jpg 768w, https:\/\/hugas.lt\/wp-content\/uploads\/2020\/07\/persirengimo-spintele-1-510x595.jpg 510w, https:\/\/hugas.lt\/wp-content\/uploads\/2020\/07\/persirengimo-spintele-1-64x75.jpg 64w, https:\/\/hugas.lt\/wp-content\/uploads\/2020\/07\/persirengimo-spintele-1.jpg 925w\" alt=\"\" width=\"257\" height=\"300\" data-lazyloaded=\"1\" data-src=\"https:\/\/hugas.lt\/wp-content\/uploads\/2020\/07\/persirengimo-spintele-1-257x300.jpg\" data-srcset=\"https:\/\/hugas.lt\/wp-content\/uploads\/2020\/07\/persirengimo-spintele-1-257x300.jpg 257w, https:\/\/hugas.lt\/wp-content\/uploads\/2020\/07\/persirengimo-spintele-1-877x1024.jpg 877w, https:\/\/hugas.lt\/wp-content\/uploads\/2020\/07\/persirengimo-spintele-1-768x897.jpg 768w, https:\/\/hugas.lt\/wp-content\/uploads\/2020\/07\/persirengimo-spintele-1-510x595.jpg 510w, https:\/\/hugas.lt\/wp-content\/uploads\/2020\/07\/persirengimo-spintele-1-64x75.jpg 64w, https:\/\/hugas.lt\/wp-content\/uploads\/2020\/07\/persirengimo-spintele-1.jpg 925w\" data-sizes=\"(max-width: 257px) 100vw, 257px\" data-was-processed=\"true\" \/> <img decoding=\"async\" class=\"alignnone size-medium wp-image-8040\" src=\"https:\/\/hugas.lt\/wp-content\/uploads\/2021\/03\/keliu-lygiu-persirengimo-spinta-so-300-2-4-sonu-185x300.png\" alt=\"\" width=\"185\" height=\"300\" srcset=\"https:\/\/hugas.lt\/wp-content\/uploads\/2021\/03\/keliu-lygiu-persirengimo-spinta-so-300-2-4-sonu-185x300.png 185w, https:\/\/hugas.lt\/wp-content\/uploads\/2021\/03\/keliu-lygiu-persirengimo-spinta-so-300-2-4-sonu-630x1024.png 630w, https:\/\/hugas.lt\/wp-content\/uploads\/2021\/03\/keliu-lygiu-persirengimo-spinta-so-300-2-4-sonu-768x1248.png 768w, https:\/\/hugas.lt\/wp-content\/uploads\/2021\/03\/keliu-lygiu-persirengimo-spinta-so-300-2-4-sonu-945x1536.png 945w, https:\/\/hugas.lt\/wp-content\/uploads\/2021\/03\/keliu-lygiu-persirengimo-spinta-so-300-2-4-sonu-510x829.png 510w, https:\/\/hugas.lt\/wp-content\/uploads\/2021\/03\/keliu-lygiu-persirengimo-spinta-so-300-2-4-sonu-64x104.png 64w, https:\/\/hugas.lt\/wp-content\/uploads\/2021\/03\/keliu-lygiu-persirengimo-spinta-so-300-2-4-sonu.png 1134w\" sizes=\"(max-width: 185px) 100vw, 185px\" \/><\/p>\n<p>Metaliniai baldai \u2013 vienas populiariausi\u0173 m\u016bs\u0173 si\u016blom\u0173 produkt\u0173. Persirengimo spintos naudojamos r\u016bbin\u0117se darbuotoj\u0173 r\u016bbams ir asmeniniams daiktams laikyti. \u0160ias persirengimo spinteles naudoja \u012fvairi\u0173 sri\u010di\u0173 m\u016bs\u0173 klientai, tai maisto pramon\u0117s, sand\u0117li\u0173, gamybini\u0173, prekybini\u0173 \u012fmoni\u0173 patalpose. \u0160ios r\u016bb\u0173 spintel\u0117s yra tvirtos, lengvai valomos ir eksploatuojamos. Durel\u0117se \u012fmontuotos angos ventiliacijai u\u017etikrina oro cirkuliacij\u0105, Jei tenka persirengimo spintel\u0117je vienu metu kabinti darbinius ir \u0161varius kasdienius drabu\u017eius, o pergyvenate, kad nepageidaujami kvapai ar purvas gali persiduoti, rekomenduojame rinktis\u00a0<a href=\"https:\/\/hugas.lt\/en\/product\/persirengimo-spintele-1800x800x500\/\">https:\/\/hugas.lt\/produktas\/persirengimo-spintele-1800x800x500\/<\/a>\u00a0Vienoje persirengimo spintel\u0117s sekcijoje tur\u0117site dvi ertmes, \u0161variems ir darbiniams drabu\u017eiams laikyti.<\/p>\n<p><img decoding=\"async\" class=\"alignnone size-medium wp-image-8474\" src=\"https:\/\/hugas.lt\/wp-content\/uploads\/2021\/03\/odezhnye_shkafy_metallicheskie-300x200.jpg\" alt=\"\" width=\"300\" height=\"200\" srcset=\"https:\/\/hugas.lt\/wp-content\/uploads\/2021\/03\/odezhnye_shkafy_metallicheskie-300x200.jpg 300w, https:\/\/hugas.lt\/wp-content\/uploads\/2021\/03\/odezhnye_shkafy_metallicheskie-768x512.jpg 768w, https:\/\/hugas.lt\/wp-content\/uploads\/2021\/03\/odezhnye_shkafy_metallicheskie-510x340.jpg 510w, https:\/\/hugas.lt\/wp-content\/uploads\/2021\/03\/odezhnye_shkafy_metallicheskie-64x43.jpg 64w, https:\/\/hugas.lt\/wp-content\/uploads\/2021\/03\/odezhnye_shkafy_metallicheskie.jpg 900w\" sizes=\"(max-width: 300px) 100vw, 300px\" \/> <img decoding=\"async\" class=\"alignnone size-medium wp-image-8473\" src=\"https:\/\/hugas.lt\/wp-content\/uploads\/2021\/03\/odezhnye_shkafy_metallicheskie-1-300x200.jpg\" alt=\"\" width=\"300\" height=\"200\" srcset=\"https:\/\/hugas.lt\/wp-content\/uploads\/2021\/03\/odezhnye_shkafy_metallicheskie-1-300x200.jpg 300w, https:\/\/hugas.lt\/wp-content\/uploads\/2021\/03\/odezhnye_shkafy_metallicheskie-1-768x512.jpg 768w, https:\/\/hugas.lt\/wp-content\/uploads\/2021\/03\/odezhnye_shkafy_metallicheskie-1-510x340.jpg 510w, https:\/\/hugas.lt\/wp-content\/uploads\/2021\/03\/odezhnye_shkafy_metallicheskie-1-64x43.jpg 64w, https:\/\/hugas.lt\/wp-content\/uploads\/2021\/03\/odezhnye_shkafy_metallicheskie-1.jpg 900w\" sizes=\"(max-width: 300px) 100vw, 300px\" \/><\/p>","protected":false},"excerpt":{"rendered":"<p>Auk\u0161tis \u2013 1800mm;<\/p>\n<p>Gylis \u2013 500mm;<\/p>\n<p>Plotis \u2013 600mm;<\/p>\n<p>Med\u017eiaga \u2013 0,8 mm. plienas;<\/p>\n<p>Padengimas \u2013 miltelinis.<\/p>\n<p>Spalva \u2013 RAL7035<\/p>\n<p>Svoris \u2013 34,52 kg.<\/p>\n<p>U\u017eraktas \u2013 cilindrinis, 2 raktai komplekte.<\/p>","protected":false},"featured_media":8038,"comment_status":"open","ping_status":"closed","template":"","meta":[],"product_cat":[19,74,35,36],"product_tag":[],"_links":{"self":[{"href":"https:\/\/hugas.lt\/en\/wp-json\/wp\/v2\/product\/8033"}],"collection":[{"href":"https:\/\/hugas.lt\/en\/wp-json\/wp\/v2\/product"}],"about":[{"href":"https:\/\/hugas.lt\/en\/wp-json\/wp\/v2\/types\/product"}],"replies":[{"embeddable":true,"href":"https:\/\/hugas.lt\/en\/wp-json\/wp\/v2\/comments?post=8033"}],"wp:featuredmedia":[{"embeddable":true,"href":"https:\/\/hugas.lt\/en\/wp-json\/wp\/v2\/media\/8038"}],"wp:attachment":[{"href":"https:\/\/hugas.lt\/en\/wp-json\/wp\/v2\/media?parent=8033"}],"wp:term":[{"taxonomy":"product_cat","embeddable":true,"href":"https:\/\/hugas.lt\/en\/wp-json\/wp\/v2\/product_cat?post=8033"},{"taxonomy":"product_tag","embeddable":true,"href":"https:\/\/hugas.lt\/en\/wp-json\/wp\/v2\/product_tag?post=8033"}],"curies":[{"name":"wp","href":"https:\/\/api.w.org\/{rel}","templated":true}]}}