{"id":7978,"date":"2021-03-10T11:03:52","date_gmt":"2021-03-10T09:03:52","guid":{"rendered":"https:\/\/hugas.lt\/?post_type=product&#038;p=7978"},"modified":"2023-01-22T13:33:03","modified_gmt":"2023-01-22T11:33:03","slug":"universali-spintele-1800x800x500","status":"publish","type":"product","link":"https:\/\/hugas.lt\/en\/product\/universali-spintele-1800x800x500\/","title":{"rendered":"Universali spintel\u0117 1800x800x500"},"content":{"rendered":"<h2>Universali spintel\u0117<\/h2>\n<p>&nbsp;<\/p>\n<h4>Techniniai duomenys:<\/h4>\n<p>1800x800x500<\/p>\n<p>dviej\u0173 dur\u0173<\/p>\n<p>durys rakinamos, komplekte po 2 raktus.<\/p>\n<p>pagaminta i\u0161 0,8mm plieno.<\/p>\n<p>vienoje pus\u0117je kartel\u0117 pakaboms su 2 kabliukais, kitoje 5 lentynos.<\/p>\n<p>plastikin\u0117s kojel\u0117s po cokoliu.<\/p>\n<p>pagaminta i\u0161 0,8 mm storio plieno ir nuda\u017eyta korozijai atsparia milteline emale RAL7035. Spintel\u0117s kair\u0117je pus\u0117je yra 4 nereguliuojamo auk\u0161\u010dio lentynos. De\u0161in\u0117je pus\u0117je \u2013 vieta pakabinamiems daiktams, r\u016bbams. Dvigubos ventiliacin\u0117s angos dureli\u0173 vir\u0161uje ir apa\u010dioje. Durel\u0117se \u012fmontuotas centrinis u\u017eraktas su dviem raktais. Spintel\u0117 puikiai tiks vie\u0161bu\u010diuose, logistikos centruose, darbuotoj\u0173 r\u016bbin\u0117se.<\/p>\n<p><img decoding=\"async\" class=\"size-medium wp-image-7982 aligncenter\" src=\"https:\/\/hugas.lt\/wp-content\/uploads\/2021\/03\/IMG_0540-3-190x300.png\" alt=\"Universali spintel\u0117\" width=\"190\" height=\"300\" srcset=\"https:\/\/hugas.lt\/wp-content\/uploads\/2021\/03\/IMG_0540-3-190x300.png 190w, https:\/\/hugas.lt\/wp-content\/uploads\/2021\/03\/IMG_0540-3-647x1024.png 647w, https:\/\/hugas.lt\/wp-content\/uploads\/2021\/03\/IMG_0540-3-768x1215.png 768w, https:\/\/hugas.lt\/wp-content\/uploads\/2021\/03\/IMG_0540-3-971x1536.png 971w, https:\/\/hugas.lt\/wp-content\/uploads\/2021\/03\/IMG_0540-3-1294x2048.png 1294w, https:\/\/hugas.lt\/wp-content\/uploads\/2021\/03\/IMG_0540-3-8x12.png 8w, https:\/\/hugas.lt\/wp-content\/uploads\/2021\/03\/IMG_0540-3-510x807.png 510w, https:\/\/hugas.lt\/wp-content\/uploads\/2021\/03\/IMG_0540-3-64x101.png 64w, https:\/\/hugas.lt\/wp-content\/uploads\/2021\/03\/IMG_0540-3.png 1456w\" sizes=\"(max-width: 190px) 100vw, 190px\" \/><\/p>","protected":false},"excerpt":{"rendered":"<p>Tvirta, patikima ir ilgaam\u017e\u0117 universali spintel\u0117.<\/p>","protected":false},"featured_media":7982,"comment_status":"open","ping_status":"closed","template":"","meta":[],"product_cat":[19,83],"product_tag":[],"_links":{"self":[{"href":"https:\/\/hugas.lt\/en\/wp-json\/wp\/v2\/product\/7978"}],"collection":[{"href":"https:\/\/hugas.lt\/en\/wp-json\/wp\/v2\/product"}],"about":[{"href":"https:\/\/hugas.lt\/en\/wp-json\/wp\/v2\/types\/product"}],"replies":[{"embeddable":true,"href":"https:\/\/hugas.lt\/en\/wp-json\/wp\/v2\/comments?post=7978"}],"wp:featuredmedia":[{"embeddable":true,"href":"https:\/\/hugas.lt\/en\/wp-json\/wp\/v2\/media\/7982"}],"wp:attachment":[{"href":"https:\/\/hugas.lt\/en\/wp-json\/wp\/v2\/media?parent=7978"}],"wp:term":[{"taxonomy":"product_cat","embeddable":true,"href":"https:\/\/hugas.lt\/en\/wp-json\/wp\/v2\/product_cat?post=7978"},{"taxonomy":"product_tag","embeddable":true,"href":"https:\/\/hugas.lt\/en\/wp-json\/wp\/v2\/product_tag?post=7978"}],"curies":[{"name":"wp","href":"https:\/\/api.w.org\/{rel}","templated":true}]}}