{"id":7973,"date":"2021-03-10T10:29:02","date_gmt":"2021-03-10T08:29:02","guid":{"rendered":"https:\/\/hugas.lt\/?post_type=product&#038;p=7973"},"modified":"2023-01-31T09:24:03","modified_gmt":"2023-01-31T07:24:03","slug":"issiverciantis-600ltr-konteineris-atviras","status":"publish","type":"product","link":"https:\/\/hugas.lt\/en\/product\/issiverciantis-600ltr-konteineris-atviras\/","title":{"rendered":"I\u0161siver\u010diantis 600ltr konteineris, atviras"},"content":{"rendered":"<h2>I\u0161siver\u010diantis konteineris<\/h2>\n<p>&nbsp;<\/p>\n<p>Konteineris yra pagamintas i\u0161 auk\u0161tos kokyb\u0117s plieno, kuris suformuoja tvirt\u0105 korpus\u0105. Jis padengtas miltelini\u0173 da\u017e\u0173 sluoksniu, kuris apsaugo nuo mechanini\u0173 pa\u017eeidim\u0173 bei korozijos.<\/p>\n<p>Matmenys:<\/p>\n<p>Plotis 1000mm<\/p>\n<p>Ilgis 1400mm<\/p>\n<p>Auk\u0161tis 850mm<\/p>\n<p>Atviras<\/p>\n<p><img decoding=\"async\" class=\"size-medium wp-image-7974 aligncenter\" src=\"https:\/\/hugas.lt\/wp-content\/uploads\/2021\/03\/samooprokidyvayushchiysya_konteyner_dlya_musora-300x283.jpeg\" alt=\"konteineris\" width=\"300\" height=\"283\" srcset=\"https:\/\/hugas.lt\/wp-content\/uploads\/2021\/03\/samooprokidyvayushchiysya_konteyner_dlya_musora-300x283.jpeg 300w, https:\/\/hugas.lt\/wp-content\/uploads\/2021\/03\/samooprokidyvayushchiysya_konteyner_dlya_musora-13x12.jpeg 13w, https:\/\/hugas.lt\/wp-content\/uploads\/2021\/03\/samooprokidyvayushchiysya_konteyner_dlya_musora-510x480.jpeg 510w, https:\/\/hugas.lt\/wp-content\/uploads\/2021\/03\/samooprokidyvayushchiysya_konteyner_dlya_musora-64x60.jpeg 64w, https:\/\/hugas.lt\/wp-content\/uploads\/2021\/03\/samooprokidyvayushchiysya_konteyner_dlya_musora.jpeg 743w\" sizes=\"(max-width: 300px) 100vw, 300px\" \/><\/p>","protected":false},"excerpt":{"rendered":"<p>Tvirtas, patikimas ir ilgaam\u017eis i\u0161ver\u010diamas konteineris.<\/p>","protected":false},"featured_media":7974,"comment_status":"open","ping_status":"closed","template":"","meta":[],"product_cat":[20,61],"product_tag":[],"_links":{"self":[{"href":"https:\/\/hugas.lt\/en\/wp-json\/wp\/v2\/product\/7973"}],"collection":[{"href":"https:\/\/hugas.lt\/en\/wp-json\/wp\/v2\/product"}],"about":[{"href":"https:\/\/hugas.lt\/en\/wp-json\/wp\/v2\/types\/product"}],"replies":[{"embeddable":true,"href":"https:\/\/hugas.lt\/en\/wp-json\/wp\/v2\/comments?post=7973"}],"wp:featuredmedia":[{"embeddable":true,"href":"https:\/\/hugas.lt\/en\/wp-json\/wp\/v2\/media\/7974"}],"wp:attachment":[{"href":"https:\/\/hugas.lt\/en\/wp-json\/wp\/v2\/media?parent=7973"}],"wp:term":[{"taxonomy":"product_cat","embeddable":true,"href":"https:\/\/hugas.lt\/en\/wp-json\/wp\/v2\/product_cat?post=7973"},{"taxonomy":"product_tag","embeddable":true,"href":"https:\/\/hugas.lt\/en\/wp-json\/wp\/v2\/product_tag?post=7973"}],"curies":[{"name":"wp","href":"https:\/\/api.w.org\/{rel}","templated":true}]}}