{"id":7968,"date":"2021-03-10T10:28:16","date_gmt":"2021-03-10T08:28:16","guid":{"rendered":"https:\/\/hugas.lt\/?post_type=product&#038;p=7968"},"modified":"2023-01-31T09:24:50","modified_gmt":"2023-01-31T07:24:50","slug":"issiverciantis-600ltr-konteineris-uzdaras","status":"publish","type":"product","link":"https:\/\/hugas.lt\/en\/product\/issiverciantis-600ltr-konteineris-uzdaras\/","title":{"rendered":"I\u0161siver\u010diantis 600ltr konteineris, u\u017edaras"},"content":{"rendered":"<h2>I\u0161siver\u010diantis konteineris<\/h2>\n<p>&nbsp;<\/p>\n<p>Konteineris yra pagamintas i\u0161 auk\u0161tos kokyb\u0117s plieno, kuris suformuoja tvirt\u0105 korpus\u0105. Jis padengtas miltelini\u0173 da\u017e\u0173 sluoksniu, kuris apsaugo nuo mechanini\u0173 pa\u017eeidim\u0173 bei korozijos.<\/p>\n<p>Matmenys:<\/p>\n<p>Plotis 1000mm<\/p>\n<p>Ilgis 1400mm<\/p>\n<p>Auk\u0161tis 1160mm<\/p>\n<p>U\u017edaras<\/p>\n<p><img decoding=\"async\" class=\"size-medium wp-image-7969 aligncenter\" src=\"https:\/\/hugas.lt\/wp-content\/uploads\/2021\/03\/konteynery_dlya_musora-300x276.jpeg\" alt=\"konteineris\" width=\"300\" height=\"276\" srcset=\"https:\/\/hugas.lt\/wp-content\/uploads\/2021\/03\/konteynery_dlya_musora-300x276.jpeg 300w, https:\/\/hugas.lt\/wp-content\/uploads\/2021\/03\/konteynery_dlya_musora-13x12.jpeg 13w, https:\/\/hugas.lt\/wp-content\/uploads\/2021\/03\/konteynery_dlya_musora-510x469.jpeg 510w, https:\/\/hugas.lt\/wp-content\/uploads\/2021\/03\/konteynery_dlya_musora-64x59.jpeg 64w, https:\/\/hugas.lt\/wp-content\/uploads\/2021\/03\/konteynery_dlya_musora.jpeg 761w\" sizes=\"(max-width: 300px) 100vw, 300px\" \/><\/p>","protected":false},"excerpt":{"rendered":"<p>Tvirtas, patikimas ir ilgaam\u017eis i\u0161ver\u010diamas konteineris.<\/p>","protected":false},"featured_media":7969,"comment_status":"open","ping_status":"closed","template":"","meta":[],"product_cat":[20,61],"product_tag":[],"_links":{"self":[{"href":"https:\/\/hugas.lt\/en\/wp-json\/wp\/v2\/product\/7968"}],"collection":[{"href":"https:\/\/hugas.lt\/en\/wp-json\/wp\/v2\/product"}],"about":[{"href":"https:\/\/hugas.lt\/en\/wp-json\/wp\/v2\/types\/product"}],"replies":[{"embeddable":true,"href":"https:\/\/hugas.lt\/en\/wp-json\/wp\/v2\/comments?post=7968"}],"wp:featuredmedia":[{"embeddable":true,"href":"https:\/\/hugas.lt\/en\/wp-json\/wp\/v2\/media\/7969"}],"wp:attachment":[{"href":"https:\/\/hugas.lt\/en\/wp-json\/wp\/v2\/media?parent=7968"}],"wp:term":[{"taxonomy":"product_cat","embeddable":true,"href":"https:\/\/hugas.lt\/en\/wp-json\/wp\/v2\/product_cat?post=7968"},{"taxonomy":"product_tag","embeddable":true,"href":"https:\/\/hugas.lt\/en\/wp-json\/wp\/v2\/product_tag?post=7968"}],"curies":[{"name":"wp","href":"https:\/\/api.w.org\/{rel}","templated":true}]}}