{"id":7951,"date":"2021-03-09T14:47:00","date_gmt":"2021-03-09T12:47:00","guid":{"rendered":"https:\/\/hugas.lt\/?post_type=product&#038;p=7951"},"modified":"2026-01-14T12:24:32","modified_gmt":"2026-01-14T10:24:32","slug":"spintele-i-automobili-1500x410x935","status":"publish","type":"product","link":"https:\/\/hugas.lt\/en\/product\/spintele-i-automobili-1500x410x935\/","title":{"rendered":"Spintel\u0117 \u012f automobil\u012f 1500x410x935"},"content":{"rendered":"<h2>Spintel\u0117 \u012f automobil\u012f<\/h2>\n<h4><\/h4>\n<p>Spintel\u0117 yra pagaminta i\u0161 auk\u0161tos kokyb\u0117s plieno, kuris suformuoja tvirt\u0105 korpus\u0105. Ji padengta miltelini\u0173 da\u017e\u0173 sluoksniu, kuris apsaugo nuo mechanini\u0173 pa\u017eeidim\u0173 bei korozijos. Lengvas svoris palengvina produkt\u0173 gabenim\u0105. \u0160is produktas yra skirtas mobiliai darbo vietai sukurti.<\/p>\n<p>Matmenys: 1500x410x935<\/p>\n<p>1 u\u017edaroma spintel\u0117, 9 stal\u010diukai.<\/p>\n<p>Vir\u0161us &#8211; 30 mm fanera<\/p>\n<p><img decoding=\"async\" class=\"size-medium wp-image-7952 aligncenter\" src=\"https:\/\/hugas.lt\/wp-content\/uploads\/2021\/03\/22-276x300.png\" alt=\"spintele i automobili\" width=\"276\" height=\"300\" srcset=\"https:\/\/hugas.lt\/wp-content\/uploads\/2021\/03\/22-276x300.png 276w, https:\/\/hugas.lt\/wp-content\/uploads\/2021\/03\/22-768x835.png 768w, https:\/\/hugas.lt\/wp-content\/uploads\/2021\/03\/22-11x12.png 11w, https:\/\/hugas.lt\/wp-content\/uploads\/2021\/03\/22-510x554.png 510w, https:\/\/hugas.lt\/wp-content\/uploads\/2021\/03\/22-64x70.png 64w, https:\/\/hugas.lt\/wp-content\/uploads\/2021\/03\/22.png 785w\" sizes=\"(max-width: 276px) 100vw, 276px\" \/><\/p>","protected":false},"excerpt":{"rendered":"<p>Tvirta, patikima ir ilgaam\u017e\u0117 spintel\u0117 \u012f automobil\u012f mobilios darbo vietos suk\u016brimui.<\/p>","protected":false},"featured_media":7952,"comment_status":"open","ping_status":"closed","template":"","meta":[],"product_cat":[20,60],"product_tag":[],"_links":{"self":[{"href":"https:\/\/hugas.lt\/en\/wp-json\/wp\/v2\/product\/7951"}],"collection":[{"href":"https:\/\/hugas.lt\/en\/wp-json\/wp\/v2\/product"}],"about":[{"href":"https:\/\/hugas.lt\/en\/wp-json\/wp\/v2\/types\/product"}],"replies":[{"embeddable":true,"href":"https:\/\/hugas.lt\/en\/wp-json\/wp\/v2\/comments?post=7951"}],"wp:featuredmedia":[{"embeddable":true,"href":"https:\/\/hugas.lt\/en\/wp-json\/wp\/v2\/media\/7952"}],"wp:attachment":[{"href":"https:\/\/hugas.lt\/en\/wp-json\/wp\/v2\/media?parent=7951"}],"wp:term":[{"taxonomy":"product_cat","embeddable":true,"href":"https:\/\/hugas.lt\/en\/wp-json\/wp\/v2\/product_cat?post=7951"},{"taxonomy":"product_tag","embeddable":true,"href":"https:\/\/hugas.lt\/en\/wp-json\/wp\/v2\/product_tag?post=7951"}],"curies":[{"name":"wp","href":"https:\/\/api.w.org\/{rel}","templated":true}]}}