{"id":7946,"date":"2021-03-09T14:39:09","date_gmt":"2021-03-09T12:39:09","guid":{"rendered":"https:\/\/hugas.lt\/?post_type=product&#038;p=7946"},"modified":"2026-01-14T12:22:15","modified_gmt":"2026-01-14T10:22:15","slug":"spintele-i-automobili-1250x410x935-2","status":"publish","type":"product","link":"https:\/\/hugas.lt\/en\/product\/spintele-i-automobili-1250x410x935-2\/","title":{"rendered":"Spintel\u0117 \u012f automobil\u012f 1250x410x935"},"content":{"rendered":"<h2>Spintel\u0117 \u012f automobil\u012f<\/h2>\n<p>&nbsp;<\/p>\n<p>Spintel\u0117 yra pagaminta i\u0161 auk\u0161tos kokyb\u0117s plieno, kuris suformuoja tvirt\u0105 korpus\u0105. Ji padengta miltelini\u0173 da\u017e\u0173 sluoksniu, kuris apsaugo nuo mechanini\u0173 pa\u017eeidim\u0173 bei korozijos. Lengvas svoris palengvina produkt\u0173 gabenim\u0105. \u0160is produktas yra skirtas mobiliai darbo vietai sukurti.<\/p>\n<p>Matmenys: 1250x410x935<\/p>\n<p>1 u\u017edaroma spintel\u0117, 3 stal\u010diukai, 1 u\u017edaromas bortas, 1 lentyna.<\/p>\n<p>Vir\u0161us &#8211; 30mm fanera<\/p>\n<p><img decoding=\"async\" class=\"aligncenter wp-image-7947 size-medium\" src=\"https:\/\/hugas.lt\/wp-content\/uploads\/2021\/03\/12-250x300.png\" alt=\"spintel\u0117 \u012f automobil\u012f\" width=\"250\" height=\"300\" srcset=\"https:\/\/hugas.lt\/wp-content\/uploads\/2021\/03\/12-250x300.png 250w, https:\/\/hugas.lt\/wp-content\/uploads\/2021\/03\/12-768x922.png 768w, https:\/\/hugas.lt\/wp-content\/uploads\/2021\/03\/12-10x12.png 10w, https:\/\/hugas.lt\/wp-content\/uploads\/2021\/03\/12-510x613.png 510w, https:\/\/hugas.lt\/wp-content\/uploads\/2021\/03\/12-64x77.png 64w, https:\/\/hugas.lt\/wp-content\/uploads\/2021\/03\/12.png 816w\" sizes=\"(max-width: 250px) 100vw, 250px\" \/><\/p>","protected":false},"excerpt":{"rendered":"<p>Tvirta, patikima ir ilgaam\u017e\u0117 spintel\u0117 \u012f automobil\u012f mobilios darbo vietos suk\u016brimui.<\/p>","protected":false},"featured_media":7947,"comment_status":"open","ping_status":"closed","template":"","meta":[],"product_cat":[20,60],"product_tag":[],"_links":{"self":[{"href":"https:\/\/hugas.lt\/en\/wp-json\/wp\/v2\/product\/7946"}],"collection":[{"href":"https:\/\/hugas.lt\/en\/wp-json\/wp\/v2\/product"}],"about":[{"href":"https:\/\/hugas.lt\/en\/wp-json\/wp\/v2\/types\/product"}],"replies":[{"embeddable":true,"href":"https:\/\/hugas.lt\/en\/wp-json\/wp\/v2\/comments?post=7946"}],"wp:featuredmedia":[{"embeddable":true,"href":"https:\/\/hugas.lt\/en\/wp-json\/wp\/v2\/media\/7947"}],"wp:attachment":[{"href":"https:\/\/hugas.lt\/en\/wp-json\/wp\/v2\/media?parent=7946"}],"wp:term":[{"taxonomy":"product_cat","embeddable":true,"href":"https:\/\/hugas.lt\/en\/wp-json\/wp\/v2\/product_cat?post=7946"},{"taxonomy":"product_tag","embeddable":true,"href":"https:\/\/hugas.lt\/en\/wp-json\/wp\/v2\/product_tag?post=7946"}],"curies":[{"name":"wp","href":"https:\/\/api.w.org\/{rel}","templated":true}]}}