{"id":7929,"date":"2021-03-09T13:58:35","date_gmt":"2021-03-09T11:58:35","guid":{"rendered":"https:\/\/hugas.lt\/?post_type=product&#038;p=7929"},"modified":"2026-01-14T12:14:36","modified_gmt":"2026-01-14T10:14:36","slug":"spintele-i-automobili-1000x410x935","status":"publish","type":"product","link":"https:\/\/hugas.lt\/en\/product\/spintele-i-automobili-1000x410x935\/","title":{"rendered":"Spintel\u0117 \u012f automobil\u012f 1000x410x935"},"content":{"rendered":"<h2>Spintel\u0117 \u012f automobil\u012f<\/h2>\n<h4><\/h4>\n<p>Spintel\u0117 yra pagaminta i\u0161 auk\u0161tos kokyb\u0117s plieno, kuris suformuoja tvirt\u0105 korpus\u0105. Ji padengta miltelini\u0173 da\u017e\u0173 sluoksniu, kuris apsaugo nuo mechanini\u0173 pa\u017eeidim\u0173 bei korozijos. Lengvas svoris palengvina produkt\u0173 gabenim\u0105. \u0160is produktas yra skirtas mobiliai darbo vietai sukurti.<\/p>\n<p>Matmenys: 1000x410x935<\/p>\n<p>1 u\u017edaroma spintel\u0117, 8 stal\u010diukai.<\/p>\n<p>Vir\u0161us &#8211; 30 mm fanera<img decoding=\"async\" class=\"size-medium wp-image-7930 aligncenter\" src=\"https:\/\/hugas.lt\/wp-content\/uploads\/2021\/03\/4-251x300.png\" alt=\"spintele i automobili\" width=\"251\" height=\"300\" srcset=\"https:\/\/hugas.lt\/wp-content\/uploads\/2021\/03\/4-251x300.png 251w, https:\/\/hugas.lt\/wp-content\/uploads\/2021\/03\/4-858x1024.png 858w, https:\/\/hugas.lt\/wp-content\/uploads\/2021\/03\/4-768x917.png 768w, https:\/\/hugas.lt\/wp-content\/uploads\/2021\/03\/4-10x12.png 10w, https:\/\/hugas.lt\/wp-content\/uploads\/2021\/03\/4-510x609.png 510w, https:\/\/hugas.lt\/wp-content\/uploads\/2021\/03\/4-64x76.png 64w, https:\/\/hugas.lt\/wp-content\/uploads\/2021\/03\/4.png 918w\" sizes=\"(max-width: 251px) 100vw, 251px\" \/><\/p>","protected":false},"excerpt":{"rendered":"<p>Tvirta, patikima ir ilgaam\u017e\u0117 spintel\u0117 \u012f automobil\u012f mobilios darbo vietos suk\u016brimui.<\/p>","protected":false},"featured_media":7930,"comment_status":"open","ping_status":"closed","template":"","meta":[],"product_cat":[20,60],"product_tag":[],"_links":{"self":[{"href":"https:\/\/hugas.lt\/en\/wp-json\/wp\/v2\/product\/7929"}],"collection":[{"href":"https:\/\/hugas.lt\/en\/wp-json\/wp\/v2\/product"}],"about":[{"href":"https:\/\/hugas.lt\/en\/wp-json\/wp\/v2\/types\/product"}],"replies":[{"embeddable":true,"href":"https:\/\/hugas.lt\/en\/wp-json\/wp\/v2\/comments?post=7929"}],"wp:featuredmedia":[{"embeddable":true,"href":"https:\/\/hugas.lt\/en\/wp-json\/wp\/v2\/media\/7930"}],"wp:attachment":[{"href":"https:\/\/hugas.lt\/en\/wp-json\/wp\/v2\/media?parent=7929"}],"wp:term":[{"taxonomy":"product_cat","embeddable":true,"href":"https:\/\/hugas.lt\/en\/wp-json\/wp\/v2\/product_cat?post=7929"},{"taxonomy":"product_tag","embeddable":true,"href":"https:\/\/hugas.lt\/en\/wp-json\/wp\/v2\/product_tag?post=7929"}],"curies":[{"name":"wp","href":"https:\/\/api.w.org\/{rel}","templated":true}]}}