{"id":7927,"date":"2021-03-09T13:56:05","date_gmt":"2021-03-09T11:56:05","guid":{"rendered":"https:\/\/hugas.lt\/?post_type=product&#038;p=7927"},"modified":"2026-01-14T12:13:31","modified_gmt":"2026-01-14T10:13:31","slug":"spintele-i-automobili-1000x410x1005-3","status":"publish","type":"product","link":"https:\/\/hugas.lt\/en\/product\/spintele-i-automobili-1000x410x1005-3\/","title":{"rendered":"Spintel\u0117 \u012f automobil\u012f 1000x410x1005"},"content":{"rendered":"<h2>Spintel\u0117 \u012f automobil\u012f<\/h2>\n<p>&nbsp;<\/p>\n<p>Spintel\u0117 yra pagaminta i\u0161 auk\u0161tos kokyb\u0117s plieno, kuris suformuoja tvirt\u0105 korpus\u0105. Ji padengta miltelini\u0173 da\u017e\u0173 sluoksniu, kuris apsaugo nuo mechanini\u0173 pa\u017eeidim\u0173 bei korozijos. Lengvas svoris palengvina produkt\u0173 gabenim\u0105. \u0160is produktas yra skirtas mobiliai darbo vietai sukurti.<\/p>\n<p>Matmenys: 1000x410x1005<\/p>\n<p>1 u\u017edaroma spintel\u0117, 8 stal\u010diukai.<\/p>\n<p>Vir\u0161us &#8211; bortai<\/p>\n<p><img decoding=\"async\" class=\"size-medium wp-image-7928 aligncenter\" src=\"https:\/\/hugas.lt\/wp-content\/uploads\/2021\/03\/avtomobilnyy_modul3-255x300.jpg\" alt=\"spintele i automobili\" width=\"255\" height=\"300\" srcset=\"https:\/\/hugas.lt\/wp-content\/uploads\/2021\/03\/avtomobilnyy_modul3-255x300.jpg 255w, https:\/\/hugas.lt\/wp-content\/uploads\/2021\/03\/avtomobilnyy_modul3-872x1024.jpg 872w, https:\/\/hugas.lt\/wp-content\/uploads\/2021\/03\/avtomobilnyy_modul3-768x902.jpg 768w, https:\/\/hugas.lt\/wp-content\/uploads\/2021\/03\/avtomobilnyy_modul3-10x12.jpg 10w, https:\/\/hugas.lt\/wp-content\/uploads\/2021\/03\/avtomobilnyy_modul3-510x599.jpg 510w, https:\/\/hugas.lt\/wp-content\/uploads\/2021\/03\/avtomobilnyy_modul3-64x75.jpg 64w, https:\/\/hugas.lt\/wp-content\/uploads\/2021\/03\/avtomobilnyy_modul3.jpg 940w\" sizes=\"(max-width: 255px) 100vw, 255px\" \/><\/p>","protected":false},"excerpt":{"rendered":"<p>Tvirta, patikima ir ilgaam\u017e\u0117 spintel\u0117 \u012f automobil\u012f mobilios darbo vietos suk\u016brimui.<\/p>","protected":false},"featured_media":7928,"comment_status":"open","ping_status":"closed","template":"","meta":[],"product_cat":[20,60],"product_tag":[],"_links":{"self":[{"href":"https:\/\/hugas.lt\/en\/wp-json\/wp\/v2\/product\/7927"}],"collection":[{"href":"https:\/\/hugas.lt\/en\/wp-json\/wp\/v2\/product"}],"about":[{"href":"https:\/\/hugas.lt\/en\/wp-json\/wp\/v2\/types\/product"}],"replies":[{"embeddable":true,"href":"https:\/\/hugas.lt\/en\/wp-json\/wp\/v2\/comments?post=7927"}],"wp:featuredmedia":[{"embeddable":true,"href":"https:\/\/hugas.lt\/en\/wp-json\/wp\/v2\/media\/7928"}],"wp:attachment":[{"href":"https:\/\/hugas.lt\/en\/wp-json\/wp\/v2\/media?parent=7927"}],"wp:term":[{"taxonomy":"product_cat","embeddable":true,"href":"https:\/\/hugas.lt\/en\/wp-json\/wp\/v2\/product_cat?post=7927"},{"taxonomy":"product_tag","embeddable":true,"href":"https:\/\/hugas.lt\/en\/wp-json\/wp\/v2\/product_tag?post=7927"}],"curies":[{"name":"wp","href":"https:\/\/api.w.org\/{rel}","templated":true}]}}