{"id":7921,"date":"2021-03-09T12:44:02","date_gmt":"2021-03-09T10:44:02","guid":{"rendered":"https:\/\/hugas.lt\/?post_type=product&#038;p=7921"},"modified":"2026-01-14T12:09:39","modified_gmt":"2026-01-14T10:09:39","slug":"spintele-i-automobili-750x410x935-4","status":"publish","type":"product","link":"https:\/\/hugas.lt\/en\/product\/spintele-i-automobili-750x410x935-4\/","title":{"rendered":"Spintel\u0117 \u012f automobil\u012f 750x410x935"},"content":{"rendered":"<h2>Spintel\u0117 \u012f automobil\u012f<\/h2>\n<p>&nbsp;<\/p>\n<p>Spintel\u0117 yra pagaminta i\u0161 auk\u0161tos kokyb\u0117s plieno, kuris suformuoja tvirt\u0105 korpus\u0105. Ji padengta miltelini\u0173 da\u017e\u0173 sluoksniu, kuris apsaugo nuo mechanini\u0173 pa\u017eeidim\u0173 bei korozijos. Lengvas svoris palengvina produkt\u0173 gabenim\u0105. \u0160is produktas yra skirtas mobiliai darbo vietai sukurti.<\/p>\n<p>Matmenys: 750x410x1005<\/p>\n<p>1 u\u017edaroma spintel\u0117, 1 atlenkiamas bortas, 1 lentyna<\/p>\n<p>Vir\u0161us &#8211; 30mm fanera<\/p>\n<p><img decoding=\"async\" class=\"aligncenter wp-image-7922 size-medium\" src=\"https:\/\/hugas.lt\/wp-content\/uploads\/2021\/03\/2-209x300.png\" alt=\"spintel\u0117 \u012f automobil\u012f\" width=\"209\" height=\"300\" srcset=\"https:\/\/hugas.lt\/wp-content\/uploads\/2021\/03\/2-209x300.png 209w, https:\/\/hugas.lt\/wp-content\/uploads\/2021\/03\/2-714x1024.png 714w, https:\/\/hugas.lt\/wp-content\/uploads\/2021\/03\/2-8x12.png 8w, https:\/\/hugas.lt\/wp-content\/uploads\/2021\/03\/2-510x731.png 510w, https:\/\/hugas.lt\/wp-content\/uploads\/2021\/03\/2-64x92.png 64w, https:\/\/hugas.lt\/wp-content\/uploads\/2021\/03\/2.png 760w\" sizes=\"(max-width: 209px) 100vw, 209px\" \/><\/p>","protected":false},"excerpt":{"rendered":"<p>Tvirta, patikima ir ilgaam\u017e\u0117 spintel\u0117 \u012f automobil\u012f mobilios darbo vietos suk\u016brimui.<\/p>","protected":false},"featured_media":7922,"comment_status":"open","ping_status":"closed","template":"","meta":[],"product_cat":[20,60],"product_tag":[],"_links":{"self":[{"href":"https:\/\/hugas.lt\/en\/wp-json\/wp\/v2\/product\/7921"}],"collection":[{"href":"https:\/\/hugas.lt\/en\/wp-json\/wp\/v2\/product"}],"about":[{"href":"https:\/\/hugas.lt\/en\/wp-json\/wp\/v2\/types\/product"}],"replies":[{"embeddable":true,"href":"https:\/\/hugas.lt\/en\/wp-json\/wp\/v2\/comments?post=7921"}],"wp:featuredmedia":[{"embeddable":true,"href":"https:\/\/hugas.lt\/en\/wp-json\/wp\/v2\/media\/7922"}],"wp:attachment":[{"href":"https:\/\/hugas.lt\/en\/wp-json\/wp\/v2\/media?parent=7921"}],"wp:term":[{"taxonomy":"product_cat","embeddable":true,"href":"https:\/\/hugas.lt\/en\/wp-json\/wp\/v2\/product_cat?post=7921"},{"taxonomy":"product_tag","embeddable":true,"href":"https:\/\/hugas.lt\/en\/wp-json\/wp\/v2\/product_tag?post=7921"}],"curies":[{"name":"wp","href":"https:\/\/api.w.org\/{rel}","templated":true}]}}