{"id":7919,"date":"2021-03-09T12:43:47","date_gmt":"2021-03-09T10:43:47","guid":{"rendered":"https:\/\/hugas.lt\/?post_type=product&#038;p=7919"},"modified":"2026-01-14T12:08:49","modified_gmt":"2026-01-14T10:08:49","slug":"spintele-i-automobili-750x410x1005-3","status":"publish","type":"product","link":"https:\/\/hugas.lt\/en\/product\/spintele-i-automobili-750x410x1005-3\/","title":{"rendered":"Spintel\u0117 \u012f automobil\u012f 750x410x1005"},"content":{"rendered":"<h2>Spintel\u0117 \u012f automobil\u012f<\/h2>\n<p>&nbsp;<\/p>\n<p>Spintel\u0117 yra pagaminta i\u0161 auk\u0161tos kokyb\u0117s plieno, kuris suformuoja tvirt\u0105 korpus\u0105. Ji padengta miltelini\u0173 da\u017e\u0173 sluoksniu, kuris apsaugo nuo mechanini\u0173 pa\u017eeidim\u0173 bei korozijos. Lengvas svoris palengvina produkt\u0173 gabenim\u0105. \u0160is produktas yra skirtas mobiliai darbo vietai sukurti.<\/p>\n<p>Matmenys: 750x410x1005<\/p>\n<p>1 u\u017edaroma spintel\u0117, 1 atlenkiamas bortas, 1 lentyna<\/p>\n<p>Vir\u0161us su bortais<\/p>\n<p><img decoding=\"async\" class=\"aligncenter wp-image-7920 size-medium\" src=\"https:\/\/hugas.lt\/wp-content\/uploads\/2021\/03\/avtomobilnyy_modul-221x300.jpg\" alt=\"spintel\u0117 \u012f automobil\u012f\" width=\"221\" height=\"300\" srcset=\"https:\/\/hugas.lt\/wp-content\/uploads\/2021\/03\/avtomobilnyy_modul-221x300.jpg 221w, https:\/\/hugas.lt\/wp-content\/uploads\/2021\/03\/avtomobilnyy_modul-753x1024.jpg 753w, https:\/\/hugas.lt\/wp-content\/uploads\/2021\/03\/avtomobilnyy_modul-768x1044.jpg 768w, https:\/\/hugas.lt\/wp-content\/uploads\/2021\/03\/avtomobilnyy_modul-9x12.jpg 9w, https:\/\/hugas.lt\/wp-content\/uploads\/2021\/03\/avtomobilnyy_modul-510x693.jpg 510w, https:\/\/hugas.lt\/wp-content\/uploads\/2021\/03\/avtomobilnyy_modul-64x87.jpg 64w, https:\/\/hugas.lt\/wp-content\/uploads\/2021\/03\/avtomobilnyy_modul.jpg 802w\" sizes=\"(max-width: 221px) 100vw, 221px\" \/><\/p>","protected":false},"excerpt":{"rendered":"<p>Tvirta, patikima ir ilgaam\u017e\u0117 spintel\u0117 \u012f automobil\u012f mobilios darbo vietos suk\u016brimui.<\/p>","protected":false},"featured_media":7920,"comment_status":"open","ping_status":"closed","template":"","meta":[],"product_cat":[20,60],"product_tag":[],"_links":{"self":[{"href":"https:\/\/hugas.lt\/en\/wp-json\/wp\/v2\/product\/7919"}],"collection":[{"href":"https:\/\/hugas.lt\/en\/wp-json\/wp\/v2\/product"}],"about":[{"href":"https:\/\/hugas.lt\/en\/wp-json\/wp\/v2\/types\/product"}],"replies":[{"embeddable":true,"href":"https:\/\/hugas.lt\/en\/wp-json\/wp\/v2\/comments?post=7919"}],"wp:featuredmedia":[{"embeddable":true,"href":"https:\/\/hugas.lt\/en\/wp-json\/wp\/v2\/media\/7920"}],"wp:attachment":[{"href":"https:\/\/hugas.lt\/en\/wp-json\/wp\/v2\/media?parent=7919"}],"wp:term":[{"taxonomy":"product_cat","embeddable":true,"href":"https:\/\/hugas.lt\/en\/wp-json\/wp\/v2\/product_cat?post=7919"},{"taxonomy":"product_tag","embeddable":true,"href":"https:\/\/hugas.lt\/en\/wp-json\/wp\/v2\/product_tag?post=7919"}],"curies":[{"name":"wp","href":"https:\/\/api.w.org\/{rel}","templated":true}]}}