{"id":7918,"date":"2021-03-09T12:32:34","date_gmt":"2021-03-09T10:32:34","guid":{"rendered":"https:\/\/hugas.lt\/?post_type=product&#038;p=7918"},"modified":"2026-01-14T12:06:25","modified_gmt":"2026-01-14T10:06:25","slug":"spintele-i-automobili-1250x410x1005-2","status":"publish","type":"product","link":"https:\/\/hugas.lt\/en\/product\/spintele-i-automobili-1250x410x1005-2\/","title":{"rendered":"Spintel\u0117 \u012f automobil\u012f 1250x410x1005"},"content":{"rendered":"<h2>Spintel\u0117 \u012f automobil\u012f<\/h2>\n<p>&nbsp;<\/p>\n<p>Spintel\u0117 yra pagaminta i\u0161 auk\u0161tos kokyb\u0117s plieno, kuris suformuoja tvirt\u0105 korpus\u0105. Ji padengta miltelini\u0173 da\u017e\u0173 sluoksniu, kuris apsaugo nuo mechanini\u0173 pa\u017eeidim\u0173 bei korozijos. Lengvas svoris palengvina produkt\u0173 gabenim\u0105. \u0160is produktas yra skirtas mobiliai darbo vietai sukurti.<\/p>\n<p>Matmenys: 1250x410x1005<\/p>\n<p>Spintel\u0117 su 2 lentynomis<\/p>\n<p>Vir\u0161us &#8211; 30mm fanera<\/p>\n<p><img decoding=\"async\" class=\"aligncenter wp-image-7914 size-medium\" src=\"https:\/\/hugas.lt\/wp-content\/uploads\/2021\/03\/24-2-300x242.png\" alt=\"spintel\u0117 \u012f automobil\u012f\" width=\"300\" height=\"242\" srcset=\"https:\/\/hugas.lt\/wp-content\/uploads\/2021\/03\/24-2-300x242.png 300w, https:\/\/hugas.lt\/wp-content\/uploads\/2021\/03\/24-2-768x619.png 768w, https:\/\/hugas.lt\/wp-content\/uploads\/2021\/03\/24-2-15x12.png 15w, https:\/\/hugas.lt\/wp-content\/uploads\/2021\/03\/24-2-510x411.png 510w, https:\/\/hugas.lt\/wp-content\/uploads\/2021\/03\/24-2-64x52.png 64w, https:\/\/hugas.lt\/wp-content\/uploads\/2021\/03\/24-2.png 938w\" sizes=\"(max-width: 300px) 100vw, 300px\" \/><\/p>","protected":false},"excerpt":{"rendered":"<p>Tvirta, patikima ir ilgaam\u017e\u0117 spintel\u0117 \u012f automobil\u012f mobilios darbo vietos suk\u016brimui.<\/p>","protected":false},"featured_media":7914,"comment_status":"open","ping_status":"closed","template":"","meta":[],"product_cat":[20,60],"product_tag":[],"_links":{"self":[{"href":"https:\/\/hugas.lt\/en\/wp-json\/wp\/v2\/product\/7918"}],"collection":[{"href":"https:\/\/hugas.lt\/en\/wp-json\/wp\/v2\/product"}],"about":[{"href":"https:\/\/hugas.lt\/en\/wp-json\/wp\/v2\/types\/product"}],"replies":[{"embeddable":true,"href":"https:\/\/hugas.lt\/en\/wp-json\/wp\/v2\/comments?post=7918"}],"wp:featuredmedia":[{"embeddable":true,"href":"https:\/\/hugas.lt\/en\/wp-json\/wp\/v2\/media\/7914"}],"wp:attachment":[{"href":"https:\/\/hugas.lt\/en\/wp-json\/wp\/v2\/media?parent=7918"}],"wp:term":[{"taxonomy":"product_cat","embeddable":true,"href":"https:\/\/hugas.lt\/en\/wp-json\/wp\/v2\/product_cat?post=7918"},{"taxonomy":"product_tag","embeddable":true,"href":"https:\/\/hugas.lt\/en\/wp-json\/wp\/v2\/product_tag?post=7918"}],"curies":[{"name":"wp","href":"https:\/\/api.w.org\/{rel}","templated":true}]}}