{"id":7916,"date":"2021-03-09T12:30:50","date_gmt":"2021-03-09T10:30:50","guid":{"rendered":"https:\/\/hugas.lt\/?post_type=product&#038;p=7916"},"modified":"2026-01-14T12:04:56","modified_gmt":"2026-01-14T10:04:56","slug":"spintele-i-automobili-1250x410x1005","status":"publish","type":"product","link":"https:\/\/hugas.lt\/en\/product\/spintele-i-automobili-1250x410x1005\/","title":{"rendered":"Spintel\u0117 \u012f automobil\u012f 1250x410x1005"},"content":{"rendered":"<h2>Spintel\u0117 \u012f automobil\u012f<\/h2>\n<p>&nbsp;<\/p>\n<p>Spintel\u0117 yra pagaminta i\u0161 auk\u0161tos kokyb\u0117s plieno, kuris suformuoja tvirt\u0105 korpus\u0105. Ji padengta miltelini\u0173 da\u017e\u0173 sluoksniu, kuris apsaugo nuo mechanini\u0173 pa\u017eeidim\u0173 bei korozijos. Lengvas svoris palengvina produkt\u0173 gabenim\u0105. \u0160is produktas yra skirtas mobiliai darbo vietai sukurti.<\/p>\n<p>Matmenys: 1250x410x1005<\/p>\n<p>Spintel\u0117 su 2 lentynomis<\/p>\n<p>Vir\u0161us &#8211; bortai i\u0161 vis\u0173 pusi\u0173<\/p>\n<p><img decoding=\"async\" class=\"aligncenter wp-image-7907 size-medium\" src=\"https:\/\/hugas.lt\/wp-content\/uploads\/2021\/03\/avtomobilnyy_modul5-1-269x300.jpg\" alt=\"spintel\u0117 \u012f automobil\u012f\" width=\"269\" height=\"300\" srcset=\"https:\/\/hugas.lt\/wp-content\/uploads\/2021\/03\/avtomobilnyy_modul5-1-269x300.jpg 269w, https:\/\/hugas.lt\/wp-content\/uploads\/2021\/03\/avtomobilnyy_modul5-1-11x12.jpg 11w, https:\/\/hugas.lt\/wp-content\/uploads\/2021\/03\/avtomobilnyy_modul5-1-510x568.jpg 510w, https:\/\/hugas.lt\/wp-content\/uploads\/2021\/03\/avtomobilnyy_modul5-1-64x71.jpg 64w, https:\/\/hugas.lt\/wp-content\/uploads\/2021\/03\/avtomobilnyy_modul5-1.jpg 758w\" sizes=\"(max-width: 269px) 100vw, 269px\" \/><\/p>\n<p>&nbsp;<\/p>","protected":false},"excerpt":{"rendered":"<p>Tvirta, patikima ir ilgaam\u017e\u0117 spintel\u0117 \u012f automobil\u012f mobilios darbo vietos suk\u016brimui.<\/p>","protected":false},"featured_media":7907,"comment_status":"open","ping_status":"closed","template":"","meta":[],"product_cat":[20,60],"product_tag":[],"_links":{"self":[{"href":"https:\/\/hugas.lt\/en\/wp-json\/wp\/v2\/product\/7916"}],"collection":[{"href":"https:\/\/hugas.lt\/en\/wp-json\/wp\/v2\/product"}],"about":[{"href":"https:\/\/hugas.lt\/en\/wp-json\/wp\/v2\/types\/product"}],"replies":[{"embeddable":true,"href":"https:\/\/hugas.lt\/en\/wp-json\/wp\/v2\/comments?post=7916"}],"wp:featuredmedia":[{"embeddable":true,"href":"https:\/\/hugas.lt\/en\/wp-json\/wp\/v2\/media\/7907"}],"wp:attachment":[{"href":"https:\/\/hugas.lt\/en\/wp-json\/wp\/v2\/media?parent=7916"}],"wp:term":[{"taxonomy":"product_cat","embeddable":true,"href":"https:\/\/hugas.lt\/en\/wp-json\/wp\/v2\/product_cat?post=7916"},{"taxonomy":"product_tag","embeddable":true,"href":"https:\/\/hugas.lt\/en\/wp-json\/wp\/v2\/product_tag?post=7916"}],"curies":[{"name":"wp","href":"https:\/\/api.w.org\/{rel}","templated":true}]}}