{"id":7901,"date":"2021-03-09T10:27:23","date_gmt":"2021-03-09T08:27:23","guid":{"rendered":"https:\/\/hugas.lt\/?post_type=product&#038;p=7901"},"modified":"2024-03-04T10:03:58","modified_gmt":"2024-03-04T08:03:58","slug":"irankiu-spintele-su-ratukais-900x500x600-8","status":"publish","type":"product","link":"https:\/\/hugas.lt\/en\/product\/irankiu-spintele-su-ratukais-900x500x600-8\/","title":{"rendered":"\u012eranki\u0173 spintel\u0117 su ratukais 900x500x600 Profi"},"content":{"rendered":"<h2>\u012eranki\u0173 spintel\u0117<\/h2>\n<p>\u012eranki\u0173 ve\u017eim\u0117lis TU-1 6MS skirtas mobilioms darbo vietoms pramon\u0117s \u012fmon\u0117se, degalin\u0117se ir dirbtuv\u0117se \u012frengti.<\/p>\n<p>\u012eranki\u0173 ve\u017eim\u0117lis skirtas \u012fvairiems \u012frankiams, tvirtinimo detal\u0117ms ir komponentams laikyti darbo vietose dirbtuv\u0117se, autoservisuose ir pramon\u0117s \u012fmon\u0117se, taip pat greitai perkelti \u012f skirtingas darbo zonos vietas.<\/p>\n<p>\u012eranki\u0173 ve\u017eim\u0117liai suteiks patogumo atliekant bet kok\u012f darb\u0105. Tvirta konstrukcija ir patvar\u016bs ratai leid\u017eia lengvai perkelti ve\u017eim\u0117l\u012f po parduotuv\u0119 ar dirbtuves, o patikimas stabdys garantuoja visi\u0161k\u0105 saugum\u0105.<\/p>\n<p>Ve\u017eim\u0117lio komplektacija: 7 stal\u010di\u0173 spintel\u0117. Stal\u010diaus apkrova &#8211; 30 kg. Vidinis stal\u010diaus dydis yra 580&#215;380 mm, o tai idealiai tinka korpusams su beveik bet kurio gamintojo \u012frankiais. Visi stal\u010diai rakinami vienu centriniu u\u017eraktu.<\/p>\n<p>Ve\u017eim\u0117lis lengvai judinamas bet kuria kryptimi ant rat\u0173 \u2013 du nesisukantys, du besisukantys, i\u0161 kuri\u0173 vienas turi stabd\u012f. Vir\u0161utin\u0117 \u012franki\u0173 ve\u017eim\u0117lio dalis yra dangtelis i\u0161 ABS plastiko.<\/p>\n<p>\u012eranki\u0173 ve\u017eim\u0117lio TU-1 6MS kaina be kablys. Pakab\u0105 galima u\u017esisakyti priklausomai nuo b\u016btinos \u012frangos.<\/p>\n<p>&#8211; Matmenys: 770x440x930h<\/p>\n<p>&#8211; Naudojamos prakti\u0161kos spalvos: &#8211; RAL 7015;<\/p>\n<p>&#8211; Modernus stilingas dizainas<\/p>\n<p>&#8211; Patvari plienin\u0117 konstrukcija i\u0161 lak\u0161tinio metalo<\/p>\n<p>&#8211; Patvari danga, atspari \u012fbr\u0117\u017eimams, pa\u017eeidimams ir korozijai<\/p>\n<p>&#8211; Darbinis pavir\u0161ius pagamintas i\u0161 ABS plastiko su skyriais ma\u017eoms ir vidutin\u0117ms detal\u0117ms<\/p>\n<p>&#8211; Patogi rankena lengvam jud\u0117jimui ir sukimuisi<\/p>\n<p>&#8211; 125 mm skersmens ratai leid\u017eia lengvai valdyti ve\u017eim\u0117l\u012f<\/p>\n<p>&#8211; Rat\u0173 u\u017eraktas apsaugo nuo nepageidaujamo jud\u0117jimo, u\u017etikrina saug\u0173 ve\u017eim\u0117lio parkavim\u0105<\/p>\n<p>&#8211; Modernizuota centrinio u\u017erakto konstrukcija u\u017etikrina apsaug\u0105 nuo neteis\u0117to atidarymo ir nepriklausomo atidarymo spintelei judant<\/p>\n<p>&#8211; Perforacija ant \u0161onini\u0173 sieneli\u0173 leid\u017eia sumontuoti papildom\u0105 pakab\u0105, skirt\u0105 da\u017enai naudojamo \u012frankio pastatymui<\/p>\n<p>&#8211; \u0160arnyriniai elementai lengvai tvirtinami kabliukais<\/p>\n<p>&#8211; Rutuliniai kreiptuvai u\u017etikrina saug\u0173 ir lengv\u0105 slydim\u0105 net ir esant pilnai apkrovai<\/p>\n<p>&#8211; Visi\u0161kai i\u0161pl\u0117sti stal\u010diai palengvina patog\u0173 ir netrukdom\u0105 prieig\u0105 prie instrumento<\/p>\n<p>&#8211; Stal\u010di\u0173 matmenys leid\u017eia kompakti\u0161kai sutalpinti pagrindini\u0173 \u012frankio gamintoj\u0173 namelius<\/p>\n<p>&#8211; Ve\u017eim\u0117li\u0173 stal\u010di\u0173 matmenys suvienodinti su standartiniais \u012franki\u0173 matmenimis.<\/p>\n<p><img decoding=\"async\" class=\"aligncenter wp-image-7903 size-medium\" src=\"https:\/\/hugas.lt\/wp-content\/uploads\/2021\/03\/tool_trolley_tu_1_6sml_0-1-230x300.jpeg\" alt=\"spintel\u0117\" width=\"230\" height=\"300\" srcset=\"https:\/\/hugas.lt\/wp-content\/uploads\/2021\/03\/tool_trolley_tu_1_6sml_0-1-230x300.jpeg 230w, https:\/\/hugas.lt\/wp-content\/uploads\/2021\/03\/tool_trolley_tu_1_6sml_0-1-786x1024.jpeg 786w, https:\/\/hugas.lt\/wp-content\/uploads\/2021\/03\/tool_trolley_tu_1_6sml_0-1-768x1001.jpeg 768w, https:\/\/hugas.lt\/wp-content\/uploads\/2021\/03\/tool_trolley_tu_1_6sml_0-1-9x12.jpeg 9w, https:\/\/hugas.lt\/wp-content\/uploads\/2021\/03\/tool_trolley_tu_1_6sml_0-1-510x665.jpeg 510w, https:\/\/hugas.lt\/wp-content\/uploads\/2021\/03\/tool_trolley_tu_1_6sml_0-1-64x83.jpeg 64w, https:\/\/hugas.lt\/wp-content\/uploads\/2021\/03\/tool_trolley_tu_1_6sml_0-1.jpeg 838w\" sizes=\"(max-width: 230px) 100vw, 230px\" \/><\/p>","protected":false},"excerpt":{"rendered":"<p>Tvirtas, patikimas ir ilgaam\u017eis ve\u017eim\u0117lis su spintele puikiai tinkantis naudoti sand\u0117lyje ar gara\u017ee.<\/p>\n<p>&nbsp;<\/p>","protected":false},"featured_media":7903,"comment_status":"open","ping_status":"closed","template":"","meta":[],"product_cat":[20,55],"product_tag":[],"_links":{"self":[{"href":"https:\/\/hugas.lt\/en\/wp-json\/wp\/v2\/product\/7901"}],"collection":[{"href":"https:\/\/hugas.lt\/en\/wp-json\/wp\/v2\/product"}],"about":[{"href":"https:\/\/hugas.lt\/en\/wp-json\/wp\/v2\/types\/product"}],"replies":[{"embeddable":true,"href":"https:\/\/hugas.lt\/en\/wp-json\/wp\/v2\/comments?post=7901"}],"wp:featuredmedia":[{"embeddable":true,"href":"https:\/\/hugas.lt\/en\/wp-json\/wp\/v2\/media\/7903"}],"wp:attachment":[{"href":"https:\/\/hugas.lt\/en\/wp-json\/wp\/v2\/media?parent=7901"}],"wp:term":[{"taxonomy":"product_cat","embeddable":true,"href":"https:\/\/hugas.lt\/en\/wp-json\/wp\/v2\/product_cat?post=7901"},{"taxonomy":"product_tag","embeddable":true,"href":"https:\/\/hugas.lt\/en\/wp-json\/wp\/v2\/product_tag?post=7901"}],"curies":[{"name":"wp","href":"https:\/\/api.w.org\/{rel}","templated":true}]}}