{"id":7896,"date":"2021-03-09T10:21:05","date_gmt":"2021-03-09T08:21:05","guid":{"rendered":"https:\/\/hugas.lt\/?post_type=product&#038;p=7896"},"modified":"2024-11-10T04:23:55","modified_gmt":"2024-11-10T02:23:55","slug":"irankiu-spintele-su-ratukais-900x500x600-7","status":"publish","type":"product","link":"https:\/\/hugas.lt\/en\/product\/irankiu-spintele-su-ratukais-900x500x600-7\/","title":{"rendered":"\u012eranki\u0173 spintel\u0117 su ratukais 900x500x600 Profi"},"content":{"rendered":"<h2>\u012eranki\u0173 spintel\u0117<\/h2>\n<p>&nbsp;<\/p>\n<p>Ve\u017eim\u0117lis su \u0161e\u0161iais stal\u010diais. Jis padengtas miltelini\u0173 da\u017e\u0173 sluoksniu, kuris apsaugo nuo mechanini\u0173 pa\u017eeidim\u0173 bei korozijos. Viduje yra lentyn\u0117l\u0117, taip pat, spintel\u0117 rakinama. Du ratukai fiksuojami, laisvi, 100mm diametro. Ve\u017eim\u0117lio vir\u0161utin\u0117 dalis turi bortus. Ji dengta med\u017eiaga atsparia alyvoms bei chemijos produktams.<\/p>\n<p><img decoding=\"async\" class=\"aligncenter wp-image-7898 size-medium\" src=\"https:\/\/hugas.lt\/wp-content\/uploads\/2021\/03\/tool_trolley_tu_1_4s2m_0-223x300.jpeg\" alt=\"spintel\u0117\" width=\"223\" height=\"300\" srcset=\"https:\/\/hugas.lt\/wp-content\/uploads\/2021\/03\/tool_trolley_tu_1_4s2m_0-223x300.jpeg 223w, https:\/\/hugas.lt\/wp-content\/uploads\/2021\/03\/tool_trolley_tu_1_4s2m_0-761x1024.jpeg 761w, https:\/\/hugas.lt\/wp-content\/uploads\/2021\/03\/tool_trolley_tu_1_4s2m_0-768x1034.jpeg 768w, https:\/\/hugas.lt\/wp-content\/uploads\/2021\/03\/tool_trolley_tu_1_4s2m_0-9x12.jpeg 9w, https:\/\/hugas.lt\/wp-content\/uploads\/2021\/03\/tool_trolley_tu_1_4s2m_0-510x687.jpeg 510w, https:\/\/hugas.lt\/wp-content\/uploads\/2021\/03\/tool_trolley_tu_1_4s2m_0-64x86.jpeg 64w, https:\/\/hugas.lt\/wp-content\/uploads\/2021\/03\/tool_trolley_tu_1_4s2m_0.jpeg 820w\" sizes=\"(max-width: 223px) 100vw, 223px\" \/><\/p>","protected":false},"excerpt":{"rendered":"<p>Tvirtas, patikimas ir ilgaam\u017eis ve\u017eim\u0117lis su stal\u010diais puikiai tinkantis naudoti sand\u0117lyje ar gara\u017ee.<\/p>","protected":false},"featured_media":7898,"comment_status":"open","ping_status":"closed","template":"","meta":[],"product_cat":[20,55],"product_tag":[],"_links":{"self":[{"href":"https:\/\/hugas.lt\/en\/wp-json\/wp\/v2\/product\/7896"}],"collection":[{"href":"https:\/\/hugas.lt\/en\/wp-json\/wp\/v2\/product"}],"about":[{"href":"https:\/\/hugas.lt\/en\/wp-json\/wp\/v2\/types\/product"}],"replies":[{"embeddable":true,"href":"https:\/\/hugas.lt\/en\/wp-json\/wp\/v2\/comments?post=7896"}],"wp:featuredmedia":[{"embeddable":true,"href":"https:\/\/hugas.lt\/en\/wp-json\/wp\/v2\/media\/7898"}],"wp:attachment":[{"href":"https:\/\/hugas.lt\/en\/wp-json\/wp\/v2\/media?parent=7896"}],"wp:term":[{"taxonomy":"product_cat","embeddable":true,"href":"https:\/\/hugas.lt\/en\/wp-json\/wp\/v2\/product_cat?post=7896"},{"taxonomy":"product_tag","embeddable":true,"href":"https:\/\/hugas.lt\/en\/wp-json\/wp\/v2\/product_tag?post=7896"}],"curies":[{"name":"wp","href":"https:\/\/api.w.org\/{rel}","templated":true}]}}