{"id":7888,"date":"2021-03-09T10:08:53","date_gmt":"2021-03-09T08:08:53","guid":{"rendered":"https:\/\/hugas.lt\/?post_type=product&#038;p=7888"},"modified":"2022-04-24T11:35:33","modified_gmt":"2022-04-24T09:35:33","slug":"irankiu-spintele-su-ratukais-900x500x600-4","status":"publish","type":"product","link":"https:\/\/hugas.lt\/en\/product\/irankiu-spintele-su-ratukais-900x500x600-4\/","title":{"rendered":"\u012eranki\u0173 spintel\u0117 su ratukais 900x500x600"},"content":{"rendered":"<h2>\u012eranki\u0173 spintel\u0117<\/h2>\n<p>&nbsp;<\/p>\n<p>Konstrukcijos prana\u0161umai: kasdien dirbant metaliniai pavir\u0161iai n\u0117ra deformuojami; produktas pristatomas kartonin\u0117je d\u0117\u017eut\u0117je, kuri garantuoja gabenimo saugum\u0105; stal\u010diams atidaryti yra sumontuotos patogios rankenos, kurios netrukdo praeiviams.<\/p>\n<p>Ve\u017eim\u0117lis naudojamas \u012frankiams, detal\u0117ms, gamybiniams popieriams ir \u012fvairi\u0173 r\u016b\u0161i\u0173 \u012frangai laikyti. D\u0117l teleskopini\u0173 b\u0117gi\u0173 sistemos stal\u010diai pilnai i\u0161sitraukia, o tai atveria visi\u0161k\u0105 prieig\u0105 prie turinio. D\u0117\u017ei\u0173 talpa yra optimali patalpinant rakt\u0173 komplektus. Centrinis u\u017eraktas u\u017etikrins j\u016bs\u0173 \u012franki\u0173 saugum\u0105.<\/p>\n<p>Ve\u017eim\u0117lio auk\u0161tis &#8211; 600 mm, prie \u0161ono yra rankena. 100 mm skersmens ratai leid\u017eia lengvai perkelti gamin\u012f, o de\u0161inysis rato kam\u0161tis fiksuoja pad\u0117t\u012f. Pagrindas tinka kompakti\u0161kai darbo vietai sukurti. Jis turi bortelius nuo \u012frankio kritimo, yra su tepalams ir dujoms atspariu kilim\u0117liu. Kadangi ve\u017eim\u0117lis pagamintas i\u0161 metalo, jis da\u017eomas polimeriniais milteliniais da\u017eais. Danga padidina atsparum\u0105 korozijai, tod\u0117l metalui nepakenkia temperat\u016bros poky\u010diai, skys\u010di\u0173 ir technini\u0173 alyv\u0173 patekimas.<\/p>\n<p>\u012eranki\u0173 spintel\u0117s savyb\u0117s ir charakteristikos:<\/p>\n<p>Matmenys: 900x500x600h;<\/p>\n<p>Spintel\u0117je yra 4 stal\u010diai;<\/p>\n<p>Vir\u0161utinis \u012franki\u0173 krep\u0161elio dangtis yra pad\u0117klo pavidalo, kuriame sumontuotas tepalams ir dujoms atsparus kilim\u0117lis;<\/p>\n<p>Visos d\u0117\u017e\u0117s yra u\u017erakintos vienu centriniu u\u017eraktu, kuris u\u017etikrina materialini\u0173 vertybi\u0173 saugum\u0105;<\/p>\n<p>Pilno prailginimo teleskopiniai kreiptuvai;<\/p>\n<p>d\u0117\u017eut\u0117s tinka daugelio \u012franki\u0173 gamintoj\u0173 \u012frankiams;<\/p>\n<p>Patogi rankena spintelei perkelti;<\/p>\n<p>Didelio skersmens ratai: d = 100 mm (2 nesisukantys, 1 sukami, 1 sukamas su stabd\u017eiais);<\/p>\n<p>Dangos tipas: polimero milteliai, i\u0161 anksto fosfatuojantys pavir\u0161i\u0173.<\/p>\n<p>Spalv\u0173 derinys (pilkas korpusas RAL7015 \/ fasado pilkas RAL7040 arba pilkas korpusas, RAL7035 \/ fasado m\u0117lynas RAL5002). Pristatymas specialioje kartonin\u0117je d\u0117\u017eut\u0117je, kuri u\u017etikrina saugum\u0105 transportuojant.<\/p>\n<p><img decoding=\"async\" class=\"aligncenter wp-image-7891 size-medium\" src=\"https:\/\/hugas.lt\/wp-content\/uploads\/2021\/03\/tool_cabinet_ti_2m2l-2-202x300.jpeg\" alt=\"\u012eranki\u0173 spintel\u0117\" width=\"202\" height=\"300\" srcset=\"https:\/\/hugas.lt\/wp-content\/uploads\/2021\/03\/tool_cabinet_ti_2m2l-2-202x300.jpeg 202w, https:\/\/hugas.lt\/wp-content\/uploads\/2021\/03\/tool_cabinet_ti_2m2l-2-691x1024.jpeg 691w, https:\/\/hugas.lt\/wp-content\/uploads\/2021\/03\/tool_cabinet_ti_2m2l-2-8x12.jpeg 8w, https:\/\/hugas.lt\/wp-content\/uploads\/2021\/03\/tool_cabinet_ti_2m2l-2-510x756.jpeg 510w, https:\/\/hugas.lt\/wp-content\/uploads\/2021\/03\/tool_cabinet_ti_2m2l-2-64x95.jpeg 64w, https:\/\/hugas.lt\/wp-content\/uploads\/2021\/03\/tool_cabinet_ti_2m2l-2.jpeg 730w\" sizes=\"(max-width: 202px) 100vw, 202px\" \/><\/p>","protected":false},"excerpt":{"rendered":"<p>Tvirta, patikima ir ilgaam\u017e\u0117 spintel\u0117 su ratukais puikiai tinka naudoti sand\u0117lyje ar gara\u017ee.<\/p>\n<p>&nbsp;<\/p>","protected":false},"featured_media":7891,"comment_status":"open","ping_status":"closed","template":"","meta":[],"product_cat":[20,55],"product_tag":[],"_links":{"self":[{"href":"https:\/\/hugas.lt\/en\/wp-json\/wp\/v2\/product\/7888"}],"collection":[{"href":"https:\/\/hugas.lt\/en\/wp-json\/wp\/v2\/product"}],"about":[{"href":"https:\/\/hugas.lt\/en\/wp-json\/wp\/v2\/types\/product"}],"replies":[{"embeddable":true,"href":"https:\/\/hugas.lt\/en\/wp-json\/wp\/v2\/comments?post=7888"}],"wp:featuredmedia":[{"embeddable":true,"href":"https:\/\/hugas.lt\/en\/wp-json\/wp\/v2\/media\/7891"}],"wp:attachment":[{"href":"https:\/\/hugas.lt\/en\/wp-json\/wp\/v2\/media?parent=7888"}],"wp:term":[{"taxonomy":"product_cat","embeddable":true,"href":"https:\/\/hugas.lt\/en\/wp-json\/wp\/v2\/product_cat?post=7888"},{"taxonomy":"product_tag","embeddable":true,"href":"https:\/\/hugas.lt\/en\/wp-json\/wp\/v2\/product_tag?post=7888"}],"curies":[{"name":"wp","href":"https:\/\/api.w.org\/{rel}","templated":true}]}}