{"id":7875,"date":"2021-03-09T09:33:34","date_gmt":"2021-03-09T07:33:34","guid":{"rendered":"https:\/\/hugas.lt\/?post_type=product&#038;p=7875"},"modified":"2022-04-24T11:31:43","modified_gmt":"2022-04-24T09:31:43","slug":"irankiu-vezimelis-4-stalciu","status":"publish","type":"product","link":"https:\/\/hugas.lt\/en\/product\/irankiu-vezimelis-4-stalciu\/","title":{"rendered":"\u012eranki\u0173 ve\u017eim\u0117lis 4 stal\u010di\u0173"},"content":{"rendered":"<h2>\u012eranki\u0173 ve\u017eim\u0117lis<\/h2>\n<h4><\/h4>\n<p>Konstrukcijos prana\u0161umai: kasdien dirbant metaliniai pavir\u0161iai n\u0117ra deformuojami; produktas pristatomas kartonin\u0117je d\u0117\u017eut\u0117je, kuri garantuoja gabenimo saugum\u0105; stal\u010diams atidaryti yra sumontuotos patogios rankenos, kurios netrukdo praeiviams.<\/p>\n<p>Ve\u017eim\u0117lis naudojamas \u012frankiams, detal\u0117ms, gamybiniams popieriams ir \u012fvairi\u0173 r\u016b\u0161i\u0173 \u012frangai laikyti. D\u0117l teleskopini\u0173 b\u0117gi\u0173 sistemos stal\u010diai pilnai i\u0161sitraukia, o tai atveria visi\u0161k\u0105 prieig\u0105 prie turinio. D\u0117\u017ei\u0173 talpa yra optimali patalpinant rakt\u0173 komplektus. Centrinis u\u017eraktas u\u017etikrins j\u016bs\u0173 \u012franki\u0173 saugum\u0105.<\/p>\n<p>\u012eranki\u0173 ve\u017eim\u0117lio auk\u0161tis &#8211; 920 mm, svoris &#8211; 46 kg, prie \u0161ono yra rankena. 100 mm skersmens ratai leid\u017eia lengvai perkelti gamin\u012f, o de\u0161inysis rato kam\u0161tis fiksuoja pad\u0117t\u012f. Pagrindas tinka kompakti\u0161kai darbo vietai sukurti. Jis turi bortelius nuo \u012frankio kritimo, yra su tepalams ir dujoms atspariu kilim\u0117liu. Kadangi ve\u017eim\u0117lis pagamintas i\u0161 metalo, jis da\u017eomas polimeriniais milteliniais da\u017eais. Danga padidina atsparum\u0105 korozijai, tod\u0117l metalui nepakenkia temperat\u016bros poky\u010diai, skys\u010di\u0173 ir technini\u0173 alyv\u0173 patekimas.<\/p>\n<p>\u012eranki\u0173 ve\u017eim\u0117lio savyb\u0117s ir charakteristikos:<\/p>\n<p>Matmenys: 740x440x920h;<\/p>\n<p>Spintel\u0117je yra 4 stal\u010diai;<\/p>\n<p>Vir\u0161utinis \u012franki\u0173 ve\u017eim\u0117lio dangtis yra pad\u0117klo pavidalo, kuriame sumontuotas tepalams ir dujoms atsparus kilim\u0117lis;<\/p>\n<p>Visos d\u0117\u017e\u0117s yra u\u017erakintos vienu centriniu u\u017eraktu, kuris u\u017etikrina materialini\u0173 vertybi\u0173 saugum\u0105;<\/p>\n<p>Pilno prailginimo teleskopiniai kreiptuvai;<\/p>\n<p>d\u0117\u017eut\u0117s tinka daugelio \u012franki\u0173 gamintoj\u0173 \u012frankiams;<\/p>\n<p>Patogi rankena spintelei perkelti;<\/p>\n<p>Didelio skersmens ratai: d = 100 mm (2 nesisukantys, 1 sukami, 1 sukamas su stabd\u017eiais);<\/p>\n<p>Dangos tipas: polimero milteliai, i\u0161 anksto fosfatuojantys pavir\u0161i\u0173.<\/p>\n<p>Spalv\u0173 derinys (pilkas korpusas RAL7015 \/ fasado pilkas RAL7040 arba pilkas korpusas, RAL7035 \/ fasado m\u0117lynas RAL5002). Pristatymas specialioje kartonin\u0117je d\u0117\u017eut\u0117je, kuri u\u017etikrina saugum\u0105 transportuojant.<\/p>\n<p><img decoding=\"async\" class=\"aligncenter wp-image-7877 size-medium\" src=\"https:\/\/hugas.lt\/wp-content\/uploads\/2021\/03\/tool_trolley_tu_2s2l_0-1-229x300.jpg\" alt=\"\u012eranki\u0173 ve\u017eim\u0117lis\" width=\"229\" height=\"300\" srcset=\"https:\/\/hugas.lt\/wp-content\/uploads\/2021\/03\/tool_trolley_tu_2s2l_0-1-229x300.jpg 229w, https:\/\/hugas.lt\/wp-content\/uploads\/2021\/03\/tool_trolley_tu_2s2l_0-1-9x12.jpg 9w, https:\/\/hugas.lt\/wp-content\/uploads\/2021\/03\/tool_trolley_tu_2s2l_0-1-510x668.jpg 510w, https:\/\/hugas.lt\/wp-content\/uploads\/2021\/03\/tool_trolley_tu_2s2l_0-1-64x84.jpg 64w, https:\/\/hugas.lt\/wp-content\/uploads\/2021\/03\/tool_trolley_tu_2s2l_0-1.jpg 750w\" sizes=\"(max-width: 229px) 100vw, 229px\" \/><\/p>","protected":false},"excerpt":{"rendered":"<p>Tvirtas, patikimas ir ilgaam\u017eis ve\u017eim\u0117lis su spintele puikiai tinkantis naudoti sand\u0117lyje ar gara\u017ee.<\/p>\n<p>&nbsp;<\/p>","protected":false},"featured_media":7877,"comment_status":"open","ping_status":"closed","template":"","meta":[],"product_cat":[55],"product_tag":[],"_links":{"self":[{"href":"https:\/\/hugas.lt\/en\/wp-json\/wp\/v2\/product\/7875"}],"collection":[{"href":"https:\/\/hugas.lt\/en\/wp-json\/wp\/v2\/product"}],"about":[{"href":"https:\/\/hugas.lt\/en\/wp-json\/wp\/v2\/types\/product"}],"replies":[{"embeddable":true,"href":"https:\/\/hugas.lt\/en\/wp-json\/wp\/v2\/comments?post=7875"}],"wp:featuredmedia":[{"embeddable":true,"href":"https:\/\/hugas.lt\/en\/wp-json\/wp\/v2\/media\/7877"}],"wp:attachment":[{"href":"https:\/\/hugas.lt\/en\/wp-json\/wp\/v2\/media?parent=7875"}],"wp:term":[{"taxonomy":"product_cat","embeddable":true,"href":"https:\/\/hugas.lt\/en\/wp-json\/wp\/v2\/product_cat?post=7875"},{"taxonomy":"product_tag","embeddable":true,"href":"https:\/\/hugas.lt\/en\/wp-json\/wp\/v2\/product_tag?post=7875"}],"curies":[{"name":"wp","href":"https:\/\/api.w.org\/{rel}","templated":true}]}}