{"id":7859,"date":"2021-03-08T15:06:53","date_gmt":"2021-03-08T13:06:53","guid":{"rendered":"https:\/\/hugas.lt\/?post_type=product&#038;p=7859"},"modified":"2024-11-10T01:21:28","modified_gmt":"2024-11-09T23:21:28","slug":"mobili-spintele","status":"publish","type":"product","link":"https:\/\/hugas.lt\/en\/product\/mobili-spintele\/","title":{"rendered":"3 stal\u010di\u0173 mobili spintel\u0117 450x450x610"},"content":{"rendered":"<h2>Mobili spintel\u0117 450x450x610<\/h2>\n<p>&nbsp;<\/p>\n<p>Rakinama, su ratukais. 3 stal\u010diai<\/p>\n<p>Matmenys 450x450x610<\/p>\n<p>Svoris 31kg.<\/p>\n<p>Gaminys puikiai tiks biuruose. Centrinis u\u017eraktas garantuoja dokument\u0173 saugum\u0105.<\/p>\n<p><img decoding=\"async\" class=\"size-medium wp-image-7861 aligncenter\" src=\"https:\/\/hugas.lt\/wp-content\/uploads\/2021\/03\/tumba_ofisnaya_to_45_1-211x300.jpeg\" alt=\"mobili spintel\u0117\" width=\"211\" height=\"300\" srcset=\"https:\/\/hugas.lt\/wp-content\/uploads\/2021\/03\/tumba_ofisnaya_to_45_1-211x300.jpeg 211w, https:\/\/hugas.lt\/wp-content\/uploads\/2021\/03\/tumba_ofisnaya_to_45_1-720x1024.jpeg 720w, https:\/\/hugas.lt\/wp-content\/uploads\/2021\/03\/tumba_ofisnaya_to_45_1-768x1093.jpeg 768w, https:\/\/hugas.lt\/wp-content\/uploads\/2021\/03\/tumba_ofisnaya_to_45_1-8x12.jpeg 8w, https:\/\/hugas.lt\/wp-content\/uploads\/2021\/03\/tumba_ofisnaya_to_45_1-510x726.jpeg 510w, https:\/\/hugas.lt\/wp-content\/uploads\/2021\/03\/tumba_ofisnaya_to_45_1-64x91.jpeg 64w, https:\/\/hugas.lt\/wp-content\/uploads\/2021\/03\/tumba_ofisnaya_to_45_1.jpeg 794w\" sizes=\"(max-width: 211px) 100vw, 211px\" \/><\/p>","protected":false},"excerpt":{"rendered":"<p>Mobili spintel\u0117 j\u016bs\u0173 biurui, sand\u0117liui ar archyvui. Pagaminta i\u0161 0,8 mm. plieno.<\/p>","protected":false},"featured_media":7861,"comment_status":"open","ping_status":"closed","template":"","meta":[],"product_cat":[19,18],"product_tag":[],"_links":{"self":[{"href":"https:\/\/hugas.lt\/en\/wp-json\/wp\/v2\/product\/7859"}],"collection":[{"href":"https:\/\/hugas.lt\/en\/wp-json\/wp\/v2\/product"}],"about":[{"href":"https:\/\/hugas.lt\/en\/wp-json\/wp\/v2\/types\/product"}],"replies":[{"embeddable":true,"href":"https:\/\/hugas.lt\/en\/wp-json\/wp\/v2\/comments?post=7859"}],"wp:featuredmedia":[{"embeddable":true,"href":"https:\/\/hugas.lt\/en\/wp-json\/wp\/v2\/media\/7861"}],"wp:attachment":[{"href":"https:\/\/hugas.lt\/en\/wp-json\/wp\/v2\/media?parent=7859"}],"wp:term":[{"taxonomy":"product_cat","embeddable":true,"href":"https:\/\/hugas.lt\/en\/wp-json\/wp\/v2\/product_cat?post=7859"},{"taxonomy":"product_tag","embeddable":true,"href":"https:\/\/hugas.lt\/en\/wp-json\/wp\/v2\/product_tag?post=7859"}],"curies":[{"name":"wp","href":"https:\/\/api.w.org\/{rel}","templated":true}]}}