{"id":7855,"date":"2021-03-08T15:05:23","date_gmt":"2021-03-08T13:05:23","guid":{"rendered":"https:\/\/hugas.lt\/?post_type=product&#038;p=7855"},"modified":"2023-01-21T14:04:26","modified_gmt":"2023-01-21T12:04:26","slug":"pakabinamu-segtuvu-spintele-450x450x610","status":"publish","type":"product","link":"https:\/\/hugas.lt\/en\/product\/pakabinamu-segtuvu-spintele-450x450x610\/","title":{"rendered":"Pakabinam\u0173 segtuv\u0173 spintel\u0117 450x450x610 su ratukais"},"content":{"rendered":"<h2>Pakabinam\u0173 segtuv\u0173 spintel\u0117 450x450x610 su ratukais<\/h2>\n<p>&nbsp;<\/p>\n<p>Su ratukais, lengvai transportuojama. Galima laikyti po stalu. 1 stal\u010dius ir skyrelis pakabinamiems segtuvams. Matmenys 450x450x610. Svoris 30kg. Centrinis u\u017eraktas, garantuojantis apsaug\u0105 j\u016bs\u0173 dokumentams.<\/p>\n<p><img decoding=\"async\" class=\"size-medium wp-image-7856 aligncenter\" src=\"https:\/\/hugas.lt\/wp-content\/uploads\/2021\/03\/tumba_ofisnaya_to_45_2_0-215x300.jpeg\" alt=\"Pakabinam\u0173 segtuv\u0173 spintel\u0117\" width=\"215\" height=\"300\" srcset=\"https:\/\/hugas.lt\/wp-content\/uploads\/2021\/03\/tumba_ofisnaya_to_45_2_0-215x300.jpeg 215w, https:\/\/hugas.lt\/wp-content\/uploads\/2021\/03\/tumba_ofisnaya_to_45_2_0-734x1024.jpeg 734w, https:\/\/hugas.lt\/wp-content\/uploads\/2021\/03\/tumba_ofisnaya_to_45_2_0-768x1071.jpeg 768w, https:\/\/hugas.lt\/wp-content\/uploads\/2021\/03\/tumba_ofisnaya_to_45_2_0-9x12.jpeg 9w, https:\/\/hugas.lt\/wp-content\/uploads\/2021\/03\/tumba_ofisnaya_to_45_2_0-510x711.jpeg 510w, https:\/\/hugas.lt\/wp-content\/uploads\/2021\/03\/tumba_ofisnaya_to_45_2_0-64x89.jpeg 64w, https:\/\/hugas.lt\/wp-content\/uploads\/2021\/03\/tumba_ofisnaya_to_45_2_0.jpeg 816w\" sizes=\"(max-width: 215px) 100vw, 215px\" \/><\/p>","protected":false},"excerpt":{"rendered":"<p>Pagaminta i\u0161 0,8 mm. plieno. Centrinis u\u017eraktas garantuoja dokument\u0173 saugum\u0105. Pasirinkite Jums labiausiai tinkan\u010di\u0105.<\/p>","protected":false},"featured_media":7856,"comment_status":"open","ping_status":"closed","template":"","meta":[],"product_cat":[19,18],"product_tag":[],"_links":{"self":[{"href":"https:\/\/hugas.lt\/en\/wp-json\/wp\/v2\/product\/7855"}],"collection":[{"href":"https:\/\/hugas.lt\/en\/wp-json\/wp\/v2\/product"}],"about":[{"href":"https:\/\/hugas.lt\/en\/wp-json\/wp\/v2\/types\/product"}],"replies":[{"embeddable":true,"href":"https:\/\/hugas.lt\/en\/wp-json\/wp\/v2\/comments?post=7855"}],"wp:featuredmedia":[{"embeddable":true,"href":"https:\/\/hugas.lt\/en\/wp-json\/wp\/v2\/media\/7856"}],"wp:attachment":[{"href":"https:\/\/hugas.lt\/en\/wp-json\/wp\/v2\/media?parent=7855"}],"wp:term":[{"taxonomy":"product_cat","embeddable":true,"href":"https:\/\/hugas.lt\/en\/wp-json\/wp\/v2\/product_cat?post=7855"},{"taxonomy":"product_tag","embeddable":true,"href":"https:\/\/hugas.lt\/en\/wp-json\/wp\/v2\/product_tag?post=7855"}],"curies":[{"name":"wp","href":"https:\/\/api.w.org\/{rel}","templated":true}]}}