{"id":7850,"date":"2021-03-08T14:57:21","date_gmt":"2021-03-08T12:57:21","guid":{"rendered":"https:\/\/hugas.lt\/?post_type=product&#038;p=7850"},"modified":"2023-01-21T14:04:49","modified_gmt":"2023-01-21T12:04:49","slug":"spinta-su-stiklinemis-durimis","status":"publish","type":"product","link":"https:\/\/hugas.lt\/en\/product\/spinta-su-stiklinemis-durimis\/","title":{"rendered":"Spinta su stiklin\u0117mis durimis"},"content":{"rendered":"<h2>Spinta su stiklin\u0117mis durimis<\/h2>\n<p>&nbsp;<\/p>\n<p>matmenys: 1800x800x500mm<\/p>\n<p>8 gr\u016bdinto stiklo durys.<\/p>\n<p>Visos durel\u0117s rakinamos, komplekte 2 raktai.<\/p>\n<p>Spalva RAL 7035.<\/p>\n<p>Gaminys puikiai tiks \u012fstaigose, kur norima matyti k\u0105 sand\u0117liuoja darbuotojai, arba klientai. Da\u017enai tokias spinteles naudoja didieji prekybos centrai savo darbuotojams. Tokio gaminio pagalba galima steb\u0117ti ar darbuotojas nety\u010dia ko ne\u012fsid\u0117jo \u012f savo spintel\u0119.<\/p>\n<p><img decoding=\"async\" class=\"size-medium wp-image-7853 aligncenter\" src=\"https:\/\/hugas.lt\/wp-content\/uploads\/2021\/03\/shkaf_s_akrilovimi_dveryam_1-2-197x300.jpeg\" alt=\"Spinta su stiklin\u0117mis durimis\" width=\"197\" height=\"300\" srcset=\"https:\/\/hugas.lt\/wp-content\/uploads\/2021\/03\/shkaf_s_akrilovimi_dveryam_1-2-197x300.jpeg 197w, https:\/\/hugas.lt\/wp-content\/uploads\/2021\/03\/shkaf_s_akrilovimi_dveryam_1-2-672x1024.jpeg 672w, https:\/\/hugas.lt\/wp-content\/uploads\/2021\/03\/shkaf_s_akrilovimi_dveryam_1-2-8x12.jpeg 8w, https:\/\/hugas.lt\/wp-content\/uploads\/2021\/03\/shkaf_s_akrilovimi_dveryam_1-2-510x777.jpeg 510w, https:\/\/hugas.lt\/wp-content\/uploads\/2021\/03\/shkaf_s_akrilovimi_dveryam_1-2-64x97.jpeg 64w, https:\/\/hugas.lt\/wp-content\/uploads\/2021\/03\/shkaf_s_akrilovimi_dveryam_1-2.jpeg 742w\" sizes=\"(max-width: 197px) 100vw, 197px\" \/><\/p>","protected":false},"excerpt":{"rendered":"<p>Tvirta, patikima ir ilgaam\u017e\u0117 spinta su stiklin\u0117mis durimis.<\/p>","protected":false},"featured_media":7853,"comment_status":"open","ping_status":"closed","template":"","meta":[],"product_cat":[19,36],"product_tag":[],"_links":{"self":[{"href":"https:\/\/hugas.lt\/en\/wp-json\/wp\/v2\/product\/7850"}],"collection":[{"href":"https:\/\/hugas.lt\/en\/wp-json\/wp\/v2\/product"}],"about":[{"href":"https:\/\/hugas.lt\/en\/wp-json\/wp\/v2\/types\/product"}],"replies":[{"embeddable":true,"href":"https:\/\/hugas.lt\/en\/wp-json\/wp\/v2\/comments?post=7850"}],"wp:featuredmedia":[{"embeddable":true,"href":"https:\/\/hugas.lt\/en\/wp-json\/wp\/v2\/media\/7853"}],"wp:attachment":[{"href":"https:\/\/hugas.lt\/en\/wp-json\/wp\/v2\/media?parent=7850"}],"wp:term":[{"taxonomy":"product_cat","embeddable":true,"href":"https:\/\/hugas.lt\/en\/wp-json\/wp\/v2\/product_cat?post=7850"},{"taxonomy":"product_tag","embeddable":true,"href":"https:\/\/hugas.lt\/en\/wp-json\/wp\/v2\/product_tag?post=7850"}],"curies":[{"name":"wp","href":"https:\/\/api.w.org\/{rel}","templated":true}]}}