{"id":7847,"date":"2021-03-08T14:45:23","date_gmt":"2021-03-08T12:45:23","guid":{"rendered":"https:\/\/hugas.lt\/?post_type=product&#038;p=7847"},"modified":"2023-01-21T14:06:09","modified_gmt":"2023-01-21T12:06:09","slug":"spinta-korespondencijai-755x400x248","status":"publish","type":"product","link":"https:\/\/hugas.lt\/en\/product\/spinta-korespondencijai-755x400x248\/","title":{"rendered":"Spinta korespondencijai 755x400x248"},"content":{"rendered":"<h2>Spinta korespondencijai<\/h2>\n<p>&nbsp;<\/p>\n<p>Spinta korespondencijai su 8 durel\u0117mis, bei bendrosiomis durimis, kurios atidaro visas dureles vienu metu. \u0160ios itin auk\u0161tos kokyb\u0117s daikt\u0173 saugojimo spintel\u0117s su milteliniu b\u016bdu da\u017eyto lak\u0161tinio plieno r\u0117mu. Miltelinis padengimas sukuria atspar\u0173, kiet\u0105 &#8211; kasdieniam naudojimui tinkam\u0105 pavir\u0161i\u0173. Spinta pagaminta i\u0161 1 mm storio plieno lak\u0161t\u0173. Tolyg\u0173 ir tyl\u0173 sustiprintos konstrukcijos dureli\u0173 u\u017edarym\u0105 u\u017etikrina guminiai amortizatoriai.\u00a0 \u00a0Kiekvienos durel\u0117s komplektuojamos su cilindriniu u\u017eraktu ir 2 raktais.<\/p>\n<p><img decoding=\"async\" class=\"size-medium wp-image-7848 aligncenter\" src=\"https:\/\/hugas.lt\/wp-content\/uploads\/2021\/03\/Shkaf_abonentskij_ShA_20-210x300.jpeg\" alt=\"spinta korespondencijai\" width=\"210\" height=\"300\" srcset=\"https:\/\/hugas.lt\/wp-content\/uploads\/2021\/03\/Shkaf_abonentskij_ShA_20-210x300.jpeg 210w, https:\/\/hugas.lt\/wp-content\/uploads\/2021\/03\/Shkaf_abonentskij_ShA_20-8x12.jpeg 8w, https:\/\/hugas.lt\/wp-content\/uploads\/2021\/03\/Shkaf_abonentskij_ShA_20-510x729.jpeg 510w, https:\/\/hugas.lt\/wp-content\/uploads\/2021\/03\/Shkaf_abonentskij_ShA_20-64x92.jpeg 64w, https:\/\/hugas.lt\/wp-content\/uploads\/2021\/03\/Shkaf_abonentskij_ShA_20.jpeg 716w\" sizes=\"(max-width: 210px) 100vw, 210px\" \/><\/p>","protected":false},"excerpt":{"rendered":"<p>Tvirta, patikima ir ilgaam\u017e\u0117 spinta korespondencijai su 8 durel\u0117mis.<\/p>\n<p>&nbsp;<\/p>","protected":false},"featured_media":7848,"comment_status":"open","ping_status":"closed","template":"","meta":[],"product_cat":[19,18],"product_tag":[],"_links":{"self":[{"href":"https:\/\/hugas.lt\/en\/wp-json\/wp\/v2\/product\/7847"}],"collection":[{"href":"https:\/\/hugas.lt\/en\/wp-json\/wp\/v2\/product"}],"about":[{"href":"https:\/\/hugas.lt\/en\/wp-json\/wp\/v2\/types\/product"}],"replies":[{"embeddable":true,"href":"https:\/\/hugas.lt\/en\/wp-json\/wp\/v2\/comments?post=7847"}],"wp:featuredmedia":[{"embeddable":true,"href":"https:\/\/hugas.lt\/en\/wp-json\/wp\/v2\/media\/7848"}],"wp:attachment":[{"href":"https:\/\/hugas.lt\/en\/wp-json\/wp\/v2\/media?parent=7847"}],"wp:term":[{"taxonomy":"product_cat","embeddable":true,"href":"https:\/\/hugas.lt\/en\/wp-json\/wp\/v2\/product_cat?post=7847"},{"taxonomy":"product_tag","embeddable":true,"href":"https:\/\/hugas.lt\/en\/wp-json\/wp\/v2\/product_tag?post=7847"}],"curies":[{"name":"wp","href":"https:\/\/api.w.org\/{rel}","templated":true}]}}