{"id":7845,"date":"2021-03-08T14:40:34","date_gmt":"2021-03-08T12:40:34","guid":{"rendered":"https:\/\/hugas.lt\/?post_type=product&#038;p=7845"},"modified":"2023-01-21T14:06:26","modified_gmt":"2023-01-21T12:06:26","slug":"spinta-korespondencijai-1860x1100x370","status":"publish","type":"product","link":"https:\/\/hugas.lt\/en\/product\/spinta-korespondencijai-1860x1100x370\/","title":{"rendered":"Spinta korespondencijai 1860x1100x370"},"content":{"rendered":"<h2>Spinta korespondencijai<\/h2>\n<p>&nbsp;<\/p>\n<p>Spinta korespondencijai su 62 skyreliais, bei bendrosiomis durimis, kurios atidaro visas dureles vienu metu. \u0160ios itin auk\u0161tos kokyb\u0117s daikt\u0173 saugojimo spintel\u0117s su milteliniu b\u016bdu da\u017eyto lak\u0161tinio plieno r\u0117mu. Miltelinis padengimas sukuria atspar\u0173, kiet\u0105 &#8211; kasdieniam naudojimui tinkam\u0105 pavir\u0161i\u0173. Spinta pagaminta i\u0161 1 mm storio plieno lak\u0161t\u0173. Tolyg\u0173 ir tyl\u0173 sustiprintos konstrukcijos dureli\u0173 u\u017edarym\u0105 u\u017etikrina guminiai amortizatoriai. Kiekvienos durel\u0117s komplektuojamos su cilindriniu u\u017eraktu ir 2 raktais.<\/p>\n<p>Matmenys: 1860x1100x370<\/p>\n<p>Svoris 193kg.<\/p>\n<p><img decoding=\"async\" class=\"size-medium wp-image-7846 aligncenter\" src=\"https:\/\/hugas.lt\/wp-content\/uploads\/2021\/03\/Shkaf_abonentskij_JeShA_1-213x300.jpeg\" alt=\"Spinta korespondencijai\" width=\"213\" height=\"300\" srcset=\"https:\/\/hugas.lt\/wp-content\/uploads\/2021\/03\/Shkaf_abonentskij_JeShA_1-213x300.jpeg 213w, https:\/\/hugas.lt\/wp-content\/uploads\/2021\/03\/Shkaf_abonentskij_JeShA_1-9x12.jpeg 9w, https:\/\/hugas.lt\/wp-content\/uploads\/2021\/03\/Shkaf_abonentskij_JeShA_1-510x719.jpeg 510w, https:\/\/hugas.lt\/wp-content\/uploads\/2021\/03\/Shkaf_abonentskij_JeShA_1-64x90.jpeg 64w, https:\/\/hugas.lt\/wp-content\/uploads\/2021\/03\/Shkaf_abonentskij_JeShA_1.jpeg 692w\" sizes=\"(max-width: 213px) 100vw, 213px\" \/><\/p>","protected":false},"excerpt":{"rendered":"<p>Tvirta, patikima ir ilgaam\u017e\u0117 spinta korespondencijai su 62 skyreliais.<\/p>\n<p>&nbsp;<\/p>\n<p>&nbsp;<\/p>","protected":false},"featured_media":7846,"comment_status":"open","ping_status":"closed","template":"","meta":[],"product_cat":[19,18],"product_tag":[],"_links":{"self":[{"href":"https:\/\/hugas.lt\/en\/wp-json\/wp\/v2\/product\/7845"}],"collection":[{"href":"https:\/\/hugas.lt\/en\/wp-json\/wp\/v2\/product"}],"about":[{"href":"https:\/\/hugas.lt\/en\/wp-json\/wp\/v2\/types\/product"}],"replies":[{"embeddable":true,"href":"https:\/\/hugas.lt\/en\/wp-json\/wp\/v2\/comments?post=7845"}],"wp:featuredmedia":[{"embeddable":true,"href":"https:\/\/hugas.lt\/en\/wp-json\/wp\/v2\/media\/7846"}],"wp:attachment":[{"href":"https:\/\/hugas.lt\/en\/wp-json\/wp\/v2\/media?parent=7845"}],"wp:term":[{"taxonomy":"product_cat","embeddable":true,"href":"https:\/\/hugas.lt\/en\/wp-json\/wp\/v2\/product_cat?post=7845"},{"taxonomy":"product_tag","embeddable":true,"href":"https:\/\/hugas.lt\/en\/wp-json\/wp\/v2\/product_tag?post=7845"}],"curies":[{"name":"wp","href":"https:\/\/api.w.org\/{rel}","templated":true}]}}