{"id":7841,"date":"2021-03-08T14:28:30","date_gmt":"2021-03-08T12:28:30","guid":{"rendered":"https:\/\/hugas.lt\/?post_type=product&#038;p=7841"},"modified":"2024-11-10T02:35:35","modified_gmt":"2024-11-10T00:35:35","slug":"spinta-su-skyreliais-1950x300x600","status":"publish","type":"product","link":"https:\/\/hugas.lt\/en\/product\/spinta-su-skyreliais-1950x300x600\/","title":{"rendered":"Spinta su skyreliais 1950x300x600"},"content":{"rendered":"<h2>Spinta su skyreliais<\/h2>\n<p>&nbsp;<\/p>\n<p>Spinta puikiai tiks laikyti telefonus ar plan\u0161etinius kompiuterius. Nesunkiai galima integruoti el. \u012frenginio krovimo funkcij\u0105 kiekvienai vietai.<\/p>\n<p>Skyreli\u0173 matmenys &#8211; 123x241mm 20 vnt. ir 267x241mm 2 vnt.<\/p>\n<p><img decoding=\"async\" class=\"size-medium wp-image-7843 aligncenter\" src=\"https:\/\/hugas.lt\/wp-content\/uploads\/2021\/03\/shkaf_dlya_telefonov_0-198x300.jpeg\" alt=\"Spinta su skyreliais\" width=\"198\" height=\"300\" srcset=\"https:\/\/hugas.lt\/wp-content\/uploads\/2021\/03\/shkaf_dlya_telefonov_0-198x300.jpeg 198w, https:\/\/hugas.lt\/wp-content\/uploads\/2021\/03\/shkaf_dlya_telefonov_0-674x1024.jpeg 674w, https:\/\/hugas.lt\/wp-content\/uploads\/2021\/03\/shkaf_dlya_telefonov_0-8x12.jpeg 8w, https:\/\/hugas.lt\/wp-content\/uploads\/2021\/03\/shkaf_dlya_telefonov_0-510x774.jpeg 510w, https:\/\/hugas.lt\/wp-content\/uploads\/2021\/03\/shkaf_dlya_telefonov_0-64x97.jpeg 64w, https:\/\/hugas.lt\/wp-content\/uploads\/2021\/03\/shkaf_dlya_telefonov_0.jpeg 706w\" sizes=\"(max-width: 198px) 100vw, 198px\" \/><\/p>","protected":false},"excerpt":{"rendered":"<p>Spinta su skyreliais. Pagaminta i\u0161 0,8 mm. plieno. Spinta tinka telefon\u0173 saugojimui. Galima pajungti krovim\u0105.<\/p>","protected":false},"featured_media":7843,"comment_status":"open","ping_status":"closed","template":"","meta":[],"product_cat":[19,36],"product_tag":[],"_links":{"self":[{"href":"https:\/\/hugas.lt\/en\/wp-json\/wp\/v2\/product\/7841"}],"collection":[{"href":"https:\/\/hugas.lt\/en\/wp-json\/wp\/v2\/product"}],"about":[{"href":"https:\/\/hugas.lt\/en\/wp-json\/wp\/v2\/types\/product"}],"replies":[{"embeddable":true,"href":"https:\/\/hugas.lt\/en\/wp-json\/wp\/v2\/comments?post=7841"}],"wp:featuredmedia":[{"embeddable":true,"href":"https:\/\/hugas.lt\/en\/wp-json\/wp\/v2\/media\/7843"}],"wp:attachment":[{"href":"https:\/\/hugas.lt\/en\/wp-json\/wp\/v2\/media?parent=7841"}],"wp:term":[{"taxonomy":"product_cat","embeddable":true,"href":"https:\/\/hugas.lt\/en\/wp-json\/wp\/v2\/product_cat?post=7841"},{"taxonomy":"product_tag","embeddable":true,"href":"https:\/\/hugas.lt\/en\/wp-json\/wp\/v2\/product_tag?post=7841"}],"curies":[{"name":"wp","href":"https:\/\/api.w.org\/{rel}","templated":true}]}}