{"id":7837,"date":"2021-03-08T12:32:57","date_gmt":"2021-03-08T10:32:57","guid":{"rendered":"https:\/\/hugas.lt\/?post_type=product&#038;p=7837"},"modified":"2024-11-10T01:00:24","modified_gmt":"2024-11-09T23:00:24","slug":"batu-spintele-1030x500x140","status":"publish","type":"product","link":"https:\/\/hugas.lt\/en\/product\/batu-spintele-1030x500x140\/","title":{"rendered":"Bat\u0173 spintel\u0117 1030x500x140"},"content":{"rendered":"<h2>Bat\u0173 spintel\u0117<\/h2>\n<p>&nbsp;<\/p>\n<p>Trij\u0173 skyri\u0173 spintel\u0117 batams.<\/p>\n<p>Spalva RAL 7035.<\/p>\n<p>Matmenys 1030x500x140.<\/p>\n<p><img decoding=\"async\" class=\"size-medium wp-image-7838 aligncenter\" src=\"https:\/\/hugas.lt\/wp-content\/uploads\/2021\/03\/tumba_dlya_obuvi_THOzh_3_0-206x300.jpeg\" alt=\"Bat\u0173 spintel\u0117\" width=\"206\" height=\"300\" srcset=\"https:\/\/hugas.lt\/wp-content\/uploads\/2021\/03\/tumba_dlya_obuvi_THOzh_3_0-206x300.jpeg 206w, https:\/\/hugas.lt\/wp-content\/uploads\/2021\/03\/tumba_dlya_obuvi_THOzh_3_0-702x1024.jpeg 702w, https:\/\/hugas.lt\/wp-content\/uploads\/2021\/03\/tumba_dlya_obuvi_THOzh_3_0-8x12.jpeg 8w, https:\/\/hugas.lt\/wp-content\/uploads\/2021\/03\/tumba_dlya_obuvi_THOzh_3_0-510x744.jpeg 510w, https:\/\/hugas.lt\/wp-content\/uploads\/2021\/03\/tumba_dlya_obuvi_THOzh_3_0-64x93.jpeg 64w, https:\/\/hugas.lt\/wp-content\/uploads\/2021\/03\/tumba_dlya_obuvi_THOzh_3_0.jpeg 766w\" sizes=\"(max-width: 206px) 100vw, 206px\" \/><\/p>","protected":false},"excerpt":{"rendered":"<p>Tvirta, patikima ir ilgaam\u017e\u0117 bat\u0173 spintel\u0117.<\/p>\n<p>&nbsp;<\/p>","protected":false},"featured_media":7838,"comment_status":"open","ping_status":"closed","template":"","meta":[],"product_cat":[19,35],"product_tag":[],"_links":{"self":[{"href":"https:\/\/hugas.lt\/en\/wp-json\/wp\/v2\/product\/7837"}],"collection":[{"href":"https:\/\/hugas.lt\/en\/wp-json\/wp\/v2\/product"}],"about":[{"href":"https:\/\/hugas.lt\/en\/wp-json\/wp\/v2\/types\/product"}],"replies":[{"embeddable":true,"href":"https:\/\/hugas.lt\/en\/wp-json\/wp\/v2\/comments?post=7837"}],"wp:featuredmedia":[{"embeddable":true,"href":"https:\/\/hugas.lt\/en\/wp-json\/wp\/v2\/media\/7838"}],"wp:attachment":[{"href":"https:\/\/hugas.lt\/en\/wp-json\/wp\/v2\/media?parent=7837"}],"wp:term":[{"taxonomy":"product_cat","embeddable":true,"href":"https:\/\/hugas.lt\/en\/wp-json\/wp\/v2\/product_cat?post=7837"},{"taxonomy":"product_tag","embeddable":true,"href":"https:\/\/hugas.lt\/en\/wp-json\/wp\/v2\/product_tag?post=7837"}],"curies":[{"name":"wp","href":"https:\/\/api.w.org\/{rel}","templated":true}]}}