{"id":7750,"date":"2021-03-02T11:58:18","date_gmt":"2021-03-02T09:58:18","guid":{"rendered":"https:\/\/hugas.lt\/?post_type=product&#038;p=7750"},"modified":"2025-03-13T11:28:26","modified_gmt":"2025-03-13T09:28:26","slug":"mobilus-darbastalis-su-6-stalciais","status":"publish","type":"product","link":"https:\/\/hugas.lt\/en\/product\/mobilus-darbastalis-su-6-stalciais\/","title":{"rendered":"Mobilus darbastalis su 6 stal\u010diais ir spintele"},"content":{"rendered":"<h2>Darbastalis<\/h2>\n<p>&nbsp;<\/p>\n<p>Mobil\u016bs darbastaliai ant reguliuojam\u0173 atram\u0173 yra skirti mobiliosios \u0161altkalvio darbo vietos sutvarkymui. Darbastaliai pristatomi nesurinkti, gamyklin\u0117je pakuot\u0117je, kuri u\u017etikrina saugum\u0105 transportuojant.<\/p>\n<ul>\n<li>modernus stilingas dizainas;<\/li>\n<li>tvirto plieno konstrukcija i\u0161 lak\u0161tinio metalo;<\/li>\n<li>patogi rankena lengvam jud\u0117jimui ir sukimui;<\/li>\n<li>darbastalis padengtas patvaria, \u012fbr\u0117\u017eimams, pa\u017eeidimams ir korozijai atsparia danga;<\/li>\n<li>d\u0117\u017ei\u0173 dydis leid\u017eia kompakti\u0161kai \u012fd\u0117ti \u012frank\u012f;<\/li>\n<li>rutuliniai kreiptuvai u\u017etikrina saug\u0173 ir lengv\u0105 slydim\u0105 net esant pilnai apkrovai;<\/li>\n<li>125 mm skersmens ratai palengvina ve\u017eim\u0117lio valdym\u0105;<\/li>\n<li>visas stal\u010diaus i\u0161traukimas palengvina patog\u0173 ir netrukdom\u0105 pri\u0117jim\u0105 prie \u012frankio;<\/li>\n<li>rat\u0173 u\u017eraktas apsaugo nuo nepageidaujamo jud\u0117jimo, u\u017etikrina saug\u0173 darbo stalo parkavim\u0105;<\/li>\n<li>atlaiko 300 kg apkrov\u0105.<\/li>\n<\/ul>\n<p>Matmenys:<\/p>\n<p>1200x620x950<\/p>\n<p><img decoding=\"async\" class=\"size-medium wp-image-7751 aligncenter\" src=\"https:\/\/hugas.lt\/wp-content\/uploads\/2021\/03\/mobile_workbench_4s2m_d_p-300x183.jpg\" alt=\"darbastalis\" width=\"300\" height=\"183\" srcset=\"https:\/\/hugas.lt\/wp-content\/uploads\/2021\/03\/mobile_workbench_4s2m_d_p-300x183.jpg 300w, https:\/\/hugas.lt\/wp-content\/uploads\/2021\/03\/mobile_workbench_4s2m_d_p-1024x624.jpg 1024w, https:\/\/hugas.lt\/wp-content\/uploads\/2021\/03\/mobile_workbench_4s2m_d_p-768x468.jpg 768w, https:\/\/hugas.lt\/wp-content\/uploads\/2021\/03\/mobile_workbench_4s2m_d_p-18x12.jpg 18w, https:\/\/hugas.lt\/wp-content\/uploads\/2021\/03\/mobile_workbench_4s2m_d_p-510x311.jpg 510w, https:\/\/hugas.lt\/wp-content\/uploads\/2021\/03\/mobile_workbench_4s2m_d_p-64x39.jpg 64w, https:\/\/hugas.lt\/wp-content\/uploads\/2021\/03\/mobile_workbench_4s2m_d_p.jpg 1148w\" sizes=\"(max-width: 300px) 100vw, 300px\" \/><\/p>","protected":false},"excerpt":{"rendered":"<p>Tvirtas, patikimas ir ilgaam\u017eis mobilus darbastalis puikiai tinkantis naudoti gara\u017ee ar dirbtuv\u0117je.<\/p>","protected":false},"featured_media":7751,"comment_status":"open","ping_status":"closed","template":"","meta":[],"product_cat":[59],"product_tag":[],"_links":{"self":[{"href":"https:\/\/hugas.lt\/en\/wp-json\/wp\/v2\/product\/7750"}],"collection":[{"href":"https:\/\/hugas.lt\/en\/wp-json\/wp\/v2\/product"}],"about":[{"href":"https:\/\/hugas.lt\/en\/wp-json\/wp\/v2\/types\/product"}],"replies":[{"embeddable":true,"href":"https:\/\/hugas.lt\/en\/wp-json\/wp\/v2\/comments?post=7750"}],"wp:featuredmedia":[{"embeddable":true,"href":"https:\/\/hugas.lt\/en\/wp-json\/wp\/v2\/media\/7751"}],"wp:attachment":[{"href":"https:\/\/hugas.lt\/en\/wp-json\/wp\/v2\/media?parent=7750"}],"wp:term":[{"taxonomy":"product_cat","embeddable":true,"href":"https:\/\/hugas.lt\/en\/wp-json\/wp\/v2\/product_cat?post=7750"},{"taxonomy":"product_tag","embeddable":true,"href":"https:\/\/hugas.lt\/en\/wp-json\/wp\/v2\/product_tag?post=7750"}],"curies":[{"name":"wp","href":"https:\/\/api.w.org\/{rel}","templated":true}]}}