{"id":7749,"date":"2021-03-02T11:48:16","date_gmt":"2021-03-02T09:48:16","guid":{"rendered":"https:\/\/hugas.lt\/?post_type=product&#038;p=7749"},"modified":"2022-04-24T11:26:29","modified_gmt":"2022-04-24T09:26:29","slug":"darbastalis-1800x620x750-1000h-6","status":"publish","type":"product","link":"https:\/\/hugas.lt\/en\/product\/darbastalis-1800x620x750-1000h-6\/","title":{"rendered":"Darbastalis 1800x620x750-1000H"},"content":{"rendered":"<h2>Darbastalis<\/h2>\n<p>&nbsp;<\/p>\n<p>Mobil\u016bs darbastaliai ant reguliuojam\u0173 atram\u0173 yra skirti mobiliosios \u0161altkalvio darbo vietos sutvarkymui. Darbastaliai gali b\u016bti naudojami \u012fvairiems darbams (lengviems, sunkiems, tiksliems), nes jie gali pakeisti stalvir\u0161io \u012frengimo auk\u0161t\u012f. Darbastaliai pristatomi nesurinkti, gamyklin\u0117je pakuot\u0117je, kuri u\u017etikrina saugum\u0105 transportuojant.<\/p>\n<ul>\n<li>darbastalio spintel\u0117s apkrova iki 40 kg;<\/li>\n<li>modernus stilingas dizainas;<\/li>\n<li>tvirto plieno konstrukcija i\u0161 lak\u0161tinio metalo;<\/li>\n<li>patogi rankena lengvam jud\u0117jimui ir sukimui;<\/li>\n<li>\u00a0darbastalis padengtas patvaria, \u012fbr\u0117\u017eimams, pa\u017eeidimams ir korozijai atsparia danga;<\/li>\n<li>d\u0117\u017ei\u0173 dydis leid\u017eia kompakti\u0161kai \u012fd\u0117ti \u012frank\u012f;<\/li>\n<li>rutuliniai kreiptuvai u\u017etikrina saug\u0173 ir lengv\u0105 slydim\u0105 net esant pilnai apkrovai;<\/li>\n<li>100 mm skersmens ratai palengvina ve\u017eim\u0117lio valdym\u0105;<\/li>\n<li>prakti\u0161kos spalvos: korpusas tamsiai pilkas RAL 7015;<\/li>\n<li>fasadas pilkas RAL 7040;<\/li>\n<li>visas stal\u010diaus i\u0161traukimas palengvina patog\u0173 ir netrukdom\u0105 pri\u0117jim\u0105 prie \u012frankio;<\/li>\n<li>rat\u0173 u\u017eraktas apsaugo nuo nepageidaujamo jud\u0117jimo, u\u017etikrina saug\u0173 darbo stalo parkavim\u0105;<\/li>\n<li>24 mm arba 25 mm storio stalvir\u0161io dr\u0117gmei atspari fanera su \u012fvairiais tipais ir dang\u010diais; cinkuotas 1 mm; ner\u016bdijantis plienas 1 mm; guma su cinkuotu apvadu; metalas 2 mm ir dengtas metalas 4 mm.<\/li>\n<\/ul>\n<p><img decoding=\"async\" class=\"size-medium wp-image-7746 aligncenter\" src=\"https:\/\/hugas.lt\/wp-content\/uploads\/2021\/03\/portable_workbench_vrm-300x199.jpeg\" alt=\"darbastalis\" width=\"300\" height=\"199\" srcset=\"https:\/\/hugas.lt\/wp-content\/uploads\/2021\/03\/portable_workbench_vrm-300x199.jpeg 300w, https:\/\/hugas.lt\/wp-content\/uploads\/2021\/03\/portable_workbench_vrm-1024x679.jpeg 1024w, https:\/\/hugas.lt\/wp-content\/uploads\/2021\/03\/portable_workbench_vrm-768x510.jpeg 768w, https:\/\/hugas.lt\/wp-content\/uploads\/2021\/03\/portable_workbench_vrm-18x12.jpeg 18w, https:\/\/hugas.lt\/wp-content\/uploads\/2021\/03\/portable_workbench_vrm-510x338.jpeg 510w, https:\/\/hugas.lt\/wp-content\/uploads\/2021\/03\/portable_workbench_vrm-64x42.jpeg 64w, https:\/\/hugas.lt\/wp-content\/uploads\/2021\/03\/portable_workbench_vrm.jpeg 1055w\" sizes=\"(max-width: 300px) 100vw, 300px\" \/><\/p>","protected":false},"excerpt":{"rendered":"<p>Tvirtas, patikimas ir ilgaam\u017eis mobilus darbastalis puikiai tinkantis naudoti gara\u017ee ar dirbtuv\u0117je.<\/p>","protected":false},"featured_media":7746,"comment_status":"open","ping_status":"closed","template":"","meta":[],"product_cat":[59,58],"product_tag":[],"_links":{"self":[{"href":"https:\/\/hugas.lt\/en\/wp-json\/wp\/v2\/product\/7749"}],"collection":[{"href":"https:\/\/hugas.lt\/en\/wp-json\/wp\/v2\/product"}],"about":[{"href":"https:\/\/hugas.lt\/en\/wp-json\/wp\/v2\/types\/product"}],"replies":[{"embeddable":true,"href":"https:\/\/hugas.lt\/en\/wp-json\/wp\/v2\/comments?post=7749"}],"wp:featuredmedia":[{"embeddable":true,"href":"https:\/\/hugas.lt\/en\/wp-json\/wp\/v2\/media\/7746"}],"wp:attachment":[{"href":"https:\/\/hugas.lt\/en\/wp-json\/wp\/v2\/media?parent=7749"}],"wp:term":[{"taxonomy":"product_cat","embeddable":true,"href":"https:\/\/hugas.lt\/en\/wp-json\/wp\/v2\/product_cat?post=7749"},{"taxonomy":"product_tag","embeddable":true,"href":"https:\/\/hugas.lt\/en\/wp-json\/wp\/v2\/product_tag?post=7749"}],"curies":[{"name":"wp","href":"https:\/\/api.w.org\/{rel}","templated":true}]}}