{"id":7741,"date":"2021-03-02T11:11:28","date_gmt":"2021-03-02T09:11:28","guid":{"rendered":"https:\/\/hugas.lt\/?post_type=product&#038;p=7741"},"modified":"2023-01-22T13:33:59","modified_gmt":"2023-01-22T11:33:59","slug":"spintele-600x200x620","status":"publish","type":"product","link":"https:\/\/hugas.lt\/en\/product\/spintele-600x200x620\/","title":{"rendered":"Spintel\u0117 600x200x620"},"content":{"rendered":"<h2>Spintel\u0117<\/h2>\n<p>&nbsp;<\/p>\n<p>Spintel\u0117 \u201eBI-2\u201c skirta pramon\u0117s \u012fmoni\u0173, dirbtuvi\u0173 ir gara\u017e\u0173 darbo viet\u0173 \u012frangai laikyti ir gali b\u016bti pakabinama ar pastatoma \u0161alia meistro darbo vietos arba technin\u0117je patalpoje, kurioje saugomas \u012frankis. Ji pagaminta i\u0161 auk\u0161tos kokyb\u0117s 0,8 mm storio lak\u0161tinio plieno, kuris suformuoj\u0105 tvirt\u0105 korpus\u0105. Produkt\u0105 galima naudoti daugeliu s\u0105lyg\u0173, nes metalas padengtas milteliniais da\u017eais. Tai neleid\u017eia susidaryti korozijai ir i\u0161oriniams defektams, kurie atsiranda temperat\u016bros poky\u010di\u0173 ir didel\u0117s dr\u0117gm\u0117s metu. D\u0117\u017e\u0117se yra perforuota galin\u0117 siena. Kiekvienoje d\u0117\u017eut\u0117s kameroje yra individuali cilindrin\u0117 spyna, pagaminta \u201eEURO-LOCK\u201c, lentyna.<\/p>\n<p>Matmenys: 620x200x600mm<\/p>\n<p><img decoding=\"async\" class=\"aligncenter wp-image-8124 size-medium\" src=\"https:\/\/hugas.lt\/wp-content\/uploads\/2021\/03\/Bi-2S-300x278.png\" alt=\"Spintel\u0117\" width=\"300\" height=\"278\" \/><\/p>\n<h3><\/h3>","protected":false},"excerpt":{"rendered":"<p>Spintel\u0117 gali b\u016bti pakabinama ar pastatoma \u0161alia meistro darbo vietos arba technin\u0117je patalpoje, kurioje saugomi \u012frankiai, ar kiti daiktai.<\/p>","protected":false},"featured_media":7743,"comment_status":"open","ping_status":"closed","template":"","meta":[],"product_cat":[42,68],"product_tag":[],"_links":{"self":[{"href":"https:\/\/hugas.lt\/en\/wp-json\/wp\/v2\/product\/7741"}],"collection":[{"href":"https:\/\/hugas.lt\/en\/wp-json\/wp\/v2\/product"}],"about":[{"href":"https:\/\/hugas.lt\/en\/wp-json\/wp\/v2\/types\/product"}],"replies":[{"embeddable":true,"href":"https:\/\/hugas.lt\/en\/wp-json\/wp\/v2\/comments?post=7741"}],"wp:featuredmedia":[{"embeddable":true,"href":"https:\/\/hugas.lt\/en\/wp-json\/wp\/v2\/media\/7743"}],"wp:attachment":[{"href":"https:\/\/hugas.lt\/en\/wp-json\/wp\/v2\/media?parent=7741"}],"wp:term":[{"taxonomy":"product_cat","embeddable":true,"href":"https:\/\/hugas.lt\/en\/wp-json\/wp\/v2\/product_cat?post=7741"},{"taxonomy":"product_tag","embeddable":true,"href":"https:\/\/hugas.lt\/en\/wp-json\/wp\/v2\/product_tag?post=7741"}],"curies":[{"name":"wp","href":"https:\/\/api.w.org\/{rel}","templated":true}]}}