{"id":7739,"date":"2021-03-02T11:10:56","date_gmt":"2021-03-02T09:10:56","guid":{"rendered":"https:\/\/hugas.lt\/?post_type=product&#038;p=7739"},"modified":"2023-01-22T13:34:17","modified_gmt":"2023-01-22T11:34:17","slug":"pakabinama-spintele-300x200x620","status":"publish","type":"product","link":"https:\/\/hugas.lt\/en\/product\/pakabinama-spintele-300x200x620\/","title":{"rendered":"Spintel\u0117 300x200x620"},"content":{"rendered":"<h2>Spintel\u0117<\/h2>\n<p>&nbsp;<\/p>\n<p>Patogu j\u0105 pakabinti ar pastatyti \u0161alia meistro darbo vietos arba technin\u0117je patalpoje, kurioje saugomas \u012frankis. Lengvas 9 kg svoris palengvina produkt\u0173 gabenim\u0105. Jo pagrindas yra auk\u0161tos kokyb\u0117s 0,8 mm storio lak\u0161tinis plienas, kuris suformuoja tvirt\u0105 korpus\u0105. Produkt\u0105 galima naudoti daugeliu s\u0105lyg\u0173, nes metalas padengtas milteliniais da\u017eais. Tai neleid\u017eia susidaryti korozijai ir i\u0161oriniams defektams, kurie atsiranda temperat\u016bros poky\u010di\u0173 ir didel\u0117s dr\u0117gm\u0117s metu.<\/p>\n<p>Matmenys: 300x200x620mm<\/p>\n<p>&nbsp;<\/p>\n<p><img decoding=\"async\" class=\"aligncenter wp-image-8116 size-medium\" src=\"https:\/\/hugas.lt\/wp-content\/uploads\/2021\/03\/Bi-1S-300x293.png\" alt=\"Spintel\u0117 \" width=\"300\" height=\"293\" \/><\/p>","protected":false},"excerpt":{"rendered":"<p>Spintel\u0117 gali b\u016bti pakabinama ar pastatoma \u0161alia meistro darbo vietos arba technin\u0117je patalpoje, kurioje saugomi \u012frankiai, ar kiti daiktai.<\/p>","protected":false},"featured_media":7740,"comment_status":"open","ping_status":"closed","template":"","meta":[],"product_cat":[42,68],"product_tag":[],"_links":{"self":[{"href":"https:\/\/hugas.lt\/en\/wp-json\/wp\/v2\/product\/7739"}],"collection":[{"href":"https:\/\/hugas.lt\/en\/wp-json\/wp\/v2\/product"}],"about":[{"href":"https:\/\/hugas.lt\/en\/wp-json\/wp\/v2\/types\/product"}],"replies":[{"embeddable":true,"href":"https:\/\/hugas.lt\/en\/wp-json\/wp\/v2\/comments?post=7739"}],"wp:featuredmedia":[{"embeddable":true,"href":"https:\/\/hugas.lt\/en\/wp-json\/wp\/v2\/media\/7740"}],"wp:attachment":[{"href":"https:\/\/hugas.lt\/en\/wp-json\/wp\/v2\/media?parent=7739"}],"wp:term":[{"taxonomy":"product_cat","embeddable":true,"href":"https:\/\/hugas.lt\/en\/wp-json\/wp\/v2\/product_cat?post=7739"},{"taxonomy":"product_tag","embeddable":true,"href":"https:\/\/hugas.lt\/en\/wp-json\/wp\/v2\/product_tag?post=7739"}],"curies":[{"name":"wp","href":"https:\/\/api.w.org\/{rel}","templated":true}]}}