{"id":7737,"date":"2021-03-02T10:51:10","date_gmt":"2021-03-02T08:51:10","guid":{"rendered":"https:\/\/hugas.lt\/?post_type=product&#038;p=7737"},"modified":"2024-11-10T02:28:00","modified_gmt":"2024-11-10T00:28:00","slug":"darbastalis-1800x620x750-1000h-5","status":"publish","type":"product","link":"https:\/\/hugas.lt\/en\/product\/darbastalis-1800x620x750-1000h-5\/","title":{"rendered":"Darbastalis 1800x620x750-1000H"},"content":{"rendered":"<h2>Darbastalis<\/h2>\n<p>&nbsp;<\/p>\n<p>Darbastaliai gali b\u016bti naudojami \u012fvairiems darbams (lengviems, sunkiems, tiksliems), nes jie gali pakeisti stalvir\u0161io \u012frengimo auk\u0161t\u012f. Darbastaliai pristatomi nesurinkti, gamyklin\u0117je pakuot\u0117je, kuri u\u017etikrina saugum\u0105 transportuojant.<\/p>\n<ul>\n<li>darbastalio spintel\u0117s apkrova iki 40 kg;<\/li>\n<li>modernus stilingas dizainas;<\/li>\n<li>tvirto plieno konstrukcija i\u0161 lak\u0161tinio metalo;<\/li>\n<li>darbastalis padengtas patvaria, \u012fbr\u0117\u017eimams, pa\u017eeidimams ir korozijai atsparia danga;<\/li>\n<li>d\u0117\u017ei\u0173 dydis leid\u017eia kompakti\u0161kai \u012fd\u0117ti \u012frank\u012f;<\/li>\n<li>prakti\u0161kos spalvos: korpusas tamsiai pilkas RAL 7015;<\/li>\n<li>fasadas pilkas RAL 7040;<\/li>\n<li>visas stal\u010diaus i\u0161traukimas palengvina patog\u0173 ir netrukdom\u0105 pri\u0117jim\u0105 prie \u012frankio;<\/li>\n<li>24 mm arba 25 mm storio stalvir\u0161io dr\u0117gmei atspari fanera su \u012fvairiais tipais ir dang\u010diais; cinkuotas 1 mm; ner\u016bdijantis plienas 1 mm; guma su cinkuotu apvadu; metalas 2 mm ir dengtas metalas 4 mm.<\/li>\n<\/ul>\n<p><img decoding=\"async\" class=\"size-medium wp-image-7738 aligncenter\" src=\"https:\/\/hugas.lt\/wp-content\/uploads\/2021\/03\/workbench_vr_41_3ms_md_3ms-300x205.jpeg\" alt=\"darbastalis\" width=\"300\" height=\"205\" srcset=\"https:\/\/hugas.lt\/wp-content\/uploads\/2021\/03\/workbench_vr_41_3ms_md_3ms-300x205.jpeg 300w, https:\/\/hugas.lt\/wp-content\/uploads\/2021\/03\/workbench_vr_41_3ms_md_3ms-768x526.jpeg 768w, https:\/\/hugas.lt\/wp-content\/uploads\/2021\/03\/workbench_vr_41_3ms_md_3ms-18x12.jpeg 18w, https:\/\/hugas.lt\/wp-content\/uploads\/2021\/03\/workbench_vr_41_3ms_md_3ms-510x349.jpeg 510w, https:\/\/hugas.lt\/wp-content\/uploads\/2021\/03\/workbench_vr_41_3ms_md_3ms-64x44.jpeg 64w, https:\/\/hugas.lt\/wp-content\/uploads\/2021\/03\/workbench_vr_41_3ms_md_3ms.jpeg 1022w\" sizes=\"(max-width: 300px) 100vw, 300px\" \/><\/p>","protected":false},"excerpt":{"rendered":"<p>Tvirtas, patikimas ir ilgaam\u017eis reguliuojamo auk\u0161\u010dio darbastalis patogiai darbo vietai sukurti J\u016bs\u0173 gara\u017ee ar dirbtuv\u0117se.<\/p>","protected":false},"featured_media":7738,"comment_status":"open","ping_status":"closed","template":"","meta":[],"product_cat":[58],"product_tag":[],"_links":{"self":[{"href":"https:\/\/hugas.lt\/en\/wp-json\/wp\/v2\/product\/7737"}],"collection":[{"href":"https:\/\/hugas.lt\/en\/wp-json\/wp\/v2\/product"}],"about":[{"href":"https:\/\/hugas.lt\/en\/wp-json\/wp\/v2\/types\/product"}],"replies":[{"embeddable":true,"href":"https:\/\/hugas.lt\/en\/wp-json\/wp\/v2\/comments?post=7737"}],"wp:featuredmedia":[{"embeddable":true,"href":"https:\/\/hugas.lt\/en\/wp-json\/wp\/v2\/media\/7738"}],"wp:attachment":[{"href":"https:\/\/hugas.lt\/en\/wp-json\/wp\/v2\/media?parent=7737"}],"wp:term":[{"taxonomy":"product_cat","embeddable":true,"href":"https:\/\/hugas.lt\/en\/wp-json\/wp\/v2\/product_cat?post=7737"},{"taxonomy":"product_tag","embeddable":true,"href":"https:\/\/hugas.lt\/en\/wp-json\/wp\/v2\/product_tag?post=7737"}],"curies":[{"name":"wp","href":"https:\/\/api.w.org\/{rel}","templated":true}]}}