{"id":7715,"date":"2021-03-01T15:58:09","date_gmt":"2021-03-01T13:58:09","guid":{"rendered":"https:\/\/hugas.lt\/?post_type=product&#038;p=7715"},"modified":"2024-05-09T11:28:37","modified_gmt":"2024-05-09T09:28:37","slug":"vezimelis-su-lentynomis-3","status":"publish","type":"product","link":"https:\/\/hugas.lt\/en\/product\/vezimelis-su-lentynomis-3\/","title":{"rendered":"Ve\u017eim\u0117lis su lentynomis"},"content":{"rendered":"<h2>Ve\u017eim\u0117lis su lentynomis<\/h2>\n<p>&nbsp;<\/p>\n<p>Ve\u017eim\u0117lis su lentynomis yra pagamintas i\u0161 auk\u0161tos kokyb\u0117s plieno. Pilnai suvirintos konstrukcijos. Jis padengtas miltelini\u0173 da\u017e\u0173 sluoksniu, kuris apsaugo nuo mechanini\u0173 pa\u017eeidim\u0173 bei korozijos. Puikiai tinka naudoti gara\u017ee, dirbtuv\u0117se ir sand\u0117lyje, nes yra universalus. Jis yra skirtas mobiliai darbo vietai sukurti ir \u012fvairiems kroviniams gabenti. Maksimali lentynos apkrova gali siekti iki 60 kg.<\/p>\n<p style=\"font-size: 20.16px;\">Matmenys: H900x750x450mm<\/p>\n<p><img decoding=\"async\" class=\"aligncenter wp-image-7716 size-medium\" src=\"https:\/\/hugas.lt\/wp-content\/uploads\/2021\/03\/shelf_cart_vpc_1_-300x292.jpeg\" alt=\"Ve\u017eim\u0117lis su lentynomis\" width=\"300\" height=\"292\" srcset=\"https:\/\/hugas.lt\/wp-content\/uploads\/2021\/03\/shelf_cart_vpc_1_-300x292.jpeg 300w, https:\/\/hugas.lt\/wp-content\/uploads\/2021\/03\/shelf_cart_vpc_1_-768x748.jpeg 768w, https:\/\/hugas.lt\/wp-content\/uploads\/2021\/03\/shelf_cart_vpc_1_-12x12.jpeg 12w, https:\/\/hugas.lt\/wp-content\/uploads\/2021\/03\/shelf_cart_vpc_1_-510x497.jpeg 510w, https:\/\/hugas.lt\/wp-content\/uploads\/2021\/03\/shelf_cart_vpc_1_-64x62.jpeg 64w, https:\/\/hugas.lt\/wp-content\/uploads\/2021\/03\/shelf_cart_vpc_1_.jpeg 927w\" sizes=\"(max-width: 300px) 100vw, 300px\" \/><\/p>","protected":false},"excerpt":{"rendered":"<p>Ve\u017eim\u0117lis su trimis lentynomis yra skirtas mobiliai darbo vietai sukurti.<\/p>","protected":false},"featured_media":7716,"comment_status":"open","ping_status":"closed","template":"","meta":[],"product_cat":[56],"product_tag":[],"_links":{"self":[{"href":"https:\/\/hugas.lt\/en\/wp-json\/wp\/v2\/product\/7715"}],"collection":[{"href":"https:\/\/hugas.lt\/en\/wp-json\/wp\/v2\/product"}],"about":[{"href":"https:\/\/hugas.lt\/en\/wp-json\/wp\/v2\/types\/product"}],"replies":[{"embeddable":true,"href":"https:\/\/hugas.lt\/en\/wp-json\/wp\/v2\/comments?post=7715"}],"wp:featuredmedia":[{"embeddable":true,"href":"https:\/\/hugas.lt\/en\/wp-json\/wp\/v2\/media\/7716"}],"wp:attachment":[{"href":"https:\/\/hugas.lt\/en\/wp-json\/wp\/v2\/media?parent=7715"}],"wp:term":[{"taxonomy":"product_cat","embeddable":true,"href":"https:\/\/hugas.lt\/en\/wp-json\/wp\/v2\/product_cat?post=7715"},{"taxonomy":"product_tag","embeddable":true,"href":"https:\/\/hugas.lt\/en\/wp-json\/wp\/v2\/product_tag?post=7715"}],"curies":[{"name":"wp","href":"https:\/\/api.w.org\/{rel}","templated":true}]}}