{"id":7712,"date":"2021-03-01T15:49:50","date_gmt":"2021-03-01T13:49:50","guid":{"rendered":"https:\/\/hugas.lt\/?post_type=product&#038;p=7712"},"modified":"2022-06-17T10:37:37","modified_gmt":"2022-06-17T08:37:37","slug":"vezimelis-su-lentynomis-2","status":"publish","type":"product","link":"https:\/\/hugas.lt\/en\/product\/vezimelis-su-lentynomis-2\/","title":{"rendered":"Ve\u017eim\u0117lis su lentynomis"},"content":{"rendered":"<h2>Ve\u017eim\u0117lis su lentynomis<\/h2>\n<p>&nbsp;<\/p>\n<p>Vidurin\u0119 lentyn\u0105 galima montuoti 3 pozicijose. Ve\u017eim\u0117lyje sumontuoti 100 mm skersmens ratai &#8211; du nesisukantys, du sukamieji, i\u0161 kuri\u0173 vienas turi stabd\u012f, kuris palengvina ve\u017eim\u0117lio jud\u0117jim\u0105 bet kuria kryptimi.<\/p>\n<p>Ve\u017eim\u0117lis su lentynomis yra pagamintas i\u0161 auk\u0161tos kokyb\u0117s plieno. Jis padengtas miltelini\u0173 da\u017e\u0173 sluoksniu, kuris apsaugo nuo mechanini\u0173 pa\u017eeidim\u0173 bei korozijos. Puikiai tinka naudoti gara\u017ee, dirbtuv\u0117se ir sand\u0117lyje, nes yra universalus. Jis yra skirtas mobiliai darbo vietai sukurti ir \u012fvairiems kroviniams gabenti. Maksimali lentynos apkrova gali siekti iki 45 kg.<\/p>\n<p style=\"font-size: 20.16px;\">Matmenys: H900x750x450mm<\/p>\n<p><img decoding=\"async\" class=\"aligncenter wp-image-7713 size-medium\" src=\"https:\/\/hugas.lt\/wp-content\/uploads\/2021\/03\/shelf_cart_vpr_1_2s_with_2_drawers_pack-300x282.jpeg\" alt=\"Ve\u017eim\u0117lis su lentynomis\" width=\"300\" height=\"282\" srcset=\"https:\/\/hugas.lt\/wp-content\/uploads\/2021\/03\/shelf_cart_vpr_1_2s_with_2_drawers_pack-300x282.jpeg 300w, https:\/\/hugas.lt\/wp-content\/uploads\/2021\/03\/shelf_cart_vpr_1_2s_with_2_drawers_pack-768x722.jpeg 768w, https:\/\/hugas.lt\/wp-content\/uploads\/2021\/03\/shelf_cart_vpr_1_2s_with_2_drawers_pack-13x12.jpeg 13w, https:\/\/hugas.lt\/wp-content\/uploads\/2021\/03\/shelf_cart_vpr_1_2s_with_2_drawers_pack-510x480.jpeg 510w, https:\/\/hugas.lt\/wp-content\/uploads\/2021\/03\/shelf_cart_vpr_1_2s_with_2_drawers_pack-64x60.jpeg 64w, https:\/\/hugas.lt\/wp-content\/uploads\/2021\/03\/shelf_cart_vpr_1_2s_with_2_drawers_pack.jpeg 960w\" sizes=\"(max-width: 300px) 100vw, 300px\" \/><\/p>","protected":false},"excerpt":{"rendered":"<p>Ve\u017eim\u0117lis su trimis lentynomis yra skirtas mobiliai darbo vietai sukurti.<\/p>","protected":false},"featured_media":7713,"comment_status":"open","ping_status":"closed","template":"","meta":[],"product_cat":[56],"product_tag":[],"_links":{"self":[{"href":"https:\/\/hugas.lt\/en\/wp-json\/wp\/v2\/product\/7712"}],"collection":[{"href":"https:\/\/hugas.lt\/en\/wp-json\/wp\/v2\/product"}],"about":[{"href":"https:\/\/hugas.lt\/en\/wp-json\/wp\/v2\/types\/product"}],"replies":[{"embeddable":true,"href":"https:\/\/hugas.lt\/en\/wp-json\/wp\/v2\/comments?post=7712"}],"wp:featuredmedia":[{"embeddable":true,"href":"https:\/\/hugas.lt\/en\/wp-json\/wp\/v2\/media\/7713"}],"wp:attachment":[{"href":"https:\/\/hugas.lt\/en\/wp-json\/wp\/v2\/media?parent=7712"}],"wp:term":[{"taxonomy":"product_cat","embeddable":true,"href":"https:\/\/hugas.lt\/en\/wp-json\/wp\/v2\/product_cat?post=7712"},{"taxonomy":"product_tag","embeddable":true,"href":"https:\/\/hugas.lt\/en\/wp-json\/wp\/v2\/product_tag?post=7712"}],"curies":[{"name":"wp","href":"https:\/\/api.w.org\/{rel}","templated":true}]}}