{"id":7683,"date":"2021-01-24T11:35:33","date_gmt":"2021-01-24T09:35:33","guid":{"rendered":"https:\/\/hugas.lt\/?post_type=product&#038;p=7683"},"modified":"2024-03-12T17:13:40","modified_gmt":"2024-03-12T15:13:40","slug":"irankiu-spinta-su-4-lentynomis-3","status":"publish","type":"product","link":"https:\/\/hugas.lt\/en\/product\/irankiu-spinta-su-4-lentynomis-3\/","title":{"rendered":"\u012eranki\u0173 spinta su 4 lentynomis"},"content":{"rendered":"<h2>\u012eranki\u0173 spinta<\/h2>\n<p>&nbsp;<\/p>\n<p>Spinta pagaminta i\u0161 tvirto, milteliniu b\u016bdu da\u017eyto lak\u0161tinio plieno. Miltelinis da\u017eymas sukuria kiet\u0105 ir tvirt\u0105 pavir\u0161i\u0173. Lak\u0161tinio metalo spintos turinio saugum\u0105 u\u017etikrina rakinamos, dvigubos konstrukcijos durys.<\/p>\n<p>Matmenys:<\/p>\n<p>1800 \u0445 800 \u0445 500<\/p>\n<p>Viduje keturios reguliuojamo auk\u0161\u010dio lentynos<\/p>\n<p><img decoding=\"async\" class=\"size-medium wp-image-7437 aligncenter\" src=\"https:\/\/hugas.lt\/wp-content\/uploads\/2020\/10\/irankiu-spinta-257x300.jpeg\" alt=\"spinta\" width=\"257\" height=\"300\" srcset=\"https:\/\/hugas.lt\/wp-content\/uploads\/2020\/10\/irankiu-spinta-257x300.jpeg 257w, https:\/\/hugas.lt\/wp-content\/uploads\/2020\/10\/irankiu-spinta-10x12.jpeg 10w, https:\/\/hugas.lt\/wp-content\/uploads\/2020\/10\/irankiu-spinta-510x595.jpeg 510w, https:\/\/hugas.lt\/wp-content\/uploads\/2020\/10\/irankiu-spinta-64x75.jpeg 64w, https:\/\/hugas.lt\/wp-content\/uploads\/2020\/10\/irankiu-spinta.jpeg 600w\" sizes=\"(max-width: 257px) 100vw, 257px\" \/><\/p>","protected":false},"excerpt":{"rendered":"<p>Tvirta, patikima ir ilgaam\u017e\u0117 \u012franki\u0173 spinta.<\/p>","protected":false},"featured_media":7437,"comment_status":"open","ping_status":"closed","template":"","meta":[],"product_cat":[19,39],"product_tag":[],"_links":{"self":[{"href":"https:\/\/hugas.lt\/en\/wp-json\/wp\/v2\/product\/7683"}],"collection":[{"href":"https:\/\/hugas.lt\/en\/wp-json\/wp\/v2\/product"}],"about":[{"href":"https:\/\/hugas.lt\/en\/wp-json\/wp\/v2\/types\/product"}],"replies":[{"embeddable":true,"href":"https:\/\/hugas.lt\/en\/wp-json\/wp\/v2\/comments?post=7683"}],"wp:featuredmedia":[{"embeddable":true,"href":"https:\/\/hugas.lt\/en\/wp-json\/wp\/v2\/media\/7437"}],"wp:attachment":[{"href":"https:\/\/hugas.lt\/en\/wp-json\/wp\/v2\/media?parent=7683"}],"wp:term":[{"taxonomy":"product_cat","embeddable":true,"href":"https:\/\/hugas.lt\/en\/wp-json\/wp\/v2\/product_cat?post=7683"},{"taxonomy":"product_tag","embeddable":true,"href":"https:\/\/hugas.lt\/en\/wp-json\/wp\/v2\/product_tag?post=7683"}],"curies":[{"name":"wp","href":"https:\/\/api.w.org\/{rel}","templated":true}]}}