{"id":7628,"date":"2020-10-15T13:33:32","date_gmt":"2020-10-15T11:33:32","guid":{"rendered":"https:\/\/hugas.lt\/?post_type=product&#038;p=7628"},"modified":"2024-07-11T23:30:56","modified_gmt":"2024-07-11T21:30:56","slug":"paletiniai-stelazai-bazine-dalis","status":"publish","type":"product","link":"https:\/\/hugas.lt\/en\/product\/paletiniai-stelazai-bazine-dalis\/","title":{"rendered":"Paletinis stela\u017eas, bazin\u0117 dalis H2500-5000"},"content":{"rendered":"<h2>Paletinis stela\u017eas<\/h2>\n<p>&nbsp;<\/p>\n<p>Unikali, viet\u0105 taupanti paletini\u0173 stela\u017e\u0173 konstrukcija tinka visoms erdv\u0117ms \u2013 nuo nedidelio sand\u0117lio iki mil\u017eini\u0161kus pale\u010di\u0173 kiekius eksplotuojan\u010dio logistikos centro. Stela\u017eai yra lengvai sumontuojami ir gali b\u016bti patobulinti bei pritaikomi juose saugomiems daiktams. Jie optimizuoja skirting\u0173 form\u0173 ir i\u0161matavim\u0173 krovini\u0173 saugojim\u0105. Paletiniai stela\u017eai atitinka visus saugumo reikalavimus bei standartus. Tai pilnai sukomplektuota bazin\u0117 stela\u017eo sekcija. Papildykite bazin\u0119 dal\u012f reikiamu kiekiu papildom\u0173 sekcij\u0173. Kiekvienoje papildomoje sekcijoje yra tik 1 \u0161oninis r\u0117mas. Atvira papildomos sekcijos dalis yra prijungiama prie bazin\u0117s stela\u017eo dalies. Tai leid\u017eia lengvai pritaikyti paletin\u012f stela\u017e\u0105.<\/p>\n<p><img decoding=\"async\" class=\"size-medium wp-image-7647 aligncenter\" src=\"https:\/\/hugas.lt\/wp-content\/uploads\/2020\/10\/23717_1_1-300x300.jpg\" alt=\"Paletinis stela\u017eas\" width=\"300\" height=\"300\" srcset=\"https:\/\/hugas.lt\/wp-content\/uploads\/2020\/10\/23717_1_1-300x300.jpg 300w, https:\/\/hugas.lt\/wp-content\/uploads\/2020\/10\/23717_1_1-150x150.jpg 150w, https:\/\/hugas.lt\/wp-content\/uploads\/2020\/10\/23717_1_1-12x12.jpg 12w, https:\/\/hugas.lt\/wp-content\/uploads\/2020\/10\/23717_1_1-247x247.jpg 247w, https:\/\/hugas.lt\/wp-content\/uploads\/2020\/10\/23717_1_1-100x100.jpg 100w, https:\/\/hugas.lt\/wp-content\/uploads\/2020\/10\/23717_1_1-64x64.jpg 64w, https:\/\/hugas.lt\/wp-content\/uploads\/2020\/10\/23717_1_1.jpg 500w\" sizes=\"(max-width: 300px) 100vw, 300px\" \/><\/p>","protected":false},"excerpt":{"rendered":"<p>Tvirtas, patikimas ir ilgaam\u017eis paletinis stela\u017eas puikiai tinka naudoti sand\u0117lyje.<\/p>","protected":false},"featured_media":7647,"comment_status":"open","ping_status":"closed","template":"","meta":[],"product_cat":[17,25],"product_tag":[],"_links":{"self":[{"href":"https:\/\/hugas.lt\/en\/wp-json\/wp\/v2\/product\/7628"}],"collection":[{"href":"https:\/\/hugas.lt\/en\/wp-json\/wp\/v2\/product"}],"about":[{"href":"https:\/\/hugas.lt\/en\/wp-json\/wp\/v2\/types\/product"}],"replies":[{"embeddable":true,"href":"https:\/\/hugas.lt\/en\/wp-json\/wp\/v2\/comments?post=7628"}],"wp:featuredmedia":[{"embeddable":true,"href":"https:\/\/hugas.lt\/en\/wp-json\/wp\/v2\/media\/7647"}],"wp:attachment":[{"href":"https:\/\/hugas.lt\/en\/wp-json\/wp\/v2\/media?parent=7628"}],"wp:term":[{"taxonomy":"product_cat","embeddable":true,"href":"https:\/\/hugas.lt\/en\/wp-json\/wp\/v2\/product_cat?post=7628"},{"taxonomy":"product_tag","embeddable":true,"href":"https:\/\/hugas.lt\/en\/wp-json\/wp\/v2\/product_tag?post=7628"}],"curies":[{"name":"wp","href":"https:\/\/api.w.org\/{rel}","templated":true}]}}