{"id":7591,"date":"2020-10-15T10:42:50","date_gmt":"2020-10-15T08:42:50","guid":{"rendered":"https:\/\/hugas.lt\/?post_type=product&#038;p=7591"},"modified":"2024-11-10T02:02:52","modified_gmt":"2024-11-10T00:02:52","slug":"sandelio-vezimelis-900x600x1100-2","status":"publish","type":"product","link":"https:\/\/hugas.lt\/en\/product\/sandelio-vezimelis-900x600x1100-2\/","title":{"rendered":"Sand\u0117lio ve\u017eim\u0117lis 900x600x1100"},"content":{"rendered":"<h2>Sand\u0117lio ve\u017eim\u0117lis<\/h2>\n<p>&nbsp;<\/p>\n<p>Sand\u0117lio ve\u017eim\u0117liai skirti transportuoti \u012fvairius daiktus. Tinka naudoti pramon\u0117je ir vie\u0161bu\u010diuose. Jis padengtas miltelini\u0173 da\u017e\u0173 sluoksniu, kuris apsaugo nuo mechanini\u0173 pa\u017eeidim\u0173 bei korozijos. Maksimali leistina apkrova siekia net 250kg. Ratuk\u0173 diametras yra 125mm.<\/p>\n<p><img decoding=\"async\" class=\"aligncenter wp-image-7592 size-medium\" src=\"https:\/\/hugas.lt\/wp-content\/uploads\/2020\/10\/irankiu-vezimelis-1-300x219.jpg\" alt=\"Sand\u0117lio ve\u017eim\u0117lis\" width=\"300\" height=\"219\" srcset=\"https:\/\/hugas.lt\/wp-content\/uploads\/2020\/10\/irankiu-vezimelis-1-300x219.jpg 300w, https:\/\/hugas.lt\/wp-content\/uploads\/2020\/10\/irankiu-vezimelis-1-1024x747.jpg 1024w, https:\/\/hugas.lt\/wp-content\/uploads\/2020\/10\/irankiu-vezimelis-1-768x560.jpg 768w, https:\/\/hugas.lt\/wp-content\/uploads\/2020\/10\/irankiu-vezimelis-1-16x12.jpg 16w, https:\/\/hugas.lt\/wp-content\/uploads\/2020\/10\/irankiu-vezimelis-1-510x372.jpg 510w, https:\/\/hugas.lt\/wp-content\/uploads\/2020\/10\/irankiu-vezimelis-1-64x47.jpg 64w, https:\/\/hugas.lt\/wp-content\/uploads\/2020\/10\/irankiu-vezimelis-1.jpg 1076w\" sizes=\"(max-width: 300px) 100vw, 300px\" \/><\/p>","protected":false},"excerpt":{"rendered":"<p>Tvirtas, patikimas ir ilgaam\u017eis ve\u017eim\u0117lis puikiai tinkantis naudoti sand\u0117lyje ar vie\u0161butyje.<\/p>","protected":false},"featured_media":7592,"comment_status":"open","ping_status":"closed","template":"","meta":[],"product_cat":[19,41],"product_tag":[],"_links":{"self":[{"href":"https:\/\/hugas.lt\/en\/wp-json\/wp\/v2\/product\/7591"}],"collection":[{"href":"https:\/\/hugas.lt\/en\/wp-json\/wp\/v2\/product"}],"about":[{"href":"https:\/\/hugas.lt\/en\/wp-json\/wp\/v2\/types\/product"}],"replies":[{"embeddable":true,"href":"https:\/\/hugas.lt\/en\/wp-json\/wp\/v2\/comments?post=7591"}],"wp:featuredmedia":[{"embeddable":true,"href":"https:\/\/hugas.lt\/en\/wp-json\/wp\/v2\/media\/7592"}],"wp:attachment":[{"href":"https:\/\/hugas.lt\/en\/wp-json\/wp\/v2\/media?parent=7591"}],"wp:term":[{"taxonomy":"product_cat","embeddable":true,"href":"https:\/\/hugas.lt\/en\/wp-json\/wp\/v2\/product_cat?post=7591"},{"taxonomy":"product_tag","embeddable":true,"href":"https:\/\/hugas.lt\/en\/wp-json\/wp\/v2\/product_tag?post=7591"}],"curies":[{"name":"wp","href":"https:\/\/api.w.org\/{rel}","templated":true}]}}