{"id":7587,"date":"2020-10-15T10:08:10","date_gmt":"2020-10-15T08:08:10","guid":{"rendered":"https:\/\/hugas.lt\/?post_type=product&#038;p=7587"},"modified":"2022-04-24T11:55:59","modified_gmt":"2022-04-24T09:55:59","slug":"sandelio-vezimelis-1500x800x1100","status":"publish","type":"product","link":"https:\/\/hugas.lt\/en\/product\/sandelio-vezimelis-1500x800x1100\/","title":{"rendered":"Sand\u0117lio ve\u017eim\u0117lis 1500x800x1100"},"content":{"rendered":"<h2>Sand\u0117lio ve\u017eim\u0117lis<\/h2>\n<p>&nbsp;<\/p>\n<p>Sand\u0117lio ve\u017eim\u0117liai skirti transportuoti \u012fvairius daiktus. Tinka naudoti pramon\u0117je ir vie\u0161bu\u010diuose. Jis padengtas miltelini\u0173 da\u017e\u0173 sluoksniu, kuris apsaugo nuo mechanini\u0173 pa\u017eeidim\u0173 bei korozijos. Maksimali leistina apkrova siekia net 450kg. Ratuk\u0173 diametras yra 160mm.<\/p>\n<p><img decoding=\"async\" class=\"aligncenter wp-image-7588 size-medium\" src=\"https:\/\/hugas.lt\/wp-content\/uploads\/2020\/10\/sandelio-vezimelis-1-300x260.png\" alt=\"Sand\u0117lio ve\u017eim\u0117lis\" width=\"300\" height=\"260\" srcset=\"https:\/\/hugas.lt\/wp-content\/uploads\/2020\/10\/sandelio-vezimelis-1-300x260.png 300w, https:\/\/hugas.lt\/wp-content\/uploads\/2020\/10\/sandelio-vezimelis-1-768x666.png 768w, https:\/\/hugas.lt\/wp-content\/uploads\/2020\/10\/sandelio-vezimelis-1-14x12.png 14w, https:\/\/hugas.lt\/wp-content\/uploads\/2020\/10\/sandelio-vezimelis-1-510x442.png 510w, https:\/\/hugas.lt\/wp-content\/uploads\/2020\/10\/sandelio-vezimelis-1-64x55.png 64w, https:\/\/hugas.lt\/wp-content\/uploads\/2020\/10\/sandelio-vezimelis-1.png 862w\" sizes=\"(max-width: 300px) 100vw, 300px\" \/><\/p>","protected":false},"excerpt":{"rendered":"<p>Tvirtas, patikimas ir ilgaam\u017eis ve\u017eim\u0117lis puikiai tinkantis naudoti sand\u0117lyje ar vie\u0161butyje.<\/p>","protected":false},"featured_media":7588,"comment_status":"open","ping_status":"closed","template":"","meta":[],"product_cat":[19,41],"product_tag":[],"_links":{"self":[{"href":"https:\/\/hugas.lt\/en\/wp-json\/wp\/v2\/product\/7587"}],"collection":[{"href":"https:\/\/hugas.lt\/en\/wp-json\/wp\/v2\/product"}],"about":[{"href":"https:\/\/hugas.lt\/en\/wp-json\/wp\/v2\/types\/product"}],"replies":[{"embeddable":true,"href":"https:\/\/hugas.lt\/en\/wp-json\/wp\/v2\/comments?post=7587"}],"wp:featuredmedia":[{"embeddable":true,"href":"https:\/\/hugas.lt\/en\/wp-json\/wp\/v2\/media\/7588"}],"wp:attachment":[{"href":"https:\/\/hugas.lt\/en\/wp-json\/wp\/v2\/media?parent=7587"}],"wp:term":[{"taxonomy":"product_cat","embeddable":true,"href":"https:\/\/hugas.lt\/en\/wp-json\/wp\/v2\/product_cat?post=7587"},{"taxonomy":"product_tag","embeddable":true,"href":"https:\/\/hugas.lt\/en\/wp-json\/wp\/v2\/product_tag?post=7587"}],"curies":[{"name":"wp","href":"https:\/\/api.w.org\/{rel}","templated":true}]}}