{"id":7449,"date":"2020-10-14T14:12:31","date_gmt":"2020-10-14T12:12:31","guid":{"rendered":"https:\/\/hugas.lt\/?post_type=product&#038;p=7449"},"modified":"2024-09-03T11:30:26","modified_gmt":"2024-09-03T09:30:26","slug":"irankiu-spinta-su-3-lentynomis","status":"publish","type":"product","link":"https:\/\/hugas.lt\/en\/product\/irankiu-spinta-su-3-lentynomis\/","title":{"rendered":"\u012eranki\u0173 spinta su 3 lentynomis ir 3 stal\u010diais"},"content":{"rendered":"<h2>\u012eranki\u0173 spinta<\/h2>\n<p>&nbsp;<\/p>\n<p>Spinta pagaminta i\u0161 tvirto, milteliniu b\u016bdu da\u017eyto lak\u0161tinio plieno. Miltelinis da\u017eymas sukuria kiet\u0105 ir tvirt\u0105 pavir\u0161i\u0173. Rakinamos apsaugini\u0173 \u017ealiuzi\u0173 tipo durys.<\/p>\n<p>Matmenys:<\/p>\n<p>2100 \u0445 1045 \u0445 500<\/p>\n<p>Viduje 3 lentynos ir 3 stal\u010diai<\/p>\n<p><img decoding=\"async\" class=\"size-medium wp-image-7450 aligncenter\" src=\"https:\/\/hugas.lt\/wp-content\/uploads\/2020\/10\/Ddd-258x300.jpeg\" alt=\"spinta\" width=\"258\" height=\"300\" srcset=\"https:\/\/hugas.lt\/wp-content\/uploads\/2020\/10\/Ddd-258x300.jpeg 258w, https:\/\/hugas.lt\/wp-content\/uploads\/2020\/10\/Ddd-10x12.jpeg 10w, https:\/\/hugas.lt\/wp-content\/uploads\/2020\/10\/Ddd-510x592.jpeg 510w, https:\/\/hugas.lt\/wp-content\/uploads\/2020\/10\/Ddd-64x74.jpeg 64w, https:\/\/hugas.lt\/wp-content\/uploads\/2020\/10\/Ddd.jpeg 560w\" sizes=\"(max-width: 258px) 100vw, 258px\" \/><\/p>","protected":false},"excerpt":{"rendered":"<p>Tvirta, patikima ir ilgaam\u017e\u0117 \u012franki\u0173 spinta.<\/p>","protected":false},"featured_media":7450,"comment_status":"open","ping_status":"closed","template":"","meta":[],"product_cat":[19,39],"product_tag":[],"_links":{"self":[{"href":"https:\/\/hugas.lt\/en\/wp-json\/wp\/v2\/product\/7449"}],"collection":[{"href":"https:\/\/hugas.lt\/en\/wp-json\/wp\/v2\/product"}],"about":[{"href":"https:\/\/hugas.lt\/en\/wp-json\/wp\/v2\/types\/product"}],"replies":[{"embeddable":true,"href":"https:\/\/hugas.lt\/en\/wp-json\/wp\/v2\/comments?post=7449"}],"wp:featuredmedia":[{"embeddable":true,"href":"https:\/\/hugas.lt\/en\/wp-json\/wp\/v2\/media\/7450"}],"wp:attachment":[{"href":"https:\/\/hugas.lt\/en\/wp-json\/wp\/v2\/media?parent=7449"}],"wp:term":[{"taxonomy":"product_cat","embeddable":true,"href":"https:\/\/hugas.lt\/en\/wp-json\/wp\/v2\/product_cat?post=7449"},{"taxonomy":"product_tag","embeddable":true,"href":"https:\/\/hugas.lt\/en\/wp-json\/wp\/v2\/product_tag?post=7449"}],"curies":[{"name":"wp","href":"https:\/\/api.w.org\/{rel}","templated":true}]}}