{"id":7444,"date":"2020-10-14T14:05:54","date_gmt":"2020-10-14T12:05:54","guid":{"rendered":"https:\/\/hugas.lt\/?post_type=product&#038;p=7444"},"modified":"2024-11-09T23:31:10","modified_gmt":"2024-11-09T21:31:10","slug":"irankiu-spinta-su-3-lentynomis-2","status":"publish","type":"product","link":"https:\/\/hugas.lt\/en\/product\/irankiu-spinta-su-3-lentynomis-2\/","title":{"rendered":"\u012eranki\u0173 spinta 1970x1000x500 su 3 lentynomis ir 5 stal\u010diais"},"content":{"rendered":"<h2>\u012eranki\u0173 spinta 1970x1000x500 su 3 lentynomis ir 5 stal\u010diais<\/h2>\n<p>Spinta pagaminta i\u0161 tvirto, milteliniu b\u016bdu da\u017eyto lak\u0161tinio plieno. Miltelinis da\u017eymas sukuria kiet\u0105 ir tvirt\u0105 pavir\u0161i\u0173. Lak\u0161tinio metalo spintos turinio saugum\u0105 u\u017etikrina rakinamos, dvigubos konstrukcijos durys.<\/p>\n<p>Matmenys:<\/p>\n<p>1970 \u0445 1000 \u0445 500<\/p>\n<p>Viduje 3 lentynos ir 5 stal\u010diai<\/p>\n<p>Svoris &#8211; 140kg.<\/p>\n<div class=\"filename\"><img decoding=\"async\" class=\"size-medium wp-image-7805 aligncenter\" src=\"https:\/\/hugas.lt\/wp-content\/uploads\/2020\/10\/dsa-1-227x300.jpeg\" alt=\"spinta\" width=\"227\" height=\"300\" srcset=\"https:\/\/hugas.lt\/wp-content\/uploads\/2020\/10\/dsa-1-227x300.jpeg 227w, https:\/\/hugas.lt\/wp-content\/uploads\/2020\/10\/dsa-1-9x12.jpeg 9w, https:\/\/hugas.lt\/wp-content\/uploads\/2020\/10\/dsa-1-510x673.jpeg 510w, https:\/\/hugas.lt\/wp-content\/uploads\/2020\/10\/dsa-1-64x84.jpeg 64w, https:\/\/hugas.lt\/wp-content\/uploads\/2020\/10\/dsa-1.jpeg 714w\" sizes=\"(max-width: 227px) 100vw, 227px\" \/><\/div>","protected":false},"excerpt":{"rendered":"<p>Matmenys:<\/p>\n<p>1970 \u0445 1000 \u0445 500<\/p>\n<p>Viduje 3 lentynos ir 5 stal\u010diai<\/p>\n<p>Svoris &#8211; 140kg.<\/p>","protected":false},"featured_media":7805,"comment_status":"open","ping_status":"closed","template":"","meta":[],"product_cat":[19,39],"product_tag":[],"_links":{"self":[{"href":"https:\/\/hugas.lt\/en\/wp-json\/wp\/v2\/product\/7444"}],"collection":[{"href":"https:\/\/hugas.lt\/en\/wp-json\/wp\/v2\/product"}],"about":[{"href":"https:\/\/hugas.lt\/en\/wp-json\/wp\/v2\/types\/product"}],"replies":[{"embeddable":true,"href":"https:\/\/hugas.lt\/en\/wp-json\/wp\/v2\/comments?post=7444"}],"wp:featuredmedia":[{"embeddable":true,"href":"https:\/\/hugas.lt\/en\/wp-json\/wp\/v2\/media\/7805"}],"wp:attachment":[{"href":"https:\/\/hugas.lt\/en\/wp-json\/wp\/v2\/media?parent=7444"}],"wp:term":[{"taxonomy":"product_cat","embeddable":true,"href":"https:\/\/hugas.lt\/en\/wp-json\/wp\/v2\/product_cat?post=7444"},{"taxonomy":"product_tag","embeddable":true,"href":"https:\/\/hugas.lt\/en\/wp-json\/wp\/v2\/product_tag?post=7444"}],"curies":[{"name":"wp","href":"https:\/\/api.w.org\/{rel}","templated":true}]}}