{"id":7442,"date":"2020-10-14T14:02:44","date_gmt":"2020-10-14T12:02:44","guid":{"rendered":"https:\/\/hugas.lt\/?post_type=product&#038;p=7442"},"modified":"2025-09-01T08:58:44","modified_gmt":"2025-09-01T06:58:44","slug":"spinta-su-3-lentynomis-ir-3-stalciais","status":"publish","type":"product","link":"https:\/\/hugas.lt\/en\/product\/spinta-su-3-lentynomis-ir-3-stalciais\/","title":{"rendered":"\u012eranki\u0173 spinta 1970x1000x500 su 3 lentynomis ir 3 stal\u010diais"},"content":{"rendered":"<h2>\u012eranki\u0173 spinta 1970x1000x500 su 3 lentynomis ir 3 stal\u010diais<\/h2>\n<p>Modulis pagamintas i\u0161 tvirto, milteliniu b\u016bdu da\u017eyto lak\u0161tinio plieno. Miltelinis da\u017eymas sukuria kiet\u0105 ir tvirt\u0105 pavir\u0161i\u0173. Lak\u0161tinio metalo spintos turinio saugum\u0105 u\u017etikrina rakinamos, dvigubos konstrukcijos durys.<\/p>\n<p>Spintos matmenys:<\/p>\n<p>1970 \u0445 1000 \u0445 500<\/p>\n<p>Viduje 3 lentynos ir 3 stal\u010diai<\/p>\n<p>Leid\u017eiama tolygi lentynos apkrova &#8211; 120 kg<\/p>\n<p>Leid\u017eiama tolygi stal\u010diaus apkrova &#8211; 40 kg<\/p>\n<p>Spalva &#8211; RAL7015<\/p>\n<p>Svoris &#8211; 116.50kg.<\/p>\n<div class=\"filename\"><img decoding=\"async\" class=\"size-medium wp-image-7456 aligncenter\" src=\"https:\/\/hugas.lt\/wp-content\/uploads\/2020\/10\/3-ir-3-1-257x300.jpeg\" alt=\"spinta\" width=\"257\" height=\"300\" srcset=\"https:\/\/hugas.lt\/wp-content\/uploads\/2020\/10\/3-ir-3-1-257x300.jpeg 257w, https:\/\/hugas.lt\/wp-content\/uploads\/2020\/10\/3-ir-3-1-10x12.jpeg 10w, https:\/\/hugas.lt\/wp-content\/uploads\/2020\/10\/3-ir-3-1-510x595.jpeg 510w, https:\/\/hugas.lt\/wp-content\/uploads\/2020\/10\/3-ir-3-1-64x75.jpeg 64w, https:\/\/hugas.lt\/wp-content\/uploads\/2020\/10\/3-ir-3-1.jpeg 600w\" sizes=\"(max-width: 257px) 100vw, 257px\" \/><\/div>\n<p>&nbsp;<\/p>","protected":false},"excerpt":{"rendered":"<p>Spintos matmenys:<\/p>\n<p>1970 \u0445 1000 \u0445 500<\/p>\n<p>Viduje 3 lentynos ir 3 stal\u010diai<\/p>\n<p>Svoris &#8211; 116.50kg.<\/p>","protected":false},"featured_media":7456,"comment_status":"open","ping_status":"closed","template":"","meta":[],"product_cat":[19,39],"product_tag":[],"_links":{"self":[{"href":"https:\/\/hugas.lt\/en\/wp-json\/wp\/v2\/product\/7442"}],"collection":[{"href":"https:\/\/hugas.lt\/en\/wp-json\/wp\/v2\/product"}],"about":[{"href":"https:\/\/hugas.lt\/en\/wp-json\/wp\/v2\/types\/product"}],"replies":[{"embeddable":true,"href":"https:\/\/hugas.lt\/en\/wp-json\/wp\/v2\/comments?post=7442"}],"wp:featuredmedia":[{"embeddable":true,"href":"https:\/\/hugas.lt\/en\/wp-json\/wp\/v2\/media\/7456"}],"wp:attachment":[{"href":"https:\/\/hugas.lt\/en\/wp-json\/wp\/v2\/media?parent=7442"}],"wp:term":[{"taxonomy":"product_cat","embeddable":true,"href":"https:\/\/hugas.lt\/en\/wp-json\/wp\/v2\/product_cat?post=7442"},{"taxonomy":"product_tag","embeddable":true,"href":"https:\/\/hugas.lt\/en\/wp-json\/wp\/v2\/product_tag?post=7442"}],"curies":[{"name":"wp","href":"https:\/\/api.w.org\/{rel}","templated":true}]}}