{"id":7436,"date":"2020-10-14T14:01:38","date_gmt":"2020-10-14T12:01:38","guid":{"rendered":"https:\/\/hugas.lt\/?post_type=product&#038;p=7436"},"modified":"2025-09-01T09:01:55","modified_gmt":"2025-09-01T07:01:55","slug":"irankiu-spinta-su-4-lentynomis","status":"publish","type":"product","link":"https:\/\/hugas.lt\/en\/product\/irankiu-spinta-su-4-lentynomis\/","title":{"rendered":"\u012eranki\u0173 spinta 1970x1000x500 su 4 lentynomis"},"content":{"rendered":"<h2>\u012eranki\u0173 spinta 1970x1000x500 su 4 lentynomis<\/h2>\n<p>Modulis pagamintas i\u0161 tvirto, milteliniu b\u016bdu da\u017eyto lak\u0161tinio plieno. Miltelinis da\u017eymas sukuria kiet\u0105 ir tvirt\u0105 pavir\u0161i\u0173. Lak\u0161tinio metalo spintos turinio saugum\u0105 u\u017etikrina rakinamos, dvigubos konstrukcijos durys.<\/p>\n<p>Spintos matmenys:<\/p>\n<p>1970 \u0445 1000 \u0445 500<\/p>\n<p>Svoris 122 kg.<\/p>\n<p>Miltelinis da\u017eymas, Spalva RAL 7015.<\/p>\n<p>Viduje 4 reguliuojamo auk\u0161\u010dio lentynos.<\/p>\n<p>Spintai galime pasi\u016blyti \u012fvairi\u0173 pried\u0173 &#8211; laikikli\u0173, lentyn\u0117li\u0173, pakabinam\u0173 krep\u0161i\u0173, pakabinam\u0173 d\u0117\u017eu\u010di\u0173.<\/p>\n<p><img decoding=\"async\" class=\"wp-image-7437 alignleft\" style=\"color: #555555;\" src=\"https:\/\/hugas.lt\/wp-content\/uploads\/2020\/10\/irankiu-spinta-257x300.jpeg\" alt=\"spinta\" width=\"305\" height=\"356\" srcset=\"https:\/\/hugas.lt\/wp-content\/uploads\/2020\/10\/irankiu-spinta-257x300.jpeg 257w, https:\/\/hugas.lt\/wp-content\/uploads\/2020\/10\/irankiu-spinta-10x12.jpeg 10w, https:\/\/hugas.lt\/wp-content\/uploads\/2020\/10\/irankiu-spinta-510x595.jpeg 510w, https:\/\/hugas.lt\/wp-content\/uploads\/2020\/10\/irankiu-spinta-64x75.jpeg 64w, https:\/\/hugas.lt\/wp-content\/uploads\/2020\/10\/irankiu-spinta.jpeg 600w\" sizes=\"(max-width: 305px) 100vw, 305px\" \/><img decoding=\"async\" class=\"alignnone wp-image-7439\" src=\"https:\/\/hugas.lt\/wp-content\/uploads\/2020\/10\/irankiu-spinta-2-257x300.jpeg\" alt=\"irankiu spinta\" width=\"288\" height=\"335\" srcset=\"https:\/\/hugas.lt\/wp-content\/uploads\/2020\/10\/irankiu-spinta-2-257x300.jpeg 257w, https:\/\/hugas.lt\/wp-content\/uploads\/2020\/10\/irankiu-spinta-2-510x595.jpeg 510w, https:\/\/hugas.lt\/wp-content\/uploads\/2020\/10\/irankiu-spinta-2.jpeg 600w\" sizes=\"(max-width: 288px) 100vw, 288px\" \/><img decoding=\"async\" class=\"alignnone wp-image-7441\" style=\"color: #333333;\" src=\"https:\/\/hugas.lt\/wp-content\/uploads\/2020\/10\/aa-235x300.jpg\" alt=\"irankiu spinta\" width=\"233\" height=\"298\" srcset=\"https:\/\/hugas.lt\/wp-content\/uploads\/2020\/10\/aa-235x300.jpg 235w, https:\/\/hugas.lt\/wp-content\/uploads\/2020\/10\/aa.jpg 469w\" sizes=\"(max-width: 233px) 100vw, 233px\" \/><\/p>\n<p>&nbsp;<\/p>","protected":false},"excerpt":{"rendered":"<p>Tvirta, patikima ir ilgaam\u017e\u0117 \u012franki\u0173 spinta.<\/p>\n<p>Auk\u0161tis &#8211; 1970mm.<\/p>\n<p>Plotis &#8211; 1000mm.<\/p>\n<p>Gylis &#8211; 500mm.<\/p>\n<p>Svoris &#8211; 122kg.<\/p>\n<p>Padengimas &#8211; miltelinis da\u017eymas.<\/p>\n<p>Spalva &#8211; RAL7015.<\/p>\n<p>Leistina lentynos apkrova &#8211; 120kg<\/p>","protected":false},"featured_media":7437,"comment_status":"open","ping_status":"closed","template":"","meta":[],"product_cat":[19,39],"product_tag":[],"_links":{"self":[{"href":"https:\/\/hugas.lt\/en\/wp-json\/wp\/v2\/product\/7436"}],"collection":[{"href":"https:\/\/hugas.lt\/en\/wp-json\/wp\/v2\/product"}],"about":[{"href":"https:\/\/hugas.lt\/en\/wp-json\/wp\/v2\/types\/product"}],"replies":[{"embeddable":true,"href":"https:\/\/hugas.lt\/en\/wp-json\/wp\/v2\/comments?post=7436"}],"wp:featuredmedia":[{"embeddable":true,"href":"https:\/\/hugas.lt\/en\/wp-json\/wp\/v2\/media\/7437"}],"wp:attachment":[{"href":"https:\/\/hugas.lt\/en\/wp-json\/wp\/v2\/media?parent=7436"}],"wp:term":[{"taxonomy":"product_cat","embeddable":true,"href":"https:\/\/hugas.lt\/en\/wp-json\/wp\/v2\/product_cat?post=7436"},{"taxonomy":"product_tag","embeddable":true,"href":"https:\/\/hugas.lt\/en\/wp-json\/wp\/v2\/product_tag?post=7436"}],"curies":[{"name":"wp","href":"https:\/\/api.w.org\/{rel}","templated":true}]}}