{"id":7418,"date":"2020-10-14T13:24:31","date_gmt":"2020-10-14T11:24:31","guid":{"rendered":"https:\/\/hugas.lt\/?post_type=product&#038;p=7418"},"modified":"2022-06-17T10:35:05","modified_gmt":"2022-06-17T08:35:05","slug":"spinta-su-dezutemis","status":"publish","type":"product","link":"https:\/\/hugas.lt\/en\/product\/spinta-su-dezutemis\/","title":{"rendered":"Spinta su d\u0117\u017eut\u0117mis 1800x800x300"},"content":{"rendered":"<h2>Spinta su d\u0117\u017eut\u0117mis 1800x800x300<\/h2>\n<p>\u012esigykite \u0161i\u0105 spint\u0105 su i\u0161 polipropileno plastiko pagamint\u0173 smulki\u0173 detali\u0173 saugojimo d\u0117\u017eu\u010di\u0173 ir padidinkite tvark\u0105 darbo vietoje. Plastikin\u0117se d\u0117\u017eut\u0117se patogiai ir organizuotai susid\u0117site var\u017etus, vinis, komponentus bei kitas smulkias detales. Be to, J\u016bs greitai rasite tai ko ie\u0161kote. Atviras d\u0117\u017eut\u0117s priekis leid\u017eia lengvai pasiekti turin\u012f. Tai d\u0117\u017eut\u0117s, kurios apr\u016bpintos tvirtomis, priekyje bei gale \u012frengtomis rankenomis, kuri\u0173 pagalba, saugojimo konstrukcij\u0105 lengvai i\u0161trauksite ir perne\u0161ite. Konteineri\u0173 konstrukcijos priekyje paruo\u0161ta vieta etike\u010di\u0173 laikikliam, tod\u0117l d\u0117\u017eu\u010di\u0173 turin\u012f su\u017eym\u0117site ai\u0161kiai ir paprastai.<br \/>\nModulis pagamintas i\u0161 tvirto, milteliniu b\u016bdu da\u017eyto lak\u0161tinio plieno. Miltelinis da\u017eymas sukuria kiet\u0105 ir tvirt\u0105 pavir\u0161i\u0173. Lak\u0161tinio metalo spintos turinio saugum\u0105 u\u017etikrina rakinamos, dvigubos konstrukcijos durys.<\/p>\n<p>Matmenys &#8211; 1800x300x800<\/p>\n<p>Komplektuojama su 50 vnt d\u0117\u017eu\u010di\u0173 145x230x125<\/p>\n<p>Spalva RAL7015<\/p>\n<p>Svoris &#8211; 61kg.<\/p>\n<p><img decoding=\"async\" class=\"size-medium wp-image-7420 aligncenter\" src=\"https:\/\/hugas.lt\/wp-content\/uploads\/2020\/10\/YSM-14-mod.-1-1-263x300.jpeg\" alt=\"spinta\" width=\"263\" height=\"300\" srcset=\"https:\/\/hugas.lt\/wp-content\/uploads\/2020\/10\/YSM-14-mod.-1-1-263x300.jpeg 263w, https:\/\/hugas.lt\/wp-content\/uploads\/2020\/10\/YSM-14-mod.-1-1-11x12.jpeg 11w, https:\/\/hugas.lt\/wp-content\/uploads\/2020\/10\/YSM-14-mod.-1-1-510x582.jpeg 510w, https:\/\/hugas.lt\/wp-content\/uploads\/2020\/10\/YSM-14-mod.-1-1-64x73.jpeg 64w, https:\/\/hugas.lt\/wp-content\/uploads\/2020\/10\/YSM-14-mod.-1-1.jpeg 709w\" sizes=\"(max-width: 263px) 100vw, 263px\" \/><\/p>\n<p>&nbsp;<\/p>","protected":false},"excerpt":{"rendered":"<div class=\"product-short-description\">\n<p>Matmenys &#8211; 1800x300x800<\/p>\n<p>Komplektuojama su 50 vnt d\u0117\u017eu\u010di\u0173 145x230x125<\/p>\n<p>Spalva RAL7015<\/p>\n<p>Svoris &#8211; 61kg.<\/p>\n<p>Tvirta, patikima ir ilgaam\u017e\u0117 spinta su de\u017eut\u0117mis.<\/p>\n<\/div>","protected":false},"featured_media":7420,"comment_status":"open","ping_status":"closed","template":"","meta":[],"product_cat":[19,39],"product_tag":[],"_links":{"self":[{"href":"https:\/\/hugas.lt\/en\/wp-json\/wp\/v2\/product\/7418"}],"collection":[{"href":"https:\/\/hugas.lt\/en\/wp-json\/wp\/v2\/product"}],"about":[{"href":"https:\/\/hugas.lt\/en\/wp-json\/wp\/v2\/types\/product"}],"replies":[{"embeddable":true,"href":"https:\/\/hugas.lt\/en\/wp-json\/wp\/v2\/comments?post=7418"}],"wp:featuredmedia":[{"embeddable":true,"href":"https:\/\/hugas.lt\/en\/wp-json\/wp\/v2\/media\/7420"}],"wp:attachment":[{"href":"https:\/\/hugas.lt\/en\/wp-json\/wp\/v2\/media?parent=7418"}],"wp:term":[{"taxonomy":"product_cat","embeddable":true,"href":"https:\/\/hugas.lt\/en\/wp-json\/wp\/v2\/product_cat?post=7418"},{"taxonomy":"product_tag","embeddable":true,"href":"https:\/\/hugas.lt\/en\/wp-json\/wp\/v2\/product_tag?post=7418"}],"curies":[{"name":"wp","href":"https:\/\/api.w.org\/{rel}","templated":true}]}}