{"id":7415,"date":"2020-10-14T13:10:32","date_gmt":"2020-10-14T11:10:32","guid":{"rendered":"https:\/\/hugas.lt\/?post_type=product&#038;p=7415"},"modified":"2025-02-28T15:31:01","modified_gmt":"2025-02-28T13:31:01","slug":"vezimelis-drabuziams","status":"publish","type":"product","link":"https:\/\/hugas.lt\/en\/product\/vezimelis-drabuziams\/","title":{"rendered":"Ve\u017eim\u0117lis drabu\u017eiams"},"content":{"rendered":"<h2>Ve\u017eim\u0117lis drabu\u017eiams<\/h2>\n<p>&nbsp;<\/p>\n<p>Pagal u\u017esakym\u0105 gaminama prek\u0117. Greitai surenkami ir i\u0161ardomi stela\u017einiai ve\u017eim\u0117liai drabu\u017eiams yra lengvi, bet itin tvirti. Galin\u0117s ve\u017eim\u0117li\u0173 kojos su ratukais tarpusavyje sujungiamos keturi\u0173, H formos skersini\u0173 pagalba. Tokie skersiniai neleid\u017eia stela\u017eui svyruoti. Drabu\u017eiai gali b\u016bti kabinami i\u0161 abiej\u0173 ve\u017eim\u0117li\u0173 pusi\u0173. Skersini\u0173 tvirtinimo auk\u0161t\u012f galima laisvai reguliuoti, vos kas 33mm.<\/p>\n<p>Pristatomi 1,5m auk\u0161\u010dio, 0,6m gylio ve\u017eim\u0117liai su 1,2m ilgio skersiniais drabu\u017eiams kabinti, bet galime pasi\u016blyti ir kitoki\u0173 matmen\u0173 ar konstrukcijos ve\u017eim\u0117li\u0173. \u012e galinius \u0161i\u0173 ve\u017eim\u0117li\u0173 stovus gali b\u016bti kabinami plastikiniai konteineriai.<\/p>\n<p><img decoding=\"async\" class=\"size-medium wp-image-7417 aligncenter\" src=\"https:\/\/hugas.lt\/wp-content\/uploads\/2020\/10\/vezimelis-rubams-300x282.png\" alt=\"Ve\u017eim\u0117lis drabu\u017eiams\" width=\"300\" height=\"282\" srcset=\"https:\/\/hugas.lt\/wp-content\/uploads\/2020\/10\/vezimelis-rubams-300x282.png 300w, https:\/\/hugas.lt\/wp-content\/uploads\/2020\/10\/vezimelis-rubams-1024x964.png 1024w, https:\/\/hugas.lt\/wp-content\/uploads\/2020\/10\/vezimelis-rubams-768x723.png 768w, https:\/\/hugas.lt\/wp-content\/uploads\/2020\/10\/vezimelis-rubams-13x12.png 13w, https:\/\/hugas.lt\/wp-content\/uploads\/2020\/10\/vezimelis-rubams-510x480.png 510w, https:\/\/hugas.lt\/wp-content\/uploads\/2020\/10\/vezimelis-rubams-64x60.png 64w, https:\/\/hugas.lt\/wp-content\/uploads\/2020\/10\/vezimelis-rubams.png 1364w\" sizes=\"(max-width: 300px) 100vw, 300px\" \/><\/p>","protected":false},"excerpt":{"rendered":"<p>Tvirtas, patikimas ir ilgaam\u017eis ve\u017eim\u0117lis drabu\u017eiams.<\/p>","protected":false},"featured_media":7417,"comment_status":"open","ping_status":"closed","template":"","meta":[],"product_cat":[17,31],"product_tag":[],"_links":{"self":[{"href":"https:\/\/hugas.lt\/en\/wp-json\/wp\/v2\/product\/7415"}],"collection":[{"href":"https:\/\/hugas.lt\/en\/wp-json\/wp\/v2\/product"}],"about":[{"href":"https:\/\/hugas.lt\/en\/wp-json\/wp\/v2\/types\/product"}],"replies":[{"embeddable":true,"href":"https:\/\/hugas.lt\/en\/wp-json\/wp\/v2\/comments?post=7415"}],"wp:featuredmedia":[{"embeddable":true,"href":"https:\/\/hugas.lt\/en\/wp-json\/wp\/v2\/media\/7417"}],"wp:attachment":[{"href":"https:\/\/hugas.lt\/en\/wp-json\/wp\/v2\/media?parent=7415"}],"wp:term":[{"taxonomy":"product_cat","embeddable":true,"href":"https:\/\/hugas.lt\/en\/wp-json\/wp\/v2\/product_cat?post=7415"},{"taxonomy":"product_tag","embeddable":true,"href":"https:\/\/hugas.lt\/en\/wp-json\/wp\/v2\/product_tag?post=7415"}],"curies":[{"name":"wp","href":"https:\/\/api.w.org\/{rel}","templated":true}]}}