{"id":7390,"date":"2020-10-14T12:51:27","date_gmt":"2020-10-14T10:51:27","guid":{"rendered":"https:\/\/hugas.lt\/?post_type=product&#038;p=7390"},"modified":"2024-11-10T02:31:16","modified_gmt":"2024-11-10T00:31:16","slug":"dviguba-kabykla-rubams","status":"publish","type":"product","link":"https:\/\/hugas.lt\/en\/product\/dviguba-kabykla-rubams\/","title":{"rendered":"Dviguba kabykla r\u016bbams"},"content":{"rendered":"<h2>Dviguba kabykla r\u016bbams<\/h2>\n<p>&nbsp;<\/p>\n<p>600mm gylio stela\u017eai su viename \u0161one montuojamomis kabyklomis drabu\u017eiams, skirti statyti prie sienos. R\u016bbai kabinami ant itin tvirt\u0173, tiesiais \u012f stov\u0105 kabinam\u0173, 900\/1200\/1500mm ilgio ovalini\u0173 skersini\u0173. 2m auk\u0161\u010dio stela\u017eai pritaikyti r\u016bb\u0173 kabinimui dviem lygiais, o 2,5 bei 3m auk\u0161\u010dio \u2013 trimis lygiais. Apa\u010dioje ir vir\u0161uje montuojamos papildomos lentynos, o prie sienos \u2013 papildomi skersiniai.<br \/>\nStela\u017eai pristatomi nesurinkti. Eil\u0117s prad\u017eioje statomas pageidaujamo ilgio bazinis modulis ir prie jo jungiami papildomi moduliai. Prijungiami moduliai pigesni, nes jiems reikalingas tik vienas stovas.<\/p>\n<p><img decoding=\"async\" class=\"size-medium wp-image-7409 aligncenter\" src=\"https:\/\/hugas.lt\/wp-content\/uploads\/2020\/10\/Triju-lygiu-stelazai-drabuziams-2510x600mm-su-dvipusemis-kabyklomis-300x226.png\" alt=\"Dviguba kabykla r\u016bbams\" width=\"300\" height=\"226\" srcset=\"https:\/\/hugas.lt\/wp-content\/uploads\/2020\/10\/Triju-lygiu-stelazai-drabuziams-2510x600mm-su-dvipusemis-kabyklomis-300x226.png 300w, https:\/\/hugas.lt\/wp-content\/uploads\/2020\/10\/Triju-lygiu-stelazai-drabuziams-2510x600mm-su-dvipusemis-kabyklomis-1024x772.png 1024w, https:\/\/hugas.lt\/wp-content\/uploads\/2020\/10\/Triju-lygiu-stelazai-drabuziams-2510x600mm-su-dvipusemis-kabyklomis-768x579.png 768w, https:\/\/hugas.lt\/wp-content\/uploads\/2020\/10\/Triju-lygiu-stelazai-drabuziams-2510x600mm-su-dvipusemis-kabyklomis-1536x1158.png 1536w, https:\/\/hugas.lt\/wp-content\/uploads\/2020\/10\/Triju-lygiu-stelazai-drabuziams-2510x600mm-su-dvipusemis-kabyklomis-2048x1545.png 2048w, https:\/\/hugas.lt\/wp-content\/uploads\/2020\/10\/Triju-lygiu-stelazai-drabuziams-2510x600mm-su-dvipusemis-kabyklomis-16x12.png 16w, https:\/\/hugas.lt\/wp-content\/uploads\/2020\/10\/Triju-lygiu-stelazai-drabuziams-2510x600mm-su-dvipusemis-kabyklomis-510x385.png 510w, https:\/\/hugas.lt\/wp-content\/uploads\/2020\/10\/Triju-lygiu-stelazai-drabuziams-2510x600mm-su-dvipusemis-kabyklomis-64x48.png 64w\" sizes=\"(max-width: 300px) 100vw, 300px\" \/><\/p>","protected":false},"excerpt":{"rendered":"<p>Tvirta, patikima ir ilgaam\u017e\u0117 dviguba kabykla r\u016bbams puikiai tiks tiek pramonei tiek ir bui\u010diai.<\/p>\n<p>Pasirinkite jums labiausiai tinkant\u012f variant\u0105.<\/p>","protected":false},"featured_media":7409,"comment_status":"open","ping_status":"closed","template":"","meta":[],"product_cat":[82],"product_tag":[],"_links":{"self":[{"href":"https:\/\/hugas.lt\/en\/wp-json\/wp\/v2\/product\/7390"}],"collection":[{"href":"https:\/\/hugas.lt\/en\/wp-json\/wp\/v2\/product"}],"about":[{"href":"https:\/\/hugas.lt\/en\/wp-json\/wp\/v2\/types\/product"}],"replies":[{"embeddable":true,"href":"https:\/\/hugas.lt\/en\/wp-json\/wp\/v2\/comments?post=7390"}],"wp:featuredmedia":[{"embeddable":true,"href":"https:\/\/hugas.lt\/en\/wp-json\/wp\/v2\/media\/7409"}],"wp:attachment":[{"href":"https:\/\/hugas.lt\/en\/wp-json\/wp\/v2\/media?parent=7390"}],"wp:term":[{"taxonomy":"product_cat","embeddable":true,"href":"https:\/\/hugas.lt\/en\/wp-json\/wp\/v2\/product_cat?post=7390"},{"taxonomy":"product_tag","embeddable":true,"href":"https:\/\/hugas.lt\/en\/wp-json\/wp\/v2\/product_tag?post=7390"}],"curies":[{"name":"wp","href":"https:\/\/api.w.org\/{rel}","templated":true}]}}