{"id":7360,"date":"2020-10-14T12:25:32","date_gmt":"2020-10-14T10:25:32","guid":{"rendered":"https:\/\/hugas.lt\/?post_type=product&#038;p=7360"},"modified":"2024-11-10T04:05:56","modified_gmt":"2024-11-10T02:05:56","slug":"kabykla-rubams-su-centrinemis-kabyklomis","status":"publish","type":"product","link":"https:\/\/hugas.lt\/en\/product\/kabykla-rubams-su-centrinemis-kabyklomis\/","title":{"rendered":"Kabykla r\u016bbams su centrin\u0117mis kabyklomis"},"content":{"rendered":"<h2>Kabykla r\u016bbams<\/h2>\n<p>&nbsp;<\/p>\n<p>500mm gylio stela\u017eai su viename \u0161one montuojamomis kabyklomis drabu\u017eiams, skirti statyti prie sienos. R\u016bbai kabinami ant itin tvirt\u0173, tiesiais \u012f stov\u0105 kabinam\u0173,\u00a0900\/1200\/1500mm ilgio ovalini\u0173 skersini\u0173. 2m auk\u0161\u010dio stela\u017eai pritaikyti r\u016bb\u0173 kabinimui dviem lygiais, o\u00a02,5\u00a0bei\u00a03m auk\u0161\u010dio \u2013 trimis lygiais. Apa\u010dioje ir vir\u0161uje montuojamos papildomos lentynos, o prie sienos \u2013 papildomi skersiniai.<br \/>\nStela\u017eai pristatomi nesurinkti. Eil\u0117s prad\u017eioje statomas pageidaujamo ilgio bazinis modulis ir prie jo jungiami papildomi moduliai. Prijungiami moduliai pigesni, nes jiems reikalingas tik vienas stovas.<\/p>\n<p><img decoding=\"async\" class=\"size-medium wp-image-7379 aligncenter\" src=\"https:\/\/hugas.lt\/wp-content\/uploads\/2020\/10\/50cp133-300x279.jpg\" alt=\"Kabykla r\u016bbams\" width=\"300\" height=\"279\" srcset=\"https:\/\/hugas.lt\/wp-content\/uploads\/2020\/10\/50cp133-300x279.jpg 300w, https:\/\/hugas.lt\/wp-content\/uploads\/2020\/10\/50cp133-13x12.jpg 13w, https:\/\/hugas.lt\/wp-content\/uploads\/2020\/10\/50cp133-510x474.jpg 510w, https:\/\/hugas.lt\/wp-content\/uploads\/2020\/10\/50cp133-64x59.jpg 64w, https:\/\/hugas.lt\/wp-content\/uploads\/2020\/10\/50cp133.jpg 573w\" sizes=\"(max-width: 300px) 100vw, 300px\" \/><\/p>","protected":false},"excerpt":{"rendered":"<p>Tvirta, patikima ir ilgaam\u017e\u0117\u00a0kabykla r\u016bbams puikiai tiks tiek pramonei tiek ir bui\u010diai.<\/p>\n<p>Pasirinkite jums labiausiai tinkant\u012f variant\u0105.<\/p>","protected":false},"featured_media":7379,"comment_status":"open","ping_status":"closed","template":"","meta":[],"product_cat":[82],"product_tag":[],"_links":{"self":[{"href":"https:\/\/hugas.lt\/en\/wp-json\/wp\/v2\/product\/7360"}],"collection":[{"href":"https:\/\/hugas.lt\/en\/wp-json\/wp\/v2\/product"}],"about":[{"href":"https:\/\/hugas.lt\/en\/wp-json\/wp\/v2\/types\/product"}],"replies":[{"embeddable":true,"href":"https:\/\/hugas.lt\/en\/wp-json\/wp\/v2\/comments?post=7360"}],"wp:featuredmedia":[{"embeddable":true,"href":"https:\/\/hugas.lt\/en\/wp-json\/wp\/v2\/media\/7379"}],"wp:attachment":[{"href":"https:\/\/hugas.lt\/en\/wp-json\/wp\/v2\/media?parent=7360"}],"wp:term":[{"taxonomy":"product_cat","embeddable":true,"href":"https:\/\/hugas.lt\/en\/wp-json\/wp\/v2\/product_cat?post=7360"},{"taxonomy":"product_tag","embeddable":true,"href":"https:\/\/hugas.lt\/en\/wp-json\/wp\/v2\/product_tag?post=7360"}],"curies":[{"name":"wp","href":"https:\/\/api.w.org\/{rel}","templated":true}]}}