{"id":7324,"date":"2020-10-14T10:36:08","date_gmt":"2020-10-14T08:36:08","guid":{"rendered":"https:\/\/hugas.lt\/?post_type=product&#038;p=7324"},"modified":"2023-01-22T12:11:28","modified_gmt":"2023-01-22T10:11:28","slug":"kabykla-rubams-statoma-prie-sienos","status":"publish","type":"product","link":"https:\/\/hugas.lt\/en\/product\/kabykla-rubams-statoma-prie-sienos\/","title":{"rendered":"Kabykla r\u016bbams statoma prie sienos"},"content":{"rendered":"<h2>Kabykla r\u016bbams<\/h2>\n<p>&nbsp;<\/p>\n<p>400mm gylio stela\u017eai su viename \u0161one montuojamomis kabyklomis drabu\u017eiams, skirti statyti prie sienos. R\u016bbai kabinami ant itin tvirt\u0173, tiesiais \u012f stov\u0105 kabinam\u0173,\u00a0900\/1200\/1500mm ilgio ovalini\u0173 skersini\u0173. 2m auk\u0161\u010dio stela\u017eai pritaikyti r\u016bb\u0173 kabinimui dviem lygiais, o\u00a02,5\u00a0bei\u00a03m auk\u0161\u010dio \u2013 trimis lygiais. Apa\u010dioje ir vir\u0161uje montuojamos papildomos lentynos, o prie sienos \u2013 papildomi skersiniai.<br \/>\nStela\u017eai pristatomi nesurinkti. Eil\u0117s prad\u017eioje statomas pageidaujamo ilgio bazinis modulis ir prie jo jungiami papildomi moduliai. Prijungiami moduliai pigesni, nes jiems reikalingas tik vienas stovas.<\/p>\n<p><img decoding=\"async\" class=\"size-medium wp-image-7352 aligncenter\" src=\"https:\/\/hugas.lt\/wp-content\/uploads\/2020\/10\/113pp333-281x300.jpg\" alt=\"Kabykla r\u016bbams\" width=\"281\" height=\"300\" srcset=\"https:\/\/hugas.lt\/wp-content\/uploads\/2020\/10\/113pp333-281x300.jpg 281w, https:\/\/hugas.lt\/wp-content\/uploads\/2020\/10\/113pp333-11x12.jpg 11w, https:\/\/hugas.lt\/wp-content\/uploads\/2020\/10\/113pp333-510x545.jpg 510w, https:\/\/hugas.lt\/wp-content\/uploads\/2020\/10\/113pp333-64x68.jpg 64w, https:\/\/hugas.lt\/wp-content\/uploads\/2020\/10\/113pp333.jpg 542w\" sizes=\"(max-width: 281px) 100vw, 281px\" \/><\/p>","protected":false},"excerpt":{"rendered":"<p>Tvirta, patikima ir ilgaam\u017e\u0117\u00a0kabykla r\u016bbams puikiai tiks tiek pramonei tiek ir bui\u010diai.<\/p>\n<p>Pasirinkite jums labiausiai tinkant\u012f variant\u0105.<\/p>","protected":false},"featured_media":7352,"comment_status":"open","ping_status":"closed","template":"","meta":[],"product_cat":[82],"product_tag":[],"_links":{"self":[{"href":"https:\/\/hugas.lt\/en\/wp-json\/wp\/v2\/product\/7324"}],"collection":[{"href":"https:\/\/hugas.lt\/en\/wp-json\/wp\/v2\/product"}],"about":[{"href":"https:\/\/hugas.lt\/en\/wp-json\/wp\/v2\/types\/product"}],"replies":[{"embeddable":true,"href":"https:\/\/hugas.lt\/en\/wp-json\/wp\/v2\/comments?post=7324"}],"wp:featuredmedia":[{"embeddable":true,"href":"https:\/\/hugas.lt\/en\/wp-json\/wp\/v2\/media\/7352"}],"wp:attachment":[{"href":"https:\/\/hugas.lt\/en\/wp-json\/wp\/v2\/media?parent=7324"}],"wp:term":[{"taxonomy":"product_cat","embeddable":true,"href":"https:\/\/hugas.lt\/en\/wp-json\/wp\/v2\/product_cat?post=7324"},{"taxonomy":"product_tag","embeddable":true,"href":"https:\/\/hugas.lt\/en\/wp-json\/wp\/v2\/product_tag?post=7324"}],"curies":[{"name":"wp","href":"https:\/\/api.w.org\/{rel}","templated":true}]}}