{"id":517,"date":"2020-07-17T10:58:36","date_gmt":"2020-07-17T08:58:36","guid":{"rendered":"https:\/\/hugas.lt\/?post_type=product&#038;p=517"},"modified":"2024-11-10T04:19:30","modified_gmt":"2024-11-10T02:19:30","slug":"stovai-stelazams-metalsistem","status":"publish","type":"product","link":"https:\/\/hugas.lt\/en\/product\/stovai-stelazams-metalsistem\/","title":{"rendered":"Stovai stela\u017eams Metalsistem"},"content":{"rendered":"<h2>Stovai stela\u017eams Metalsistem<\/h2>\n<p>&nbsp;<\/p>\n<p>Prireikus, stovus lengvai galima sutrumpinti iki reikiamo auk\u0161\u010dio, atve\u017eti auk\u0161tesni\u0173, dar didesn\u0117ms apkrovoms pritaikyt\u0173 stov\u0173. Jei reikalinga naudoti i\u0161lyginimo plok\u0161teles, stovai gali b\u016bti komplektuojami su metaliniais padukais, ar tvirtais, prisukamais padais. Prie j\u0173 gali b\u016bti tvirtinami tiek ratukai, tiek ir reguliuojamo auk\u0161\u010dio kojel\u0117s. Stovus galima sutankinti montuojant papildomas horizontales, arba montuoti gal\u0173 u\u017edangas. \u012e stovus galima kabinti plastikinius konteinerius. Galite pasirinkti 1,5 \u2013 3m auk\u0161\u010dio, 0,32 \u2013 0,8m gylio, 1500kg apkrovai pritaikytus S1 klas\u0117s stovus. Lentynos kabinamos i\u0161 abiej\u0173 stovo pusi\u0173. J\u0173 auk\u0161\u010dio keitimo \u017eingsnis \u2013 tik 33mm!<\/p>\n<p><img decoding=\"async\" class=\"size-medium wp-image-7810 aligncenter\" src=\"https:\/\/hugas.lt\/wp-content\/uploads\/2020\/07\/71m4PVh0JL._SL1500_-200x300.jpg\" alt=\"Stovai stela\u017eams\" width=\"200\" height=\"300\" srcset=\"https:\/\/hugas.lt\/wp-content\/uploads\/2020\/07\/71m4PVh0JL._SL1500_-200x300.jpg 200w, https:\/\/hugas.lt\/wp-content\/uploads\/2020\/07\/71m4PVh0JL._SL1500_-683x1024.jpg 683w, https:\/\/hugas.lt\/wp-content\/uploads\/2020\/07\/71m4PVh0JL._SL1500_-768x1152.jpg 768w, https:\/\/hugas.lt\/wp-content\/uploads\/2020\/07\/71m4PVh0JL._SL1500_-8x12.jpg 8w, https:\/\/hugas.lt\/wp-content\/uploads\/2020\/07\/71m4PVh0JL._SL1500_-510x765.jpg 510w, https:\/\/hugas.lt\/wp-content\/uploads\/2020\/07\/71m4PVh0JL._SL1500_-64x96.jpg 64w, https:\/\/hugas.lt\/wp-content\/uploads\/2020\/07\/71m4PVh0JL._SL1500_.jpg 1000w\" sizes=\"(max-width: 200px) 100vw, 200px\" \/><\/p>","protected":false},"excerpt":{"rendered":"<p>Tvirti, patikimi ir ilgaam\u017eiai stovai stela\u017eams Metalsistem.<\/p>","protected":false},"featured_media":7810,"comment_status":"open","ping_status":"closed","template":"","meta":[],"product_cat":[17,26,27],"product_tag":[],"_links":{"self":[{"href":"https:\/\/hugas.lt\/en\/wp-json\/wp\/v2\/product\/517"}],"collection":[{"href":"https:\/\/hugas.lt\/en\/wp-json\/wp\/v2\/product"}],"about":[{"href":"https:\/\/hugas.lt\/en\/wp-json\/wp\/v2\/types\/product"}],"replies":[{"embeddable":true,"href":"https:\/\/hugas.lt\/en\/wp-json\/wp\/v2\/comments?post=517"}],"wp:featuredmedia":[{"embeddable":true,"href":"https:\/\/hugas.lt\/en\/wp-json\/wp\/v2\/media\/7810"}],"wp:attachment":[{"href":"https:\/\/hugas.lt\/en\/wp-json\/wp\/v2\/media?parent=517"}],"wp:term":[{"taxonomy":"product_cat","embeddable":true,"href":"https:\/\/hugas.lt\/en\/wp-json\/wp\/v2\/product_cat?post=517"},{"taxonomy":"product_tag","embeddable":true,"href":"https:\/\/hugas.lt\/en\/wp-json\/wp\/v2\/product_tag?post=517"}],"curies":[{"name":"wp","href":"https:\/\/api.w.org\/{rel}","templated":true}]}}