{"id":5096,"date":"2020-08-20T20:38:47","date_gmt":"2020-08-20T18:38:47","guid":{"rendered":"https:\/\/hugas.lt\/?post_type=product&#038;p=5096"},"modified":"2025-10-08T12:32:03","modified_gmt":"2025-10-08T10:32:03","slug":"lentyna-padangoms","status":"publish","type":"product","link":"https:\/\/hugas.lt\/en\/product\/lentyna-padangoms\/","title":{"rendered":"Lentyna padangoms"},"content":{"rendered":"<h2>Lentyna padangoms<\/h2>\n<p>&nbsp;<\/p>\n<p>Lentyn\u0105 padangoms sudaro du, itin tvirti oval\u016bs skersiniai, kabinami tiesiai \u012f stela\u017eo stov\u0105. Da\u017eniausiai padangoms naudojami<strong>\u00a0120<\/strong>\u00a0cm ilgio skersiniai, kabinami \u012f\u00a0<strong>40<\/strong>cm gylio stov\u0105. Ant tokios lentynos telpa 5 lengv\u0173j\u0173 automobili\u0173, arba 4 visureigi\u0173 padangos.<\/p>\n<p>Ratlankius ar padangas sand\u0117liuojant\u00a0<strong>30<\/strong>\u00a0\u2013\u00a0<strong>40<\/strong>cm gylio stela\u017euose, jos \u0161iek tiek i\u0161lenda \u012f abi puses. D\u0117l to stela\u017eas negali b\u016bti priglaud\u017eiamas prie sienos. Montuojant toki\u0105 lentyn\u0105 \u012f prie sienos priglaust\u0105\u00a0\u00a0<strong>50\u00a0<\/strong>\u2013\u00a0<strong>60<\/strong>cm gylio stela\u017e\u0105, naudojamas specialus, \u012f stovo horizontales kabinamas skersinis ir padangos i\u0161lenda tik stela\u017eo priekyje. <strong>70<\/strong>\u2013<strong>80<\/strong>cm gylio stela\u017euose montuojami du, \u012f stovo horizontales\u00a0 kabinami skersiniai. Jie nesuteikia stela\u017eui stabilumo, tod\u0117l tokio tipo lentynos padangoms turi b\u016bti derinamos su \u012fprastomis lentynomis ar papildomais skersiniais. Pasirink\u0119 atitinkamo gylio lentyn\u0105 padangoms, matysite to tipo lentynos br\u0117\u017ein\u012f.<\/p>\n<p><img decoding=\"async\" class=\"aligncenter wp-image-5100 size-medium\" src=\"https:\/\/hugas.lt\/wp-content\/uploads\/2020\/08\/lentyna-300x200.jpg\" alt=\"Lentyna padangoms\" width=\"300\" height=\"200\" srcset=\"https:\/\/hugas.lt\/wp-content\/uploads\/2020\/08\/lentyna-300x200.jpg 300w, https:\/\/hugas.lt\/wp-content\/uploads\/2020\/08\/lentyna-18x12.jpg 18w, https:\/\/hugas.lt\/wp-content\/uploads\/2020\/08\/lentyna-510x340.jpg 510w, https:\/\/hugas.lt\/wp-content\/uploads\/2020\/08\/lentyna-64x43.jpg 64w, https:\/\/hugas.lt\/wp-content\/uploads\/2020\/08\/lentyna.jpg 703w\" sizes=\"(max-width: 300px) 100vw, 300px\" \/><\/p>","protected":false},"excerpt":{"rendered":"<p>Tvirta, patikima ir ilgaam\u017e\u0117 lentyna padangoms.<\/p>","protected":false},"featured_media":5100,"comment_status":"open","ping_status":"closed","template":"","meta":[],"product_cat":[17,27],"product_tag":[],"_links":{"self":[{"href":"https:\/\/hugas.lt\/en\/wp-json\/wp\/v2\/product\/5096"}],"collection":[{"href":"https:\/\/hugas.lt\/en\/wp-json\/wp\/v2\/product"}],"about":[{"href":"https:\/\/hugas.lt\/en\/wp-json\/wp\/v2\/types\/product"}],"replies":[{"embeddable":true,"href":"https:\/\/hugas.lt\/en\/wp-json\/wp\/v2\/comments?post=5096"}],"wp:featuredmedia":[{"embeddable":true,"href":"https:\/\/hugas.lt\/en\/wp-json\/wp\/v2\/media\/5100"}],"wp:attachment":[{"href":"https:\/\/hugas.lt\/en\/wp-json\/wp\/v2\/media?parent=5096"}],"wp:term":[{"taxonomy":"product_cat","embeddable":true,"href":"https:\/\/hugas.lt\/en\/wp-json\/wp\/v2\/product_cat?post=5096"},{"taxonomy":"product_tag","embeddable":true,"href":"https:\/\/hugas.lt\/en\/wp-json\/wp\/v2\/product_tag?post=5096"}],"curies":[{"name":"wp","href":"https:\/\/api.w.org\/{rel}","templated":true}]}}