{"id":5069,"date":"2020-08-20T20:06:42","date_gmt":"2020-08-20T18:06:42","guid":{"rendered":"https:\/\/hugas.lt\/?post_type=product&#038;p=5069"},"modified":"2024-04-29T12:29:24","modified_gmt":"2024-04-29T10:29:24","slug":"stelazas-padangoms-testine-dalis","status":"publish","type":"product","link":"https:\/\/hugas.lt\/en\/product\/stelazas-padangoms-testine-dalis\/","title":{"rendered":"Stela\u017eas padangoms t\u0119stin\u0117 dalis"},"content":{"rendered":"<div>\n<h2>Stela\u017eas padangoms t\u0119stin\u0117 dalis<\/h2>\n<p>&nbsp;<\/p>\n<p><strong>METALSISTEM\u00a0<\/strong>(Italija) cinkuoto plieno stela\u017eai padangoms ir ratlankiams yra itin tvirti ir stabil\u016bs.\u00a0 Jiems nereikalingos jokios papildomos atramos ar sutvirtinimai. Stela\u017eai yra tik <strong>40\u00a0<\/strong>cm\u00a0 gylio, tod\u0117l, d\u0117l saugumo, juos patariama tvirtinti prie sienos, pagrindo, ar tarpusavyje jungti atskiras stela\u017e\u0173 eiles.<\/p>\n<\/div>\n<div>\n<p>Lentynos auk\u0161\u010dio keitimo \u017eingsnis \u2013 tik\u00a0<strong>33\u00a0<\/strong>mm, tod\u0117l stela\u017eus galima pritaikyti bet kokio diametro padangoms sand\u0117liuoti. Galite rinktis\u00a0<strong>90\u00a0<\/strong>cm (~4 padangoms \/ 350 kg),\u00a0<strong>120\u00a0<\/strong>cm (~5 padangoms \/ 240 kg),\u00a0<strong>150\u00a0<\/strong>cm~ (6 padangoms \/ 150 kg) ilgio lentynas.<\/p>\n<p>Pasta\u010dius vien\u0105 stela\u017e\u0173 modul\u012f, antrasis jungiamas prie to pa\u010dio stovo, tod\u0117l papildomas modulis \u2013 pigesnis. Stela\u017eai surenkami itin lengvai, be joki\u0173 var\u017et\u0173. Stovus pristatome jau surinktus \u2013 tereikia norimame auk\u0161tyje \u012fkabinti ovalius skersinius.<\/p>\n<\/div>\n<div>Sand\u0117liuojamos padangos i\u0161lenda u\u017e stela\u017eo rib\u0173, tod\u0117l \u0161ie stela\u017eai statomi kiek atitraukti nuo sienos ar vienas nuo kito. Jei stela\u017e\u0105 reikalinga glausti prie sienos, ar norite sand\u0117liuoti nestandartines padangas \u2013 kreipkit\u0117s, pasi\u016blysime kitus stela\u017e\u0173 modulius.\u00a0Galima u\u017esisakyti net iki\u00a0<strong>590\u00a0<\/strong>kg apkrovai pritaikytas lentynas padangoms, \u012fvairius priedus \u0161iems stela\u017eams.<\/div>\n<div><\/div>\n<div><img decoding=\"async\" class=\"size-medium wp-image-5094 aligncenter\" src=\"https:\/\/hugas.lt\/wp-content\/uploads\/2020\/08\/testinis-pagrindine-284x300.jpg\" alt=\"Stela\u017eas padangoms\" width=\"284\" height=\"300\" srcset=\"https:\/\/hugas.lt\/wp-content\/uploads\/2020\/08\/testinis-pagrindine-284x300.jpg 284w, https:\/\/hugas.lt\/wp-content\/uploads\/2020\/08\/testinis-pagrindine-11x12.jpg 11w, https:\/\/hugas.lt\/wp-content\/uploads\/2020\/08\/testinis-pagrindine-510x539.jpg 510w, https:\/\/hugas.lt\/wp-content\/uploads\/2020\/08\/testinis-pagrindine-64x68.jpg 64w, https:\/\/hugas.lt\/wp-content\/uploads\/2020\/08\/testinis-pagrindine.jpg 579w\" sizes=\"(max-width: 284px) 100vw, 284px\" \/><\/div>","protected":false},"excerpt":{"rendered":"<p>Tvirtas, patikimas ir ilgaam\u017eis t\u0119stinis stela\u017eas padangoms.<\/p>","protected":false},"featured_media":5094,"comment_status":"open","ping_status":"closed","template":"","meta":[],"product_cat":[17,27],"product_tag":[],"_links":{"self":[{"href":"https:\/\/hugas.lt\/en\/wp-json\/wp\/v2\/product\/5069"}],"collection":[{"href":"https:\/\/hugas.lt\/en\/wp-json\/wp\/v2\/product"}],"about":[{"href":"https:\/\/hugas.lt\/en\/wp-json\/wp\/v2\/types\/product"}],"replies":[{"embeddable":true,"href":"https:\/\/hugas.lt\/en\/wp-json\/wp\/v2\/comments?post=5069"}],"wp:featuredmedia":[{"embeddable":true,"href":"https:\/\/hugas.lt\/en\/wp-json\/wp\/v2\/media\/5094"}],"wp:attachment":[{"href":"https:\/\/hugas.lt\/en\/wp-json\/wp\/v2\/media?parent=5069"}],"wp:term":[{"taxonomy":"product_cat","embeddable":true,"href":"https:\/\/hugas.lt\/en\/wp-json\/wp\/v2\/product_cat?post=5069"},{"taxonomy":"product_tag","embeddable":true,"href":"https:\/\/hugas.lt\/en\/wp-json\/wp\/v2\/product_tag?post=5069"}],"curies":[{"name":"wp","href":"https:\/\/api.w.org\/{rel}","templated":true}]}}