{"id":466,"date":"2020-07-17T10:37:16","date_gmt":"2020-07-17T08:37:16","guid":{"rendered":"https:\/\/hugas.lt\/?post_type=product&#038;p=466"},"modified":"2025-03-03T18:34:58","modified_gmt":"2025-03-03T16:34:58","slug":"metalines-lentynos-stelazams-metalsistem","status":"publish","type":"product","link":"https:\/\/hugas.lt\/en\/product\/metalines-lentynos-stelazams-metalsistem\/","title":{"rendered":"Metalin\u0117s lentynos stela\u017eams Metalsistem"},"content":{"rendered":"<h2>Metalin\u0117s lentynos stela\u017eams Metalsistem<\/h2>\n<p>&nbsp;<\/p>\n<p>Metalines lentynas sudaro du, \u012f stovus kabinami skersiniai (47\/80mm auk\u0161\u010dio) bei ant j\u0173 dedamos cinkuoto plieno u\u017edengimo plok\u0161t\u0117s.<\/p>\n<p>Galite u\u017esisakyti 320 \u2013 800mm gylio, 600 \u2013 1800mm ilgio lentynas.<\/p>\n<p>Lentynos kabinamos i\u0161 abiej\u0173 stovo pusi\u0173. J\u0173 auk\u0161\u010dio keitimo \u017eingsnis \u2013 tik 33mm!<\/p>\n<p><img decoding=\"async\" class=\"wp-image-8426 alignleft\" style=\"color: #333333;\" src=\"https:\/\/hugas.lt\/wp-content\/uploads\/2020\/08\/sandelio-stelazas-300x170.jpg\" alt=\"\" width=\"445\" height=\"252\" srcset=\"https:\/\/hugas.lt\/wp-content\/uploads\/2020\/08\/sandelio-stelazas-300x170.jpg 300w, https:\/\/hugas.lt\/wp-content\/uploads\/2020\/08\/sandelio-stelazas-768x436.jpg 768w, https:\/\/hugas.lt\/wp-content\/uploads\/2020\/08\/sandelio-stelazas-510x290.jpg 510w, https:\/\/hugas.lt\/wp-content\/uploads\/2020\/08\/sandelio-stelazas-64x36.jpg 64w, https:\/\/hugas.lt\/wp-content\/uploads\/2020\/08\/sandelio-stelazas.jpg 993w\" sizes=\"(max-width: 445px) 100vw, 445px\" \/><img decoding=\"async\" class=\"wp-image-8427 alignleft\" src=\"https:\/\/hugas.lt\/wp-content\/uploads\/2020\/08\/sandelio-stelazas-1-300x198.jpg\" alt=\"sand\u0117lio stela\u017eas\" width=\"379\" height=\"250\" srcset=\"https:\/\/hugas.lt\/wp-content\/uploads\/2020\/08\/sandelio-stelazas-1-300x198.jpg 300w, https:\/\/hugas.lt\/wp-content\/uploads\/2020\/08\/sandelio-stelazas-1-1024x676.jpg 1024w, https:\/\/hugas.lt\/wp-content\/uploads\/2020\/08\/sandelio-stelazas-1-768x507.jpg 768w, https:\/\/hugas.lt\/wp-content\/uploads\/2020\/08\/sandelio-stelazas-1-510x337.jpg 510w, https:\/\/hugas.lt\/wp-content\/uploads\/2020\/08\/sandelio-stelazas-1-64x42.jpg 64w, https:\/\/hugas.lt\/wp-content\/uploads\/2020\/08\/sandelio-stelazas-1.jpg 1259w\" sizes=\"(max-width: 379px) 100vw, 379px\" \/><\/p>","protected":false},"excerpt":{"rendered":"<p>Tvirtos, patikimos ir ilgaam\u017e\u0117s metalin\u0117s lentynos stela\u017eams Metalsistem.<\/p>","protected":false},"featured_media":515,"comment_status":"open","ping_status":"closed","template":"","meta":[],"product_cat":[17,26],"product_tag":[],"_links":{"self":[{"href":"https:\/\/hugas.lt\/en\/wp-json\/wp\/v2\/product\/466"}],"collection":[{"href":"https:\/\/hugas.lt\/en\/wp-json\/wp\/v2\/product"}],"about":[{"href":"https:\/\/hugas.lt\/en\/wp-json\/wp\/v2\/types\/product"}],"replies":[{"embeddable":true,"href":"https:\/\/hugas.lt\/en\/wp-json\/wp\/v2\/comments?post=466"}],"wp:featuredmedia":[{"embeddable":true,"href":"https:\/\/hugas.lt\/en\/wp-json\/wp\/v2\/media\/515"}],"wp:attachment":[{"href":"https:\/\/hugas.lt\/en\/wp-json\/wp\/v2\/media?parent=466"}],"wp:term":[{"taxonomy":"product_cat","embeddable":true,"href":"https:\/\/hugas.lt\/en\/wp-json\/wp\/v2\/product_cat?post=466"},{"taxonomy":"product_tag","embeddable":true,"href":"https:\/\/hugas.lt\/en\/wp-json\/wp\/v2\/product_tag?post=466"}],"curies":[{"name":"wp","href":"https:\/\/api.w.org\/{rel}","templated":true}]}}