{"id":459,"date":"2020-07-17T10:04:48","date_gmt":"2020-07-17T08:04:48","guid":{"rendered":"https:\/\/hugas.lt\/?post_type=product&#038;p=459"},"modified":"2023-12-08T09:59:41","modified_gmt":"2023-12-08T07:59:41","slug":"kartoteku-spinta-1800x640x435-18-skyreliu","status":"publish","type":"product","link":"https:\/\/hugas.lt\/en\/product\/kartoteku-spinta-1800x640x435-18-skyreliu\/","title":{"rendered":"Kartotek\u0173 spinta 1800x640x435 18 skyreli\u0173 ShMS-18B"},"content":{"rendered":"<h2>Kartotek\u0173 spinta 1800x640x435 18 skyreli\u0173 ShMS-18B<\/h2>\n<p>&nbsp;<\/p>\n<p>Kartotek\u0173 spinta ypa\u010d auk\u0161tos kokyb\u0117s, efektyviam ir tvarkingam sukabinam\u0173 aplank\u0173 saugojimui skirta, metalin\u0117 spinta \u2013 tobulas papildymas J\u016bs\u0173 biurui ir archyvui! Saugojimo spinta puikiai tinka dokument\u0173, sutar\u010di\u0173, korespondencijos, medicinini\u0173 \u012fra\u0161\u0173 ir pana\u0161ios dokumentacijos r\u016b\u0161iavimui.<\/p>\n<p>Spinta komplektuojama su keturiais, pla\u010diais stal\u010diais, kuriuose sukabinami A5-A6 formato aplankai. Kiekviename stal\u010diuje telpa iki 64 x A5 formato aplank\u0173. Stabili, pilnai suvirintos konstrukcijos spinta yra pagaminta i\u0161 lak\u0161tinio metalo ir milteliniu b\u016bdu da\u017eyta subtiliomis spalvomis.<\/p>\n<p>Spinta yra rakinama, tod\u0117l J\u016bs gal\u0117site joje sud\u0117ti svarbius dokumentus. \u012erengtas centrinis u\u017eraktas su dviem raktais, kuris rakina visus konstrukcijos stal\u010dius vienu metu. Maksimal\u0173 konstrukcijos stabilum\u0105 u\u017etikrina, joje \u012frengta apsauga nuo pasvyrimo. \u0160i funkcija garantuoja, kad stal\u010dius pilnai i\u0161traukus i\u0161 konstrukcijos \u2013 spinta nepasvirs.<\/p>\n<p>&nbsp;<\/p>\n<div class=\"productPage_info_benefits\">\n<ul>\n<li>18 stal\u010di\u0173<\/li>\n<li>Rakinami bendrosiomis durimis<\/li>\n<li>RAL7035 spalvos<\/li>\n<li>Svoris 108kg.<\/li>\n<\/ul>\n<\/div>\n<div class=\"productPage_info_description\">Sukabinamiems aplankams skirta, pilnai suvirintos r\u0117mo bei stal\u010di\u0173 konstrukcijos, auk\u0161tos kokyb\u0117s spinta. Maksimal\u0173 stabilum\u0105 ir saugum\u0105 konstrukcijai suteikia anti pasvirimo funkcija. Komplektuojama su centriniu u\u017eraktu ir 2 vnt. rakt\u0173. Stal\u010diai gali b\u016bti i\u0161traukti i\u0161 konstrukcijos pilnu ilgiu.<\/div>\n<div><img decoding=\"async\" class=\"size-medium wp-image-7793 aligncenter\" src=\"https:\/\/hugas.lt\/wp-content\/uploads\/2020\/07\/kartoteku-spinta-1800x640x435-18-skyreliu-1-1-2-200x300.jpg\" alt=\"Kartotek\u0173 spinta\" width=\"200\" height=\"300\" srcset=\"https:\/\/hugas.lt\/wp-content\/uploads\/2020\/07\/kartoteku-spinta-1800x640x435-18-skyreliu-1-1-2-200x300.jpg 200w, https:\/\/hugas.lt\/wp-content\/uploads\/2020\/07\/kartoteku-spinta-1800x640x435-18-skyreliu-1-1-2-64x96.jpg 64w, https:\/\/hugas.lt\/wp-content\/uploads\/2020\/07\/kartoteku-spinta-1800x640x435-18-skyreliu-1-1-2.jpg 468w\" sizes=\"(max-width: 200px) 100vw, 200px\" \/><\/div>\n<div><\/div>","protected":false},"excerpt":{"rendered":"<p>Tvirta, patikima ir ilgaam\u017e\u0117 kartotek\u0173 spinta puikiai tinka naudoti biure ar archyve.<\/p>","protected":false},"featured_media":10317,"comment_status":"open","ping_status":"closed","template":"","meta":[],"product_cat":[19,33],"product_tag":[],"_links":{"self":[{"href":"https:\/\/hugas.lt\/en\/wp-json\/wp\/v2\/product\/459"}],"collection":[{"href":"https:\/\/hugas.lt\/en\/wp-json\/wp\/v2\/product"}],"about":[{"href":"https:\/\/hugas.lt\/en\/wp-json\/wp\/v2\/types\/product"}],"replies":[{"embeddable":true,"href":"https:\/\/hugas.lt\/en\/wp-json\/wp\/v2\/comments?post=459"}],"wp:featuredmedia":[{"embeddable":true,"href":"https:\/\/hugas.lt\/en\/wp-json\/wp\/v2\/media\/10317"}],"wp:attachment":[{"href":"https:\/\/hugas.lt\/en\/wp-json\/wp\/v2\/media?parent=459"}],"wp:term":[{"taxonomy":"product_cat","embeddable":true,"href":"https:\/\/hugas.lt\/en\/wp-json\/wp\/v2\/product_cat?post=459"},{"taxonomy":"product_tag","embeddable":true,"href":"https:\/\/hugas.lt\/en\/wp-json\/wp\/v2\/product_tag?post=459"}],"curies":[{"name":"wp","href":"https:\/\/api.w.org\/{rel}","templated":true}]}}