{"id":444,"date":"2020-07-16T22:24:25","date_gmt":"2020-07-16T20:24:25","guid":{"rendered":"https:\/\/hugas.lt\/?post_type=product&#038;p=444"},"modified":"2022-07-14T10:44:21","modified_gmt":"2022-07-14T08:44:21","slug":"kartoteku-spinta-1020x495x602-3-stalciu","status":"publish","type":"product","link":"https:\/\/hugas.lt\/en\/product\/kartoteku-spinta-1020x495x602-3-stalciu\/","title":{"rendered":"Kartotek\u0173 spinta 1020x495x602 3 stal\u010di\u0173 SF-3A"},"content":{"rendered":"<h2>Kartotek\u0173 spinta<\/h2>\n<p>&nbsp;<\/p>\n<p>Ypa\u010d auk\u0161tos kokyb\u0117s, efektyviam ir tvarkingam sukabinam\u0173 aplank\u0173 saugojimui skirta, metalin\u0117 kartotek\u0173 spinta \u2013 tobulas papildymas J\u016bs\u0173 biurui ir archyvui! Saugojimo spinta puikiai tinka dokument\u0173, sutar\u010di\u0173, korespondencijos, medicinini\u0173 \u012fra\u0161\u0173 ir pana\u0161ios dokumentacijos r\u016b\u0161iavimui. Spinta komplektuojama su keturiais, pla\u010diais stal\u010diais, kuriuose sukabinami A4 formato aplankai. Kiekviename stal\u010diuje telpa iki 64 x A4 formato aplank\u0173. Stabili, pilnai suvirintos konstrukcijos spinta yra pagaminta i\u0161 lak\u0161tinio metalo ir milteliniu b\u016bdu da\u017eyta subtiliomis spalvomis. Spinta yra rakinama, tod\u0117l J\u016bs gal\u0117site joje sud\u0117ti svarbius dokumentus. \u012erengtas centrinis u\u017eraktas su dviem raktais, kuris rakina visus konstrukcijos stal\u010dius vienu metu. Maksimal\u0173 konstrukcijos stabilum\u0105 u\u017etikrina, joje \u012frengta apsauga nuo pasvyrimo. \u0160i funkcija garantuoja, kad stal\u010dius pilnai i\u0161traukus i\u0161 konstrukcijos \u2013 spinta nepasvirs. RAL7035 spalvos.<\/p>\n<p><img decoding=\"async\" class=\"size-medium wp-image-7803 aligncenter\" src=\"https:\/\/hugas.lt\/wp-content\/uploads\/2020\/07\/kartoteku-spinta-3-stalciu-2-1-181x300.jpg\" alt=\"kartotek\u0173 spinta\" width=\"181\" height=\"300\" srcset=\"https:\/\/hugas.lt\/wp-content\/uploads\/2020\/07\/kartoteku-spinta-3-stalciu-2-1-181x300.jpg 181w, https:\/\/hugas.lt\/wp-content\/uploads\/2020\/07\/kartoteku-spinta-3-stalciu-2-1-7x12.jpg 7w, https:\/\/hugas.lt\/wp-content\/uploads\/2020\/07\/kartoteku-spinta-3-stalciu-2-1-64x106.jpg 64w, https:\/\/hugas.lt\/wp-content\/uploads\/2020\/07\/kartoteku-spinta-3-stalciu-2-1.jpg 440w\" sizes=\"(max-width: 181px) 100vw, 181px\" \/><\/p>","protected":false},"excerpt":{"rendered":"<div class=\"productPage_info_benefits\">\n<p>Tvirta, patikima ir ilgaam\u017e\u0117 kartotek\u0173 spinta puikiai tinka naudoti biure.<\/p>\n<\/div>","protected":false},"featured_media":7803,"comment_status":"open","ping_status":"closed","template":"","meta":[],"product_cat":[19,33],"product_tag":[],"_links":{"self":[{"href":"https:\/\/hugas.lt\/en\/wp-json\/wp\/v2\/product\/444"}],"collection":[{"href":"https:\/\/hugas.lt\/en\/wp-json\/wp\/v2\/product"}],"about":[{"href":"https:\/\/hugas.lt\/en\/wp-json\/wp\/v2\/types\/product"}],"replies":[{"embeddable":true,"href":"https:\/\/hugas.lt\/en\/wp-json\/wp\/v2\/comments?post=444"}],"wp:featuredmedia":[{"embeddable":true,"href":"https:\/\/hugas.lt\/en\/wp-json\/wp\/v2\/media\/7803"}],"wp:attachment":[{"href":"https:\/\/hugas.lt\/en\/wp-json\/wp\/v2\/media?parent=444"}],"wp:term":[{"taxonomy":"product_cat","embeddable":true,"href":"https:\/\/hugas.lt\/en\/wp-json\/wp\/v2\/product_cat?post=444"},{"taxonomy":"product_tag","embeddable":true,"href":"https:\/\/hugas.lt\/en\/wp-json\/wp\/v2\/product_tag?post=444"}],"curies":[{"name":"wp","href":"https:\/\/api.w.org\/{rel}","templated":true}]}}