{"id":2949,"date":"2020-08-10T20:38:42","date_gmt":"2020-08-10T18:38:42","guid":{"rendered":"https:\/\/hugas.lt\/?post_type=product&#038;p=2949"},"modified":"2025-03-07T10:05:57","modified_gmt":"2025-03-07T08:05:57","slug":"sandelio-stelazas-testine-dalis-lentynos","status":"publish","type":"product","link":"https:\/\/hugas.lt\/en\/product\/sandelio-stelazas-testine-dalis-lentynos\/","title":{"rendered":"Sand\u0117lio stela\u017eas, t\u0119stinis. Lentynos apkrova nuo 140 iki 350"},"content":{"rendered":"<h2>Sand\u0117lio stela\u017eas, t\u0119stinis. Pagamintas Italijoje:<\/h2>\n<p>\u0160io tipo stela\u017e\u0173 privalumai:<\/p>\n<p>&nbsp;<\/p>\n<ul>\n<li>Reguliuojamo auk\u0161\u010dio lentynos<\/li>\n<li>Platus pasirinkimas<\/li>\n<li>Saugojimo stela\u017eas su reguliuojamo auk\u0161\u010dio lentynomis ir vienu galiniu r\u0117mu.<\/li>\n<li>Surinkimui nereikalingi \u012frankiai, var\u017etai ar ver\u017el\u0117s.<\/li>\n<li>Paprastas transportavimas<\/li>\n<li>Paprastas montavimas<\/li>\n<li>J\u016bs\u0173 patogumui NEMOKAMAI atvyksime pas Jus pakonsultuoti bei pad\u0117ti i\u0161sirinkti stela\u017eus.<\/li>\n<li>Susikomplektuokite jums reikiam\u0105 t\u0119stin\u012f stela\u017e\u0105 pagal jau pasirinkt\u0105 bazin\u0119 dal\u012f, pasirinkdami jo auk\u0161t\u012f, plot\u012f, gyl\u012f, lentyn\u0173 kiek\u012f.<\/li>\n<\/ul>\n<p>&nbsp;<\/p>\n<p>\u0160is universalus stela\u017eo modulis yra labai lengvai pritaikomas. Konstruokite stela\u017e\u0105 taip, kad jis tikt\u0173 individualiems J\u016bs\u0173 verslo poreikiams. Tokiu b\u016bdu padidinsite darbo produktyvum\u0105 ir na\u0161um\u0105. Stela\u017eas vienodai puikiai tinka tiek logistikai, sand\u0117liui ar dirbtuv\u0117ms, tiek prekybai ar biuro reikm\u0117ms. R\u0117mai pristatomi pilnai surinkti, tod\u0117l stela\u017e\u0105 sumontuosite ypa\u010d greitai. Tiesiog sukabinkite lentynas Jums patogiame auk\u0161tyje ir viskas \u2013 J\u016bs\u0173 stela\u017eas paruo\u0161tas naudojimui!<br \/>\nBazin\u0119 dal\u012f sudaro r\u0117mai su stabilizuojan\u010diais \u0161oniniais laikikliais bei lentynos. Lentyn\u0173 auk\u0161tis yra reguliuojamas ir kei\u010diamas itin paprastai. Tai leid\u017eia Jums modifikuoti ir keisti stela\u017e\u0105 priklausomai nuo poreiki\u0173. Galite rinktis skirting\u0173 gyli\u0173 lentynas ir komplektuoti modul\u012f su priedais ar papildomomis lentynomis.<\/p>\n<p><img decoding=\"async\" class=\"alignnone wp-image-8426\" src=\"https:\/\/hugas.lt\/wp-content\/uploads\/2020\/08\/sandelio-stelazas-300x170.jpg\" alt=\"sand\u0117lio stela\u017eas\" width=\"506\" height=\"286\" srcset=\"https:\/\/hugas.lt\/wp-content\/uploads\/2020\/08\/sandelio-stelazas-300x170.jpg 300w, https:\/\/hugas.lt\/wp-content\/uploads\/2020\/08\/sandelio-stelazas-768x436.jpg 768w, https:\/\/hugas.lt\/wp-content\/uploads\/2020\/08\/sandelio-stelazas-64x36.jpg 64w, https:\/\/hugas.lt\/wp-content\/uploads\/2020\/08\/sandelio-stelazas.jpg 993w\" sizes=\"(max-width: 506px) 100vw, 506px\" \/><img decoding=\"async\" class=\"alignnone wp-image-8427\" src=\"https:\/\/hugas.lt\/wp-content\/uploads\/2020\/08\/sandelio-stelazas-1-300x198.jpg\" alt=\"sand\u0117lio stela\u017eas\" width=\"430\" height=\"284\" srcset=\"https:\/\/hugas.lt\/wp-content\/uploads\/2020\/08\/sandelio-stelazas-1-300x198.jpg 300w, https:\/\/hugas.lt\/wp-content\/uploads\/2020\/08\/sandelio-stelazas-1-1024x676.jpg 1024w, https:\/\/hugas.lt\/wp-content\/uploads\/2020\/08\/sandelio-stelazas-1-768x507.jpg 768w, https:\/\/hugas.lt\/wp-content\/uploads\/2020\/08\/sandelio-stelazas-1-510x337.jpg 510w, https:\/\/hugas.lt\/wp-content\/uploads\/2020\/08\/sandelio-stelazas-1-64x42.jpg 64w, https:\/\/hugas.lt\/wp-content\/uploads\/2020\/08\/sandelio-stelazas-1.jpg 1259w\" sizes=\"(max-width: 430px) 100vw, 430px\" \/><\/p>","protected":false},"excerpt":{"rendered":"<p>Tvirtas, patikimas ir ilgaam\u017eis t\u0119stinis sand\u0117lio stela\u017eas Metalsistem.<\/p>\n<p>&nbsp;<\/p>","protected":false},"featured_media":7816,"comment_status":"open","ping_status":"closed","template":"","meta":[],"product_cat":[17,26],"product_tag":[],"_links":{"self":[{"href":"https:\/\/hugas.lt\/en\/wp-json\/wp\/v2\/product\/2949"}],"collection":[{"href":"https:\/\/hugas.lt\/en\/wp-json\/wp\/v2\/product"}],"about":[{"href":"https:\/\/hugas.lt\/en\/wp-json\/wp\/v2\/types\/product"}],"replies":[{"embeddable":true,"href":"https:\/\/hugas.lt\/en\/wp-json\/wp\/v2\/comments?post=2949"}],"wp:featuredmedia":[{"embeddable":true,"href":"https:\/\/hugas.lt\/en\/wp-json\/wp\/v2\/media\/7816"}],"wp:attachment":[{"href":"https:\/\/hugas.lt\/en\/wp-json\/wp\/v2\/media?parent=2949"}],"wp:term":[{"taxonomy":"product_cat","embeddable":true,"href":"https:\/\/hugas.lt\/en\/wp-json\/wp\/v2\/product_cat?post=2949"},{"taxonomy":"product_tag","embeddable":true,"href":"https:\/\/hugas.lt\/en\/wp-json\/wp\/v2\/product_tag?post=2949"}],"curies":[{"name":"wp","href":"https:\/\/api.w.org\/{rel}","templated":true}]}}